{"id":1489,"date":"2021-09-20T03:08:49","date_gmt":"2021-09-20T03:08:49","guid":{"rendered":"https:\/\/juspeticoes.com.br\/site\/?post_type=product&#038;p=1489"},"modified":"2021-09-21T02:00:05","modified_gmt":"2021-09-21T02:00:05","slug":"mandado-de-seguranca-repressivo-c-c-pedido-de-ordem-liminar-tributario","status":"publish","type":"product","link":"https:\/\/juspeticoes.com.br\/site\/produto\/mandado-de-seguranca-repressivo-c-c-pedido-de-ordem-liminar-tributario\/","title":{"rendered":"MANDADO DE SEGURAN\u00c7A REPRESSIVO c\/c PEDIDO DE ORDEM LIMINAR \u2013 TRIBUT\u00c1RIO"},"content":{"rendered":"<h4>Confira um trecho desse modelo:<\/h4>\n<p>&nbsp;<\/p>\n<p class=\"western\" align=\"justify\"><span style=\"font-family: Times New Roman, serif;\"><span style=\"color: #000000;\"><span style=\"font-family: Arial, sans-serif;\"><span style=\"font-size: small;\"><b>EXMO. SR. DR. JUIZ DE DIREITO DA ____\u00aa VARA DA FAZENDA P\u00daBLICA DA <\/b><\/span><\/span><\/span><span style=\"font-family: Arial, sans-serif;\"><span style=\"font-size: small;\"><b>COMARCA DE XXXXXXX \u2013 ESTADO DE XXXXXXXXXX<\/b><\/span><\/span><\/span><\/p>\n<p class=\"western\" align=\"justify\"><span style=\"font-family: Times New Roman, serif;\"><span style=\"font-family: Arial, sans-serif;\"><span style=\"font-size: small;\"><b>XXXXXXXXXX, <\/b><\/span><\/span><span style=\"font-family: Arial, sans-serif;\"><span style=\"font-size: small;\">pessoa jur\u00eddica de direito privado, inscrita no CNPJ\/MF sob o n\u00b0. XXXXXXX, com sede na XXXXXXXXXXXXX, com endere\u00e7o eletr\u00f4nico, e-mail: XXXXXXXXX, por seus advogados, constitu\u00eddos na forma dos documentos anexos, com escrit\u00f3rio profissional situado \u00e0 XXXXXXXXXX, com endere\u00e7o eletr\u00f4nico, e-mail: <\/span><\/span><span style=\"color: #0000ff;\"><a href=\"mailto:evany.santos@berenguer.adv.br\"><span style=\"color: #000000;\"><span style=\"font-family: Arial, sans-serif;\"><span style=\"font-size: small;\">XXXXXXXXXXXXX<\/span><\/span><\/span><\/a><\/span><span style=\"font-family: Arial, sans-serif;\"><span style=\"font-size: small;\">, vem, respeitosamente, \u00e0 presen\u00e7a de V. Exa., com fundamento no art. 5\u00ba, inciso LXIX da Constitui\u00e7\u00e3o Federal e nas disposi\u00e7\u00f5es da Lei n\u00ba 12.016\/2009, de 07.08.2009, impetrar o presente <\/span><\/span><\/span><\/p>\n<p class=\"western\" align=\"center\"><span style=\"font-family: Times New Roman, serif;\"><span style=\"font-family: Arial, sans-serif;\"><span style=\"font-size: small;\"><b>MANDADO DE SEGURAN\u00c7A REPRESSIVO <\/b><\/span><\/span><\/span><\/p>\n<p class=\"western\" align=\"center\"><span style=\"font-family: Times New Roman, serif;\"><span style=\"font-family: Arial, sans-serif;\"><span style=\"font-size: small;\"><b>c\/c PEDIDO DE ORDEM LIMINAR<\/b><\/span><\/span><\/span><\/p>\n<p class=\"western\" align=\"justify\"><span style=\"font-family: Times New Roman, serif;\"><span style=\"font-family: Arial, sans-serif;\"><span style=\"font-size: small;\">em face de ato coator iminente e certo praticado pela<\/span><\/span><b> <\/b><span style=\"color: #000000;\"><span style=\"font-family: Arial, sans-serif;\"><span style=\"font-size: small;\">XXXXXXXXXXX (\u00f3rg\u00e3o p\u00fablico municipal),<\/span><\/span><\/span> <span style=\"font-family: Arial, sans-serif;\"><span style=\"font-size: small;\">ou mesmo por quem lhes fa\u00e7am as vezes no exerc\u00edcio da coa\u00e7\u00e3o indevida,<\/span><\/span><span style=\"font-family: Arial, sans-serif;\"><span style=\"font-size: small;\"> com endere\u00e7o funcional na XXXXXXXXXXXXXXXX<\/span><\/span><span style=\"color: #000000;\"><span style=\"font-family: Arial, sans-serif;\"><span style=\"font-size: small;\">, com endere\u00e7o eletr\u00f4nico<\/span><\/span><\/span><span style=\"font-family: Arial, sans-serif;\"><span style=\"font-size: small;\"> not\u00f3rio e conhecido das serventias, diante dos elementos de fato e de direito a seguir expostos:<\/span><\/span><\/span><\/p>\n<p class=\"western\" align=\"right\"><span style=\"font-family: Times New Roman, serif;\"><span style=\"font-family: Arial, sans-serif;\"><span style=\"font-size: small;\"><b>I &#8211; <\/b><\/span><\/span><span style=\"font-family: Arial, sans-serif;\"><span style=\"font-size: small;\"><u><b>DO CABIMENTO <\/b><\/u><\/span><\/span><\/span><\/p>\n<p class=\"western\" align=\"justify\"><span style=\"font-family: Times New Roman, serif;\"><span style=\"color: #000000;\"><span style=\"font-family: Arial, sans-serif;\"><span style=\"font-size: small;\">O presente <\/span><\/span><\/span><span style=\"color: #000000;\"><span style=\"font-family: Arial, sans-serif;\"><span style=\"font-size: small;\"><i>mandamus<\/i><\/span><\/span><\/span><span style=\"color: #000000;\"><span style=\"font-family: Arial, sans-serif;\"><span style=\"font-size: small;\"> tem por objeto cessar a indevida negativa da Secretaria da Fazenda do Munic\u00edpio de XXXXXXXX em emitir o Alvar\u00e1 de Funcionamento do estabelecimento da <\/span><\/span><\/span><\/span><\/p>\n<p class=\"western\" align=\"justify\"><span style=\"font-family: Times New Roman, serif;\"><span style=\"color: #000000;\"><span style=\"font-family: Arial, sans-serif;\"><span style=\"font-size: small;\">Impetrante, sob o argumento de constar d\u00e9bitos em abertos inscritos no CADIN &#8211; Cadastro Informativo Municipal.<\/span><\/span><\/span><\/span><\/p>\n<p class=\"western\" align=\"justify\"><span style=\"font-family: Times New Roman, serif;\"><span style=\"color: #000000;\"><span style=\"font-family: Arial, sans-serif;\"><span style=\"font-size: small;\">A Constitui\u00e7\u00e3o Federal de 1988, ao tratar os direitos e deveres individuais e coletivos, emerge como ofensa direta \u00e0 liberdade, conduta que afronte o art. 5\u00ba, inciso XIII que assegura o livre exerc\u00edcio de qualquer trabalho:<\/span><\/span><\/span><\/span><\/p>\n<p class=\"western\" align=\"justify\"><span style=\"font-family: Times New Roman, serif;\"><span style=\"color: #000000;\"><span style=\"font-family: Arial, sans-serif;\"><span style=\"font-size: small;\">Ocorre que, por ato ofensivo da Secretaria da Fazenda deste Munic\u00edpio, a Impetrante vem sido compelida ao adimplemento de d\u00e9bitos tribut\u00e1rios como requisito para emiss\u00e3o do Alvar\u00e1 de Funcionamento. <\/span><\/span><\/span><\/span><\/p>\n<p class=\"western\" align=\"justify\"><span style=\"font-family: Times New Roman, serif;\"><span style=\"color: #000000;\"><span style=\"font-family: Arial, sans-serif;\"><span style=\"font-size: small;\">No entanto, ainda que fosse necess\u00e1ria a regularidade fiscal da Impetrante, a exig\u00eancia do \u00f3rg\u00e3o fazend\u00e1rio para este fim \u00e9 manifestadamente ilegal e inconstitucional, notadamente por se configurar como forma transversa de exig\u00eancia de tributo.<\/span><\/span><\/span><\/span><\/p>\n<p class=\"western\" align=\"justify\"><span style=\"font-family: Times New Roman, serif;\"><span style=\"color: #000000;\"><span style=\"font-family: Arial, sans-serif;\"><span style=\"font-size: small;\">A Impetrante n\u00e3o pode simplesmente finalizar suas atividades sob a negativa da emiss\u00e3o do Alvar\u00e1 e esperar at\u00e9 que o Estado cumpra sua fun\u00e7\u00e3o e os retire desse v\u00e1cuo legal terrivelmente comprometedor de toda a sua programa\u00e7\u00e3o or\u00e7ament\u00e1ria e empresarial.<\/span><\/span><\/span><\/span><\/p>\n<p class=\"western\" align=\"justify\"><span style=\"font-family: Times New Roman, serif;\"><span style=\"color: #000000;\"><span style=\"font-family: Arial, sans-serif;\"><span style=\"font-size: small;\">Importante esclarecer que essa situa\u00e7\u00e3o preocupa a Impetrante, no sentido que emerge ofensa \u00e0 garantia da liberdade do trabalho, tendo em vista a inexist\u00eancia de qualquer norma que condicione a libera\u00e7\u00e3o de Alvar\u00e1s de Funcionamento ao adimplemento de d\u00e9bitos tribut\u00e1rios.<\/span><\/span><\/span><\/span><\/p>\n<p class=\"western\" align=\"justify\"><span style=\"font-family: Times New Roman, serif;\"><span style=\"color: #000000;\"><span style=\"font-family: Arial, sans-serif;\"><span style=\"font-size: small;\">Neste contexto, \u00e9 not\u00f3rio o ato lesivo praticado pelo \u00f3rg\u00e3o municipal, contra direito l\u00edquido e certo do contribuinte, o qual deve cessar de forma imediata, tendo em vista que sua manuten\u00e7\u00e3o acarreta em preju\u00edzos constantes ao Impetrante.<\/span><\/span><\/span><\/span><\/p>\n<p class=\"western\" align=\"justify\"><span style=\"font-family: Times New Roman, serif;\"><span style=\"color: #000000;\"><span style=\"font-family: Arial, sans-serif;\"><span style=\"font-size: small;\">A Constitui\u00e7\u00e3o Federal de 1988 estabeleceu a garantia fundamental do Mandado de Seguran\u00e7a, conforme o seu artigo 5\u00ba, inciso LXIX, como meio jur\u00eddico adequado para a prote\u00e7\u00e3o de direito l\u00edquido e certo, decorrente de ato ilegal ou abusivo cometido pela autoridade p\u00fablica: <\/span><\/span><\/span><\/span><\/p>\n<p><span style=\"font-family: Garamond, serif;\"><span style=\"font-size: large;\"><b><span style=\"font-family: Arial, sans-serif;\"><span style=\"font-size: small;\">Art. 5\u00ba. LXIX &#8211; conceder-se-\u00e1 mandado de seguran\u00e7a para proteger direito l\u00edquido e certo, n\u00e3o amparado <\/span><\/span><\/b><\/span><\/span><\/p>\n<p><span style=\"font-family: Garamond, serif;\"><span style=\"font-size: large;\"><b><span style=\"font-family: Arial, sans-serif;\"><span style=\"font-size: small;\">por habeas corpus ou habeas data, quando o respons\u00e1vel pela ilegalidade ou abuso de poder for autoridade p\u00fablica ou agente de pessoa jur\u00eddica no exerc\u00edcio de atribui\u00e7\u00f5es do Poder P\u00fablico;<\/span><\/span><\/b><\/span><\/span><\/p>\n<p class=\"western\" align=\"justify\"><span style=\"font-family: Times New Roman, serif;\"><span style=\"color: #000000;\"><span style=\"font-family: Arial, sans-serif;\"><span style=\"font-size: small;\">Diante disso, alternativa n\u00e3o restou \u00e0 Impetrante, sen\u00e3o invocar atrav\u00e9s do presente <\/span><\/span><\/span><span style=\"color: #000000;\"><span style=\"font-family: Arial, sans-serif;\"><span style=\"font-size: small;\"><i>mandamus <\/i><\/span><\/span><\/span><span style=\"color: #000000;\"><span style=\"font-family: Arial, sans-serif;\"><span style=\"font-size: small;\">a interven\u00e7\u00e3o do MM. Ju\u00edzo para ter <\/span><\/span><\/span><span style=\"color: #000000;\"><span style=\"font-family: Arial, sans-serif;\"><span style=\"font-size: small;\"><u>assegurado o seu direito \u00e0 emiss\u00e3o do Alvar\u00e1 de Funcionamento do estabelecimento da Impetrante manifestadamente em raz\u00e3o do direito ao livre exerc\u00edcio de sua atividade econ\u00f4mica. <\/u><\/span><\/span><\/span><\/span><\/p>\n<p class=\"western\" align=\"right\"><span style=\"font-family: Times New Roman, serif;\"><span style=\"font-family: Arial, sans-serif;\"><span style=\"font-size: small;\"><b>II &#8211; <\/b><\/span><\/span><span style=\"font-family: Arial, sans-serif;\"><span style=\"font-size: small;\"><u><b>DO RESUMO DOS FATOS<\/b><\/u><\/span><\/span><\/span><\/p>\n","protected":false},"excerpt":{"rendered":"<ul>\n<li>\u00a0N\u00famero de p\u00e1ginas: 11<\/li>\n<li>\u00a0\u00daltima atualiza\u00e7\u00e3o: 2021<\/li>\n<li>\u00a0Sum\u00e1rio da peti\u00e7\u00e3o: Direito Tribut\u00e1rio. Mandado de Seguran\u00e7a Repressivo. Lan\u00e7amento Fiscal. Liminar<\/li>\n<\/ul>\n","protected":false},"featured_media":1493,"comment_status":"closed","ping_status":"closed","template":"","meta":{"_joinchat":[]},"product_brand":[],"product_cat":[115],"product_tag":[],"class_list":{"0":"post-1489","1":"product","2":"type-product","3":"status-publish","4":"has-post-thumbnail","6":"product_cat-tributario","8":"first","9":"instock","10":"downloadable","11":"shipping-taxable","12":"purchasable","13":"product-type-simple"},"_links":{"self":[{"href":"https:\/\/juspeticoes.com.br\/site\/wp-json\/wp\/v2\/product\/1489","targetHints":{"allow":["GET"]}}],"collection":[{"href":"https:\/\/juspeticoes.com.br\/site\/wp-json\/wp\/v2\/product"}],"about":[{"href":"https:\/\/juspeticoes.com.br\/site\/wp-json\/wp\/v2\/types\/product"}],"replies":[{"embeddable":true,"href":"https:\/\/juspeticoes.com.br\/site\/wp-json\/wp\/v2\/comments?post=1489"}],"wp:featuredmedia":[{"embeddable":true,"href":"https:\/\/juspeticoes.com.br\/site\/wp-json\/wp\/v2\/media\/1493"}],"wp:attachment":[{"href":"https:\/\/juspeticoes.com.br\/site\/wp-json\/wp\/v2\/media?parent=1489"}],"wp:term":[{"taxonomy":"product_brand","embeddable":true,"href":"https:\/\/juspeticoes.com.br\/site\/wp-json\/wp\/v2\/product_brand?post=1489"},{"taxonomy":"product_cat","embeddable":true,"href":"https:\/\/juspeticoes.com.br\/site\/wp-json\/wp\/v2\/product_cat?post=1489"},{"taxonomy":"product_tag","embeddable":true,"href":"https:\/\/juspeticoes.com.br\/site\/wp-json\/wp\/v2\/product_tag?post=1489"}],"curies":[{"name":"wp","href":"https:\/\/api.w.org\/{rel}","templated":true}]}}