{"id":1485,"date":"2021-09-20T03:02:59","date_gmt":"2021-09-20T03:02:59","guid":{"rendered":"https:\/\/juspeticoes.com.br\/site\/?post_type=product&#038;p=1485"},"modified":"2021-09-21T01:59:06","modified_gmt":"2021-09-21T01:59:06","slug":"excecao-de-pre-executividade","status":"publish","type":"product","link":"https:\/\/juspeticoes.com.br\/site\/produto\/excecao-de-pre-executividade\/","title":{"rendered":"EXCE\u00c7\u00c3O DE PR\u00c9-EXECUTIVIDADE"},"content":{"rendered":"<h4>Confira um trecho desse modelo:<\/h4>\n<p>&nbsp;<\/p>\n<h2 class=\"western\"><span style=\"font-family: Arial, sans-serif;\"><span style=\"font-size: small;\">EXCELENT\u00cdSSIMO (A) SENHOR (A) DR (A). JUIZ (A) DE DIREITO DA ______ VARA DA FAZENDA P\u00daBLICA DA COMARCA DE _______, ESTADO DE _________<\/span><\/span><\/h2>\n<p class=\"western\" align=\"justify\"><span style=\"font-family: Times New Roman, serif;\"><span style=\"font-size: medium;\"><span style=\"font-family: Arial, sans-serif;\"><span style=\"font-size: small;\"><b>Execu\u00e7\u00e3o Fiscal n\u00ba XXXXXXXXXXXX<\/b><\/span><\/span><\/span><\/span><\/p>\n<p class=\"western\" align=\"justify\">\n<p class=\"western\" align=\"justify\"><span style=\"font-family: Times New Roman, serif;\"><span style=\"font-size: medium;\"><span style=\"font-family: Arial, sans-serif;\"><span style=\"font-size: small;\"><b>XXXXXXXXXXX<\/b><\/span><\/span><span style=\"font-family: Arial, sans-serif;\"><span style=\"font-size: small;\">, j\u00e1 devidamente qualificada nos autos da A\u00e7\u00e3o de Execu\u00e7\u00e3o Fiscal cujo n\u00famero est\u00e1 citado acima, proposta pelo <\/span><\/span><span style=\"font-family: Arial, sans-serif;\"><span style=\"font-size: small;\"><b>MUNIC\u00cdPIO DE XXXXXXXXX<\/b><\/span><\/span><span style=\"font-family: Arial, sans-serif;\"><span style=\"font-size: small;\">, vem, por meio de advogados constitu\u00eddos mediante instrumento de mandato anexo, apresentar<\/span><\/span><\/span><\/span><\/p>\n<p class=\"western\" align=\"center\"><span style=\"font-family: Arial, sans-serif;\"><span style=\"font-size: small;\"><b>EXCE\u00c7\u00c3O DE PR\u00c9-EXECUTIVIDADE<\/b><\/span><\/span><\/p>\n<p class=\"western\" align=\"justify\"><span style=\"font-family: Times New Roman, serif;\"><span style=\"font-size: medium;\"><span style=\"font-family: Arial, sans-serif;\"><span style=\"font-size: small;\">conforme art. 5\u00ba, XXXV, LIV e LV da Constitui\u00e7\u00e3o Federal\/88 e S\u00famula 393 do Superior Tribunal de Justi\u00e7a, pelas raz\u00f5es de fato e de direito a seguir expostas.<\/span><\/span><\/span><\/span><\/p>\n<p class=\"western\" align=\"right\"><span style=\"font-family: Arial, sans-serif;\"><span style=\"font-size: small;\"><b>I \u2013 DOS FATOS<\/b><\/span><\/span><\/p>\n<p class=\"western\" align=\"justify\"><span style=\"font-family: Times New Roman, serif;\"><span style=\"font-size: medium;\"><span style=\"font-family: Arial, sans-serif;\"><span style=\"font-size: small;\">Em XX\/XX\/XXXXX a Excipiente tomou conhecimento do presente execut\u00f3rio, na qual consta a cobran\u00e7a de IPTU e Taxa de Lixo, relativos ao per\u00edodo de XXX a XXXX, supostamente devidos em face da propriedade de im\u00f3vel localizado na XXXXXXXXXXXX, inscrito no cadastro imobili\u00e1rio do Munic\u00edpio sob o n\u00ba XXXXXX e com matr\u00edcula n\u00ba XXXX, registrada no Cart\u00f3rio de XXX\u00ba registro de Im\u00f3veis.<\/span><\/span><\/span><\/span><\/p>\n<p class=\"western\" align=\"justify\"><span style=\"font-family: Times New Roman, serif;\"><span style=\"font-size: medium;\"><span style=\"font-family: Arial, sans-serif;\"><span style=\"font-size: small;\">Ocorre Merit\u00edssimo, que como se verifica da escritura do im\u00f3vel ora acostada aos autos, este im\u00f3vel pertence, em verdade, a <\/span><\/span><span style=\"font-family: Arial, sans-serif;\"><span style=\"font-size: small;\"><b>XXXXXXXXXXXXXXXX<\/b><\/span><\/span><span style=\"font-family: Arial, sans-serif;\"><span style=\"font-size: small;\">, nenhuma vincula\u00e7\u00e3o havendo com a Excipiente. <\/span><\/span><\/span><\/span><\/p>\n<p class=\"western\" align=\"justify\"><span style=\"font-family: Times New Roman, serif;\"><span style=\"font-size: medium;\"><span style=\"font-family: Arial, sans-serif;\"><span style=\"font-size: small;\">Nota-se que, o im\u00f3vel ao qual recai a presente cobran\u00e7a do tributo foi transferido \u00e0 <\/span><\/span><span style=\"font-family: Arial, sans-serif;\"><span style=\"font-size: small;\"><b>XXXXXXXXXXXX<\/b><\/span><\/span> <span style=\"font-family: Arial, sans-serif;\"><span style=\"font-size: small;\"><b>desde <\/b><\/span><\/span><span style=\"font-family: Arial, sans-serif;\"><span style=\"font-size: small;\"><u><b>XX de XXXX de XXXX<\/b><\/u><\/span><\/span><span style=\"font-family: Arial, sans-serif;\"><span style=\"font-size: small;\">, por meio de compra e venda realizada pela <\/span><\/span><span style=\"font-family: Arial, sans-serif;\"><span style=\"font-size: small;\"><b>XXXXXXXXXXXXXXXX<\/b><\/span><\/span><span style=\"font-family: Arial, sans-serif;\"><span style=\"font-size: small;\">, gerando a inscri\u00e7\u00e3o XXXXX, n\u00e3o sendo poss\u00edvel aferir qualquer responsabilidade pelos lan\u00e7amentos gerados entre os anos de XXXX a XXXX.<\/span><\/span><\/span><\/span><\/p>\n<p class=\"western\" align=\"justify\"><span style=\"font-family: Times New Roman, serif;\"><span style=\"font-size: medium;\"><span style=\"font-family: Arial, sans-serif;\"><span style=\"font-size: small;\">Nesse sentido, conforme restar\u00e1 demonstrado e comprovado a seguir, n\u00e3o h\u00e1 o que se falar em responsabilidade passiva da Excipiente, tendo em vista n\u00e3o ser propriet\u00e1rio do im\u00f3vel constante no presente execut\u00f3rio. Portanto, nenhum havendo nenhum v\u00ednculo com os cr\u00e9ditos tribut\u00e1rios exigidos.<\/span><\/span><\/span><\/span><\/p>\n<h2 class=\"western\" align=\"right\"><span style=\"font-family: Arial, sans-serif;\"><span style=\"font-size: small;\">II \u2013 DO DIREITO<\/span><\/span><\/h2>\n<h2 class=\"western\" align=\"right\"><span style=\"font-family: Arial, sans-serif;\"><span style=\"font-size: small;\">II.1 \u2013 A JURIDICIDADE DA INTERVEN\u00c7\u00c3O SEM EMBARGOS<\/span><\/span><\/h2>\n","protected":false},"excerpt":{"rendered":"<ul>\n<li>\u00a0N\u00famero de p\u00e1ginas: 8<\/li>\n<li>\u00daltima atualiza\u00e7\u00e3o: 2021<\/li>\n<li>\u00a0Sum\u00e1rio da peti\u00e7\u00e3o: Direito Tribut\u00e1rio. Exce\u00e7\u00e3o de Pr\u00e9-Executividade. Lan\u00e7amento Fiscal. IPTU<\/li>\n<\/ul>\n","protected":false},"featured_media":1491,"comment_status":"closed","ping_status":"closed","template":"","meta":{"_joinchat":[]},"product_brand":[],"product_cat":[115],"product_tag":[],"class_list":{"0":"post-1485","1":"product","2":"type-product","3":"status-publish","4":"has-post-thumbnail","6":"product_cat-tributario","8":"first","9":"instock","10":"downloadable","11":"shipping-taxable","12":"purchasable","13":"product-type-simple"},"_links":{"self":[{"href":"https:\/\/juspeticoes.com.br\/site\/wp-json\/wp\/v2\/product\/1485","targetHints":{"allow":["GET"]}}],"collection":[{"href":"https:\/\/juspeticoes.com.br\/site\/wp-json\/wp\/v2\/product"}],"about":[{"href":"https:\/\/juspeticoes.com.br\/site\/wp-json\/wp\/v2\/types\/product"}],"replies":[{"embeddable":true,"href":"https:\/\/juspeticoes.com.br\/site\/wp-json\/wp\/v2\/comments?post=1485"}],"wp:featuredmedia":[{"embeddable":true,"href":"https:\/\/juspeticoes.com.br\/site\/wp-json\/wp\/v2\/media\/1491"}],"wp:attachment":[{"href":"https:\/\/juspeticoes.com.br\/site\/wp-json\/wp\/v2\/media?parent=1485"}],"wp:term":[{"taxonomy":"product_brand","embeddable":true,"href":"https:\/\/juspeticoes.com.br\/site\/wp-json\/wp\/v2\/product_brand?post=1485"},{"taxonomy":"product_cat","embeddable":true,"href":"https:\/\/juspeticoes.com.br\/site\/wp-json\/wp\/v2\/product_cat?post=1485"},{"taxonomy":"product_tag","embeddable":true,"href":"https:\/\/juspeticoes.com.br\/site\/wp-json\/wp\/v2\/product_tag?post=1485"}],"curies":[{"name":"wp","href":"https:\/\/api.w.org\/{rel}","templated":true}]}}