{"id":1484,"date":"2021-09-20T02:58:53","date_gmt":"2021-09-20T02:58:53","guid":{"rendered":"https:\/\/juspeticoes.com.br\/site\/?post_type=product&#038;p=1484"},"modified":"2021-09-21T01:58:07","modified_gmt":"2021-09-21T01:58:07","slug":"recurso-de-apelacao-tributario","status":"publish","type":"product","link":"https:\/\/juspeticoes.com.br\/site\/produto\/recurso-de-apelacao-tributario\/","title":{"rendered":"RECURSO DE APELA\u00c7\u00c3O \u2013 TRIBUT\u00c1RIO"},"content":{"rendered":"<h4>Confira um trecho desse modelo:<\/h4>\n<p>&nbsp;<\/p>\n<p class=\"western\" align=\"justify\"><span style=\"font-family: Times New Roman, serif;\"><span style=\"font-size: medium;\"><span style=\"font-family: Arial, sans-serif;\"><span style=\"font-size: small;\"><b>EXCELENT\u00cdSSIMO (A) SENHOR (A) DOUTOR JUIZ (A) FEDERAL DA XX VARA C\u00cdVEL DA SUBSE\u00c7\u00c3O JUDICI\u00c1RIA DO ESTADO DE XXXXXXXX<\/b><\/span><\/span><\/span><\/span><\/p>\n<p class=\"western\" align=\"left\"><span style=\"font-family: Times New Roman, serif;\"><span style=\"font-size: medium;\"><span style=\"font-family: Arial, sans-serif;\"><span style=\"font-size: small;\"><b>Processo n\u00ba XXXXXXX<\/b><\/span><\/span><\/span><\/span><\/p>\n<p class=\"western\" align=\"justify\"><span style=\"font-family: Times New Roman, serif;\"><span style=\"font-size: medium;\"><span style=\"font-family: Arial, sans-serif;\"><span style=\"font-size: small;\"><b>XXXXXXXXXXXXXXXXX<\/b><\/span><\/span><span style=\"font-family: Arial, sans-serif;\"><span style=\"font-size: small;\">, inscrita no CNPJ\/MF sob o n\u00ba XXXXXXXXXXXX, sediada na Av. XXXXXXXXXXXXX, defendendo interesses seus, por seus advogados, constitu\u00eddos na forma dos documentos anexos, com escrit\u00f3rio profissional situado \u00e0 Rua XXXXXXXXX, com endere\u00e7o eletr\u00f4nico, e-mail: <\/span><\/span><span style=\"font-family: Arial, sans-serif;\"><span style=\"font-size: small;\"><u>XXXXXXXXXXX,<\/u><\/span><\/span> <span style=\"font-family: Arial, sans-serif;\"><span style=\"font-size: small;\">em face da decis\u00e3o que concedeu em parte os pedidos formulados no processo em ep\u00edgrafe, vem, de forma tempestiva, com base no art. 1.009 e segs. do C\u00f3digo de Processo Civil interpor <\/span><\/span><span style=\"font-family: Arial, sans-serif;\"><span style=\"font-size: small;\"><b>RECURSO DE APELA\u00c7\u00c3O<\/b><\/span><\/span><span style=\"font-family: Arial, sans-serif;\"><span style=\"font-size: small;\"> contra a referida decis\u00e3o, pelas raz\u00f5es de fato e de direito adiante expostas. <\/span><\/span><\/span><\/span><\/p>\n<p class=\"western\" align=\"justify\"><span style=\"font-family: Times New Roman, serif;\"><span style=\"font-size: medium;\"><span style=\"font-family: Arial, sans-serif;\"><span style=\"font-size: small;\">Desse modo, ap\u00f3s o cumprimento das formalidades legais e procedimentais, sejam os presentes autos remetidos para aprecia\u00e7\u00e3o da superior inst\u00e2ncia e recebido com seu duplo efeito, ao tempo em que, informa que o presente recurso segue acompanhado da respectiva guia e comprovante de pagamento de custas.<\/span><\/span><\/span><\/span><\/p>\n<p class=\"western\" align=\"center\"><span style=\"font-family: Times New Roman, serif;\"><span style=\"font-size: medium;\"><span style=\"font-family: Arial, sans-serif;\"><span style=\"font-size: small;\">Nestes Termos,<\/span><\/span><\/span><\/span><\/p>\n<p class=\"western\" align=\"center\"><span style=\"font-family: Arial, sans-serif;\"><span style=\"font-size: small;\">Pede e espera deferimento. <\/span><\/span><\/p>\n<p class=\"western\" align=\"center\"><span style=\"font-family: Times New Roman, serif;\"><span style=\"font-size: medium;\"><span style=\"font-family: Arial, sans-serif;\"><span style=\"font-size: small;\">Local, data de XXXX de XXXX.<\/span><\/span><\/span><\/span><\/p>\n<p class=\"western\" align=\"center\"><span style=\"font-family: Times New Roman, serif;\"><span style=\"font-size: medium;\"><span style=\"font-family: Arial, sans-serif;\"><span style=\"font-size: small;\"><b>NOME COMPLETO DO ADVOGADO<\/b><\/span><\/span><\/span><\/span><\/p>\n<p class=\"western\" align=\"center\"><span style=\"font-family: Times New Roman, serif;\"><span style=\"font-size: medium;\"><span style=\"font-family: Arial, sans-serif;\"><span style=\"font-size: small;\"><b>OAB\/XX N\u00ba XXXX<\/b><\/span><\/span><\/span><\/span><\/p>\n<p class=\"western\" align=\"left\">\n<p class=\"western\"><span style=\"font-family: Arial, sans-serif;\"><span style=\"font-size: small;\"><b>PROCESSO DE ORIGEM n\u00ba <\/b><\/span><\/span><span style=\"font-family: Arial, sans-serif;\"><span style=\"font-size: small;\"><b>XXXXXXXXXXX<\/b><\/span><\/span><\/p>\n<p class=\"western\"><span style=\"font-family: Arial, sans-serif;\"><span style=\"font-size: small;\"><b>APELANTE: XXXXXXXXXXXXXXXX<\/b><\/span><\/span><\/p>\n<p class=\"western\"><span style=\"font-family: Arial, sans-serif;\"><span style=\"font-size: small;\"><b>APELADO: XXXXXXXXXXXXXXXXXXX<\/b><\/span><\/span><\/p>\n<p class=\"western\" align=\"center\"><span style=\"font-family: Arial, sans-serif;\"><span style=\"font-size: small;\"><b>RAZ\u00d5ES DE APELA\u00c7\u00c3O<\/b><\/span><\/span><\/p>\n<p class=\"western\" align=\"justify\"><span style=\"font-family: Times New Roman, serif;\"><span style=\"font-size: medium;\"><span style=\"font-family: Arial, sans-serif;\"><span style=\"font-size: small;\"><b>Egr\u00e9gio Tribunal de Justi\u00e7a do Estado de XXXXXXX<\/b><\/span><\/span><\/span><\/span><\/p>\n<p class=\"western\" align=\"justify\"><span style=\"font-family: Arial, sans-serif;\"><span style=\"font-size: small;\"><b>Ilustres julgadores,<\/b><\/span><\/span><\/p>\n<p class=\"western\" align=\"right\"><span style=\"font-family: Arial, sans-serif;\"><span style=\"font-size: small;\"><b>I \u2013 <\/b><\/span><\/span><span style=\"font-family: Arial, sans-serif;\"><span style=\"font-size: small;\"><u><b>DOS PRESSUPOSTOS DE ADMISSIBILIDADE<\/b><\/u><\/span><\/span><\/p>\n<p class=\"western\" align=\"right\"><span style=\"font-family: Arial, sans-serif;\"><span style=\"font-size: small;\"><b>I.1. Da Tempestividade.<\/b><\/span><\/span><\/p>\n<p class=\"western\"><span style=\"font-family: Arial, sans-serif;\"><span style=\"font-size: small;\">Acerca dos prazos para interposi\u00e7\u00e3o de Recurso de Apela\u00e7\u00e3o e tendo em vista a data de publica\u00e7\u00e3o da senten\u00e7a proferida no processo em ep\u00edgrafe, tem-se a ser atendido o prazo previsto nos artigos 219 e 1.003, \u00a75\u00bado Novo C\u00f3digo de Processo Civil \u2013 Lei n\u00ba 13.105 de 16 de mar\u00e7o de 2015 \u2013 que assim disp\u00f5e:<\/span><\/span><\/p>\n<p align=\"justify\"><span style=\"font-family: Times New Roman, serif;\"><span style=\"font-size: medium;\"><span style=\"color: #000000;\"><span style=\"font-family: Arial, sans-serif;\"><span style=\"font-size: small;\"><i><b>Art. 219.<\/b><\/i><\/span><\/span><\/span><span style=\"color: #000000;\"><span style=\"font-family: Arial, sans-serif;\"><span style=\"font-size: small;\"><i> Na contagem de prazo em dias, estabelecido por lei ou pelo juiz, computar-se-\u00e3o somente os dias \u00fateis. <\/i><\/span><\/span><\/span><\/span><\/span><\/p>\n<p align=\"justify\"><span style=\"font-family: Arial, sans-serif;\"><span style=\"font-size: small;\"><i>Par\u00e1grafo \u00fanico. O disposto neste artigo aplica-se somente aos prazos processuais.<\/i><\/span><\/span><\/p>\n<p align=\"justify\"><span style=\"font-family: Times New Roman, serif;\"><span style=\"font-size: medium;\"><span style=\"color: #000000;\"><span style=\"font-family: Arial, sans-serif;\"><span style=\"font-size: small;\"><i><b>Art. 1.003.<\/b><\/i><\/span><\/span><\/span><span style=\"color: #000000;\"><span style=\"font-family: Arial, sans-serif;\"><span style=\"font-size: small;\"><i> \u00a0O prazo para interposi\u00e7\u00e3o de recurso conta-se da data em que os advogados, a sociedade de advogados, a Advocacia P\u00fablica, a Defensoria P\u00fablica ou o Minist\u00e9rio P\u00fablico s\u00e3o intimados da decis\u00e3o.<\/i><\/span><\/span><\/span><\/span><\/span><\/p>\n<p align=\"justify\"><span style=\"font-family: Arial, sans-serif;\"><span style=\"font-size: small;\">(&#8230;)<\/span><\/span><\/p>\n<p align=\"justify\"><span style=\"font-family: Times New Roman, serif;\"><span style=\"font-size: medium;\"><span style=\"color: #000000;\"><span style=\"font-family: Arial, sans-serif;\"><span style=\"font-size: small;\"><i>\u00a75<\/i><\/span><\/span><\/span><span style=\"color: #000000;\"><sup><span style=\"font-family: Arial, sans-serif;\"><span style=\"font-size: small;\"><i><u>o<\/u><\/i><\/span><\/span><\/sup><\/span><span style=\"color: #000000;\"><span style=\"font-family: Arial, sans-serif;\"><span style=\"font-size: small;\"><i>\u00a0<\/i><\/span><\/span><\/span><span style=\"color: #000000;\"><span style=\"font-family: Arial, sans-serif;\"><span style=\"font-size: small;\"><i>Excetuados os embargos de declara\u00e7\u00e3o, o prazo para interpor os recursos e para responder-lhes \u00e9 de 15 (quinze) dias.<\/i><\/span><\/span><\/span><\/span><\/span><\/p>\n<p class=\"western\"><a name=\"art1003\u00a76\"><\/a> <span style=\"font-family: Arial, sans-serif;\"><span style=\"font-size: small;\">(&#8230;)<\/span><\/span><\/p>\n<p class=\"western\"><span style=\"font-family: Arial, sans-serif;\"><span style=\"font-size: small;\">Assim, <\/span><\/span><span style=\"font-family: Arial, sans-serif;\"><span style=\"font-size: small;\">considerando a data da intima\u00e7\u00e3o, o \u00faltimo dia para apresenta\u00e7\u00e3o de Apela\u00e7\u00e3o \u00e9 no dia <\/span><\/span><span style=\"font-family: Arial, sans-serif;\"><span style=\"font-size: small;\"><u><b>XX\/XX\/XXXX<\/b><\/u><\/span><\/span><span style=\"font-family: Arial, sans-serif;\"><span style=\"font-size: small;\">, restando tempestivo o presente recurso, devendo este ser recebido e conhecido com seu efeito devolutivo e suspensivo, nos termos do art. 1012 e 1013 da Lei n\u00ba 13.015\/15 &#8211; Novo C\u00f3digo de Processo Civil.<\/span><\/span><\/p>\n<p class=\"western\" align=\"right\"><span style=\"font-family: Arial, sans-serif;\"><span style=\"font-size: small;\"><u><b>II \u2013 DO DIREITO<\/b><\/u><\/span><\/span><\/p>\n<p class=\"western\" align=\"justify\"><span style=\"font-family: Times New Roman, serif;\"><span style=\"font-size: medium;\"><span style=\"font-family: Arial, sans-serif;\"><span style=\"font-size: small;\">As Apelantes,<\/span><\/span><span style=\"font-family: Arial, sans-serif;\"><span style=\"font-size: small;\"> pessoas jur\u00eddicas de direito privado e tem como atividade principal <\/span><\/span><span style=\"font-family: Arial, sans-serif;\"><span style=\"font-size: small;\">XXXXXXXXX,<\/span><\/span><span style=\"font-family: Arial, sans-serif;\"><span style=\"font-size: small;\"> se sujeitando \u00e0 incid\u00eancia de ISS \u2013 Imposto Sobre Servi\u00e7os e ao recolhimento de contribui\u00e7\u00e3o ao Programa de Integra\u00e7\u00e3o Social \u2013 PIS e de Contribui\u00e7\u00e3o pra Financiamento da Seguridade Social \u2013 COFINS, incidentes sobre a receita bruta ou o faturamento, a depender da legisla\u00e7\u00e3o aplic\u00e1vel, conforme as Leis Complementares n\u00ba 7\/70 e n\u00ba 70\/91, Leis n\u00ba 9.718\/98, 10.637\/02, 10.833\/03, com altera\u00e7\u00f5es da Lei 12.973\/14.<\/span><\/span><\/span><\/span><\/p>\n<p class=\"western\" align=\"justify\"><span style=\"font-family: Times New Roman, serif;\"><span style=\"font-size: medium;\"><span style=\"font-family: Arial, sans-serif;\"><span style=\"font-size: small;\">Pois bem. A presente <\/span><\/span><span style=\"font-family: Arial, sans-serif;\"><span style=\"font-size: small;\"><i>a\u00e7\u00e3o XXXXXXXX <\/i><\/span><\/span><span style=\"font-family: Arial, sans-serif;\"><span style=\"font-size: small;\"> tem por objetivo <\/span><\/span><span style=\"font-family: Arial, sans-serif;\"><span style=\"font-size: small;\">afastar a incid\u00eancia do ISS na base de c\u00e1lculo do PIS e da COFINS, uma vez clara a manifesta viola\u00e7\u00e3o aos artigos 195, I, da Carta Magna, e pela viola\u00e7\u00e3o aos artigos 5\u00ba, II e XXXV, 145, \u00a71\u00ba, 150, VI, \u201ca\u201d e 158, IV,<\/span><\/span><\/span><\/span><\/p>\n","protected":false},"excerpt":{"rendered":"<ul>\n<li>\u00a0N\u00famero de p\u00e1ginas: 9<\/li>\n<li>\u00a0Ano da jurisprud\u00eancia: 2018<\/li>\n<li>\u00a0\u00daltima atualiza\u00e7\u00e3o: 2021<\/li>\n<li>\u00a0Sum\u00e1rio da peti\u00e7\u00e3o: Direito Tribut\u00e1rio. Apela\u00e7\u00e3o. Lan\u00e7amento Fiscal. ISS. PIS COFINS.<\/li>\n<\/ul>\n","protected":false},"featured_media":1487,"comment_status":"closed","ping_status":"closed","template":"","meta":{"_joinchat":[]},"product_brand":[],"product_cat":[115],"product_tag":[],"class_list":{"0":"post-1484","1":"product","2":"type-product","3":"status-publish","4":"has-post-thumbnail","6":"product_cat-tributario","8":"first","9":"instock","10":"downloadable","11":"shipping-taxable","12":"purchasable","13":"product-type-simple"},"_links":{"self":[{"href":"https:\/\/juspeticoes.com.br\/site\/wp-json\/wp\/v2\/product\/1484","targetHints":{"allow":["GET"]}}],"collection":[{"href":"https:\/\/juspeticoes.com.br\/site\/wp-json\/wp\/v2\/product"}],"about":[{"href":"https:\/\/juspeticoes.com.br\/site\/wp-json\/wp\/v2\/types\/product"}],"replies":[{"embeddable":true,"href":"https:\/\/juspeticoes.com.br\/site\/wp-json\/wp\/v2\/comments?post=1484"}],"wp:featuredmedia":[{"embeddable":true,"href":"https:\/\/juspeticoes.com.br\/site\/wp-json\/wp\/v2\/media\/1487"}],"wp:attachment":[{"href":"https:\/\/juspeticoes.com.br\/site\/wp-json\/wp\/v2\/media?parent=1484"}],"wp:term":[{"taxonomy":"product_brand","embeddable":true,"href":"https:\/\/juspeticoes.com.br\/site\/wp-json\/wp\/v2\/product_brand?post=1484"},{"taxonomy":"product_cat","embeddable":true,"href":"https:\/\/juspeticoes.com.br\/site\/wp-json\/wp\/v2\/product_cat?post=1484"},{"taxonomy":"product_tag","embeddable":true,"href":"https:\/\/juspeticoes.com.br\/site\/wp-json\/wp\/v2\/product_tag?post=1484"}],"curies":[{"name":"wp","href":"https:\/\/api.w.org\/{rel}","templated":true}]}}