{"id":1464,"date":"2021-09-20T02:31:13","date_gmt":"2021-09-20T02:31:13","guid":{"rendered":"https:\/\/juspeticoes.com.br\/site\/?post_type=product&#038;p=1464"},"modified":"2021-09-21T01:51:00","modified_gmt":"2021-09-21T01:51:00","slug":"acao-previdenciaria-para-concessao-de-pensao-por-morte-urbana-c-c-pagamento-das-parcelas-retroativas-a-data-do-requerimento-bem-como-pedido-cautelar-de-antecipacao-da-tutela-jurisdicional","status":"publish","type":"product","link":"https:\/\/juspeticoes.com.br\/site\/produto\/acao-previdenciaria-para-concessao-de-pensao-por-morte-urbana-c-c-pagamento-das-parcelas-retroativas-a-data-do-requerimento-bem-como-pedido-cautelar-de-antecipacao-da-tutela-jurisdicional\/","title":{"rendered":"A\u00c7\u00c3O PREVIDENCI\u00c1RIA PARA CONCESS\u00c3O DE PENS\u00c3O POR MORTE URBANA &#8211; C\/C PAGAMENTO DAS PARCELAS RETROATIVAS \u00c0 DATA DO REQUERIMENTO, BEM COMO PEDIDO CAUTELAR DE ANTECIPA\u00c7\u00c3O DA TUTELA JURISDICIONAL"},"content":{"rendered":"<h4>Confira um trecho desse modelo:<\/h4>\n<p>&nbsp;<\/p>\n<p class=\"western\" align=\"justify\"><span style=\"font-size: small;\"><b>MM. JUIZADO ESPECIAL CIVEL FEDERAL DA SUBSE\u00c7\u00c3O JUDICI\u00c1RIA DE CIDADE \u2013 ESTADO DA XXXXX<\/b><\/span><\/p>\n<p class=\"western\" align=\"justify\">\n<p class=\"western\" align=\"justify\">\n<p class=\"western\" align=\"justify\">\n<p class=\"western\" align=\"justify\">\n<p class=\"western\" align=\"justify\">\n<p class=\"western\" align=\"justify\">\n<p class=\"western\" align=\"justify\"><span style=\"font-size: small;\"><u><b>FULANO DE TAL<\/b><\/u>, brasileiro, vi\u00favo, maior e capaz, Carteira de Identidade n\u00ba. XXXXXXX XX SSP\/XX, inscrita no CPF sob o n\u00ba. XXX.XXX.XXX-XX, residente e domiciliado na Rua XXXX, n\u00ba XXX, Munic\u00edpio de CIDADE \u2013 Bahia; por seus procuradores e Advogados \u201c<i>in fine\u201d<\/i> assinados, legalmente constitu\u00eddos conforme instrumento procurat\u00f3rio em anexo, estabelecidos profissionalmente na Rua XXXXX, n\u00ba. XX, 1\u00ba Andar, Bairro, na Cidade de CIDADE, local onde recebem as intima\u00e7\u00f5es de praxe vem, respeitosamente \u00e0 presen\u00e7a de Vossa Excel\u00eancia<b> <\/b>propor a presente<b> <\/b><u><b>A\u00c7\u00c3O PREVIDENCI\u00c1RIA PARA CONCESS\u00c3O DE PENS\u00c3O POR MORTE URBANA &#8211; C\/C PAGAMENTO DAS PARCELAS RETROATIVAS \u00c0 DATA DO REQUERIMENTO, BEM COMO PEDIDO CAUTELAR DE ANTECIPA\u00c7\u00c3O DA TUTELA JURISDICIONAL<\/b><\/u><b>, <\/b>em<b> <\/b>face do<b> <\/b><u><b>INSTITUTO NACIONAL DO SEGURO SOCIAL<\/b><\/u><u> \u2013 <\/u><u><b>INSS<\/b><\/u>, Autarquia Federal com endere\u00e7o na Rua 33, s\/n, Loteamento Novo Horizonte, na cidade de CIDADE \u2013 Bahia, CEP: 44900.000, fazendo-o nas raz\u00f5es de ordem f\u00e1tica e seguir deduzidas:<\/span><\/p>\n<ol>\n<li>\n<p class=\"western\" align=\"right\"><span style=\"font-size: small;\"><u><b>PRELIMINARMENTE<\/b><\/u><b> <\/b><\/span><\/p>\n<\/li>\n<\/ol>\n<p class=\"western\" align=\"justify\">\n<p class=\"western\" align=\"justify\"><span style=\"font-size: small;\">Preliminarmente salienta o Requerente, nos termos da Lei 1.060\/50, que n\u00e3o disp\u00f5e de condi\u00e7\u00f5es financeiras em arcar com as custas processuais e honor\u00e1rios advocat\u00edcios sem preju\u00edzo do pr\u00f3prio sustento e de sua fam\u00edlia, motivo pelo qual requer os benef\u00edcios da Gratuidade Judici\u00e1ria. Nesse sentido \u00e9 o entendimento do Supremo Tribunal Federal:<\/span><\/p>\n<p class=\"western\" align=\"justify\"><span style=\"font-size: small;\"><i>A simples declara\u00e7\u00e3o de miserabilidade jur\u00eddica por parte do interessado \u00e9 suficiente para a comprova\u00e7\u00e3o desse estado, nos termos do art. 4\u00ba, \u00a7 1\u00ba, da Lei 1.060\/50.<\/i> (STF \u2013 RE 205.029\/RS \u2013 DJU de 07.03.97) <\/span><\/p>\n<p class=\"western\" align=\"justify\"><span style=\"font-size: small;\">Assim, junta DECLARA\u00c7\u00c3O DE POBREZA, e requer a Gratuidade Judici\u00e1ria.<\/span><\/p>\n<p class=\"western\" align=\"right\"><span style=\"font-size: small;\"><br \/>\n<b> 2. <\/b><u><b>DOS FATOS E <\/b><\/u><span style=\"color: #000000;\"><u><b>DO DIREITO \u00c0 CONCESS\u00c3O DO BENEF\u00cdCIO<\/b><\/u><\/span><\/span><\/p>\n","protected":false},"excerpt":{"rendered":"<ul>\n<li>N\u00famero de p\u00e1ginas: 10<\/li>\n<li>\u00daltima atualiza\u00e7\u00e3o: 2021<\/li>\n<li>\u00a0Sum\u00e1rio da peti\u00e7\u00e3o: A\u00e7\u00e3o Previdenci\u00e1ria. A\u00e7\u00e3o de Concess\u00e3o de Pens\u00e3o P\u00f3s Morte Urbana. Parcelas Retroativas. Antecipa\u00e7\u00e3o de Tutela<\/li>\n<\/ul>\n","protected":false},"featured_media":1468,"comment_status":"closed","ping_status":"closed","template":"","meta":{"_joinchat":[]},"product_brand":[],"product_cat":[114],"product_tag":[],"class_list":{"0":"post-1464","1":"product","2":"type-product","3":"status-publish","4":"has-post-thumbnail","6":"product_cat-previdenciario","8":"first","9":"instock","10":"downloadable","11":"shipping-taxable","12":"purchasable","13":"product-type-simple"},"_links":{"self":[{"href":"https:\/\/juspeticoes.com.br\/site\/wp-json\/wp\/v2\/product\/1464","targetHints":{"allow":["GET"]}}],"collection":[{"href":"https:\/\/juspeticoes.com.br\/site\/wp-json\/wp\/v2\/product"}],"about":[{"href":"https:\/\/juspeticoes.com.br\/site\/wp-json\/wp\/v2\/types\/product"}],"replies":[{"embeddable":true,"href":"https:\/\/juspeticoes.com.br\/site\/wp-json\/wp\/v2\/comments?post=1464"}],"wp:featuredmedia":[{"embeddable":true,"href":"https:\/\/juspeticoes.com.br\/site\/wp-json\/wp\/v2\/media\/1468"}],"wp:attachment":[{"href":"https:\/\/juspeticoes.com.br\/site\/wp-json\/wp\/v2\/media?parent=1464"}],"wp:term":[{"taxonomy":"product_brand","embeddable":true,"href":"https:\/\/juspeticoes.com.br\/site\/wp-json\/wp\/v2\/product_brand?post=1464"},{"taxonomy":"product_cat","embeddable":true,"href":"https:\/\/juspeticoes.com.br\/site\/wp-json\/wp\/v2\/product_cat?post=1464"},{"taxonomy":"product_tag","embeddable":true,"href":"https:\/\/juspeticoes.com.br\/site\/wp-json\/wp\/v2\/product_tag?post=1464"}],"curies":[{"name":"wp","href":"https:\/\/api.w.org\/{rel}","templated":true}]}}