{"id":1457,"date":"2021-09-20T02:29:45","date_gmt":"2021-09-20T02:29:45","guid":{"rendered":"https:\/\/juspeticoes.com.br\/site\/?post_type=product&#038;p=1457"},"modified":"2021-09-21T01:49:25","modified_gmt":"2021-09-21T01:49:25","slug":"acao-previdenciaria-para-concessao-de-pensao-por-morte-c-c-pagamento-das-parcelas-retroativas-com-pedido-de-liminar","status":"publish","type":"product","link":"https:\/\/juspeticoes.com.br\/site\/produto\/acao-previdenciaria-para-concessao-de-pensao-por-morte-c-c-pagamento-das-parcelas-retroativas-com-pedido-de-liminar\/","title":{"rendered":"A\u00c7\u00c3O PREVIDENCI\u00c1RIA PARA CONCESS\u00c3O DE PENS\u00c3O POR MORTE C\/C PAGAMENTO DAS PARCELAS RETROATIVAS, COM PEDIDO DE LIMINAR"},"content":{"rendered":"<p>Confira um trecho desse modelo:<\/p>\n<p class=\"western\" align=\"justify\"><span style=\"font-size: small;\"><b>AO JUIZADO ESPECIAL FEDERAL CIVEL DA SUBSE\u00c7\u00c3O JUDICI\u00c1RIA DE ______ &#8211; ESTADO DE ________<\/b><\/span><\/p>\n<p class=\"western\" align=\"justify\">\n<p class=\"western\" align=\"justify\">\n<p class=\"western\" align=\"justify\">\n<p class=\"western\" align=\"justify\"><span style=\"font-size: small;\"><u><b>AUTORA<\/b><\/u>, brasileira, vi\u00fava, agricultora, maior e capaz, Carteira de Identidade n\u00ba. XX.XXX.XXX-XX SSP\/XX, inscrita no CPF\/MF sob o n\u00ba. XXX.XXX.XXX-XX, residente e domiciliada no Munic\u00edpio de XXXXXX \u2013 XX, por sua procuradora <i>\u201cin fine\u201d<\/i> assinada, legalmente constitu\u00edda conforme instrumento procurat\u00f3rio em anexo, estabelecida profissionalmente na Rua XXXXX, n\u00ba. XX, Bairro XXX, na Cidade de CIDADE, local onde recebe as intima\u00e7\u00f5es de praxe vem, respeitosamente, \u00e0 presen\u00e7a de Vossa Excel\u00eancia<b> <\/b>propor a presente<b> <\/b><u><b>A\u00c7\u00c3O PREVIDENCI\u00c1RIA PARA CONCESS\u00c3O DE PENS\u00c3O POR MORTE C\/C PAGAMENTO DAS PARCELAS RETROATIVAS, COM PEDIDO DE LIMINAR<\/b><\/u><b>, <\/b>em<b> <\/b>face do<b> <\/b><u><b>INSTITUTO NACIONAL DO SEGURO SOCIAL<\/b><\/u><u> \u2013 <\/u><u><b>INSS<\/b><\/u>, Autarquia Federal com endere\u00e7o na Rua Trinta e Tr\u00eas, s\/n, na cidade de CIDADE \u2013 Bahia, CEP: 44900-000, fazendo-o nas raz\u00f5es de ordem f\u00e1tica e seguir deduzidas:<\/span><\/p>\n<p class=\"western\" align=\"justify\">\n<ol>\n<li>\n<p class=\"western\" align=\"right\"><span style=\"font-size: small;\"><u><b>PRELIMINARMENTE<\/b><\/u><b> <\/b><\/span><\/p>\n<\/li>\n<\/ol>\n<p class=\"western\" align=\"justify\"><span style=\"font-size: small;\">Preliminarmente salienta a Requerente, nos termos da Lei 1.060\/50, que n\u00e3o disp\u00f5e de condi\u00e7\u00f5es financeiras em arcar com as custas processuais e honor\u00e1rios advocat\u00edcios sem preju\u00edzo do pr\u00f3prio sustento e de sua fam\u00edlia, motivo pelo qual requer os benef\u00edcios da Gratuidade Judici\u00e1ria. Nesse sentido \u00e9 o entendimento do Supremo Tribunal Federal:<\/span><\/p>\n<p class=\"western\" align=\"justify\">\n<p class=\"western\" align=\"justify\"><span style=\"font-size: small;\"><i>A simples declara\u00e7\u00e3o de miserabilidade jur\u00eddica por parte do interessado \u00e9 suficiente para a comprova\u00e7\u00e3o desse estado, nos termos do art. 4\u00ba, \u00a7 1\u00ba, da Lei 1.060\/50.<\/i> (STF \u2013 RE 205.029\/RS \u2013 DJU de 07.03.97) <\/span><\/p>\n<p class=\"western\" align=\"justify\">\n<p class=\"western\" align=\"justify\"><span style=\"font-size: small;\">Assim, junta DECLARA\u00c7\u00c3O DE POBREZA e requer a Gratuidade Judici\u00e1ria.<\/span><\/p>\n<ol start=\"2\">\n<li>\n<p class=\"western\" align=\"right\"><span style=\"font-size: small;\"><u><b>DOS FATOS <\/b><\/u><\/span><\/p>\n<\/li>\n<\/ol>\n<p class=\"western\" align=\"justify\"><span style=\"font-size: small;\">O segurado instituidor, <u><b>XXXXXX XXXXX,<\/b><\/u> faleceu em XX\/XX\/20XX decorrente de tromboembolismo pulmonar, acidente vascular cerebral e infec\u00e7\u00e3o respirat\u00f3ria. Com o \u00f3bito do segurado, a Acionante, que era sua esposa, foi ao INSS para requerer a pens\u00e3o por morte que lhe \u00e9 devida. Contudo, teve o benef\u00edcio negado em XX\/XX\/20XX, tendo em vista que o instituidor do benef\u00edcio recebia benef\u00edcio assistencial e que, por esse motivo, n\u00e3o geraria direito ao benef\u00edcio previdenci\u00e1rio da pens\u00e3o por morte.<\/span><\/p>\n<p class=\"western\" align=\"justify\"><span style=\"font-size: small;\">Por\u00e9m, o instituidor falecido j\u00e1 teria cumprido em vida todos os requisitos para obter o direito a <b>APOSENTADORIA POR IDADE RURAL<\/b>, consoante farto conjunto probat\u00f3rio, sendo que <u><b>o INSS concedeu erroneamente o LOAS em 29\/01\/1997 e n\u00e3o auditou o benef\u00edcio do instituidor. Ademais, o grau de instru\u00e7\u00e3o tanto do instituidor, quanto da requerente, n\u00e3o possibilitou que eles entendessem que o benef\u00edcio estava incorreto.<\/b><\/u><\/span><\/p>\n<p class=\"western\" align=\"justify\"><span style=\"font-size: small;\">A quest\u00e3o \u00e9 que o INSS j\u00e1 foi beneficiado pelo segurado falecido que <u><b>n\u00e3o recebeu o melhor benef\u00edcio a que tinha direito<\/b><\/u>, deixando para a previd\u00eancia social os valores que lhe eram devidos, pois, na data do \u00f3bito, j\u00e1 tinha 75 anos. Mas isso jamais poder\u00e1 fazer com que a sua ESPOSA sobrevivente tenha seus direitos usurpados, como est\u00e1 sendo feito desde o \u00f3bito do instituidor em 20XX.<\/span><\/p>\n<ol start=\"3\">\n<li>\n<p class=\"western\" align=\"right\"><span style=\"font-size: small;\"><u><b>DO DIREITO<\/b><\/u><\/span><\/p>\n<\/li>\n<\/ol>\n<p class=\"western\" align=\"justify\">\n","protected":false},"excerpt":{"rendered":"<ul>\n<li>\u00a0N\u00famero de p\u00e1ginas: 6<\/li>\n<li>\u00daltima atualiza\u00e7\u00e3o: 2021<\/li>\n<li>\u00a0Sum\u00e1rio da peti\u00e7\u00e3o: A\u00e7\u00e3o Previdenci\u00e1ria. A\u00e7\u00e3o de Concess\u00e3o de Pens\u00e3o P\u00f3s Morte. Parcelas Retroativas. Liminar<\/li>\n<\/ul>\n","protected":false},"featured_media":1466,"comment_status":"closed","ping_status":"closed","template":"","meta":{"_joinchat":[]},"product_brand":[],"product_cat":[114],"product_tag":[],"class_list":{"0":"post-1457","1":"product","2":"type-product","3":"status-publish","4":"has-post-thumbnail","6":"product_cat-previdenciario","8":"first","9":"instock","10":"downloadable","11":"shipping-taxable","12":"purchasable","13":"product-type-simple"},"_links":{"self":[{"href":"https:\/\/juspeticoes.com.br\/site\/wp-json\/wp\/v2\/product\/1457","targetHints":{"allow":["GET"]}}],"collection":[{"href":"https:\/\/juspeticoes.com.br\/site\/wp-json\/wp\/v2\/product"}],"about":[{"href":"https:\/\/juspeticoes.com.br\/site\/wp-json\/wp\/v2\/types\/product"}],"replies":[{"embeddable":true,"href":"https:\/\/juspeticoes.com.br\/site\/wp-json\/wp\/v2\/comments?post=1457"}],"wp:featuredmedia":[{"embeddable":true,"href":"https:\/\/juspeticoes.com.br\/site\/wp-json\/wp\/v2\/media\/1466"}],"wp:attachment":[{"href":"https:\/\/juspeticoes.com.br\/site\/wp-json\/wp\/v2\/media?parent=1457"}],"wp:term":[{"taxonomy":"product_brand","embeddable":true,"href":"https:\/\/juspeticoes.com.br\/site\/wp-json\/wp\/v2\/product_brand?post=1457"},{"taxonomy":"product_cat","embeddable":true,"href":"https:\/\/juspeticoes.com.br\/site\/wp-json\/wp\/v2\/product_cat?post=1457"},{"taxonomy":"product_tag","embeddable":true,"href":"https:\/\/juspeticoes.com.br\/site\/wp-json\/wp\/v2\/product_tag?post=1457"}],"curies":[{"name":"wp","href":"https:\/\/api.w.org\/{rel}","templated":true}]}}