{"id":1456,"date":"2021-09-20T02:25:46","date_gmt":"2021-09-20T02:25:46","guid":{"rendered":"https:\/\/juspeticoes.com.br\/site\/?post_type=product&#038;p=1456"},"modified":"2021-09-21T02:04:32","modified_gmt":"2021-09-21T02:04:32","slug":"acao-previdenciaria-concessao-de-aposentadoria-por-tempo-especial","status":"publish","type":"product","link":"https:\/\/juspeticoes.com.br\/site\/produto\/acao-previdenciaria-concessao-de-aposentadoria-por-tempo-especial\/","title":{"rendered":"A\u00c7\u00c3O PREVIDENCI\u00c1RIA &#8211; CONCESS\u00c3O DE APOSENTADORIA POR TEMPO ESPECIAL"},"content":{"rendered":"<h4>Confira um trecho desse modelo:<\/h4>\n<p>&nbsp;<\/p>\n<p align=\"justify\"><span style=\"font-size: medium;\"><b>EXCELENT\u00cdSSIMO (A) SENHOR (A) DR (A) JUIZ (A) FEDERAL DA __\u00aa VARA FEDERAL DA SUBSE\u00c7\u00c3O JUDICI\u00c1RIA DE XXXXXXXX &#8211; XXXXXXXX<\/b><\/span><\/p>\n<p align=\"justify\">\n<p align=\"justify\">\n<p align=\"justify\">\n<p align=\"justify\">\n<p align=\"justify\"><span style=\"font-size: medium;\"><b>XXXXXXXXXXX, <\/b><\/span><span style=\"font-size: medium;\">brasileiro,<\/span><b> <\/b><span style=\"font-size: medium;\">XXXXXXXX, XXXXXXXXXX, portador da c\u00e9dula de identidade n\u00ba XXXXXXXX, inscrito no CPF sob o n\u00ba XXXXXXXX, domiciliado na Rua XXXXXXXXXX, por sua representante legal abaixo assinado e identificada <\/span><span style=\"font-size: medium;\"><b>(Doc. 01),<\/b><\/span><span style=\"font-size: medium;\"> com escrit\u00f3rio profissional situado \u00e0 Rua XXXXXXXXXXXX, com endere\u00e7o eletr\u00f4nico, e-mail: <\/span><span style=\"font-size: medium;\"><b>XXXXX<\/b><\/span><span style=\"font-size: medium;\">, vem, respeitosamente, \u00e0 presen\u00e7a de V. Exa., com fundamento no art. 201, da Constitui\u00e7\u00e3o Federal de 1988 e Lei n. 8213\/1991, propor a presente: <\/span><\/p>\n<p align=\"justify\">\n<p align=\"center\"><span style=\"font-size: large;\"><b>A\u00c7\u00c3O PREVIDENCI\u00c1RIA DE CONCESS\u00c3O DE APOSENTADORIA POR TEMPO DE CONTRIBUI\u00c7\u00c3O C\/C A CONVERS\u00c3O DO TEMPO DE SERVI\u00c7O ESPECIAL EM COMUM C\/C ANTECIPA\u00c7\u00c3O DE TUTELA<\/b><\/span><\/p>\n<p align=\"center\">\n<p align=\"justify\"><span style=\"font-size: medium;\">em face do <\/span><span style=\"font-size: medium;\"><b>INSTITUTO NACIONAL DO SEGURO SOCIAL<\/b><\/span><span style=\"font-size: medium;\">, pessoa jur\u00eddica de direito p\u00fablico, inscrita no Cadastro Nacional da Pessoa Jur\u00eddica sob o n. XXXXXXXXXX, representada pela Procuradoria Federal Especializada, localizada na Rua XXXXXXXXXXXX, com endere\u00e7o eletr\u00f4nico, e-mail: XXXXXXXX, pelas raz\u00f5es de fato e de direito a seguir expostas.<\/span><\/p>\n<p align=\"justify\">\n<ol type=\"I\">\n<li>\n<p align=\"right\"><span style=\"font-size: medium;\"><u><b>DA GRATUIDADE DA JUSTI\u00c7A<\/b><\/u><\/span><\/p>\n<\/li>\n<\/ol>\n<p align=\"justify\"><span style=\"font-size: medium;\">O Autor \u00e9 pessoa que n\u00e3o tem recursos suficientes para pagar as custas, despesas processuais e honor\u00e1rios advocat\u00edcios, sendo pessoa pobre na acep\u00e7\u00e3o jur\u00eddica do termo, com esteio da Lei n\u00ba 1.060\/50. Assim, a parte Autora faz jus ao direito \u00e0 gratuidade da justi\u00e7a.<\/span><\/p>\n<p align=\"justify\"><span style=\"font-size: medium;\">Consoante ao quanto previsto no art. 99, \u00a7 3\u00ba do CPC\/15, \u201cpresume-se verdadeira a alega\u00e7\u00e3o de insufici\u00eancia deduzida exclusivamente por pessoa natural\u201d. Ademais, tamb\u00e9m vale ressaltar que, conforme o \u00a7 2\u00ba do art. 99 do CPC\/15, ao Magistrado somente cabe indeferir o pedido se houver nos autos elementos que evidenciem a falta dos pressupostos legais para a concess\u00e3o de gratuidade.<\/span><\/p>\n<p align=\"justify\"><span style=\"font-size: medium;\">Assim, requer a concess\u00e3o do benef\u00edcio da gratuidade judici\u00e1ria, tamb\u00e9m chamada de benef\u00edcio da justi\u00e7a gratuita, com base nos arts. 98 e seguintes do CPC (Lei n\u00ba 13.105\/15) e no art. 5\u00ba, XXXV, LV e LXXIV da Constitui\u00e7\u00e3o Federal, tendo em vista n\u00e3o poder arcar com as despesas processuais, sem preju\u00edzo do sustento pr\u00f3prio ou da fam\u00edlia.<\/span><\/p>\n<p align=\"justify\">\n<ol start=\"2\" type=\"I\">\n<li>\n<p align=\"right\"><span style=\"font-size: medium;\"><u><b>DO INTERESSE DE AGIR<\/b><\/u><\/span><\/p>\n<\/li>\n<\/ol>\n<p align=\"justify\"><span style=\"font-size: medium;\">Preliminarmente, suscita-se que o interesse de agir pressup\u00f5e utilidade, necessidade e adequa\u00e7\u00e3o na busca da presta\u00e7\u00e3o jurisdicional. Presentes as condi\u00e7\u00f5es da a\u00e7\u00e3o, a demanda deve seguir o seu curso processual.<\/span><\/p>\n<p align=\"justify\"><span style=\"font-size: medium;\">Assim, tendo submetido a Autor a pretens\u00e3o administrativa do seu direito, mas sendo indeferido tal pleito, se faz necess\u00e1ria a proceder judicialmente com o requerimento da tutela que vise suprir a iminete lesao ao direito e ao acesso \u00e0 Justi\u00e7a pelo benefici\u00e1rio da Previd\u00eancia Social.<\/span><\/p>\n<p align=\"justify\"><span style=\"font-size: medium;\">Nesse sentido, \u00e9 posicionamento do Tribunal Regional Federal da 4\u00aa Regi\u00e3o \u00e9 pac\u00edfica em entender que a mera negativa do INSS caracteriza o interesse de agir, ainda que n\u00e3o haja requerimento expresso em relacao ao c\u00f4mputo de atividades esepciaisi ou n\u00e3o tenha o Segurado instruido o processo com todos os documentos h\u00e1beis \u00e0 comprova\u00e7\u00e3o do exerc\u00edcio de atividade em condi\u00e7\u00f5es especiais. Vejamos:<\/span><\/p>\n<p align=\"justify\">\n<p align=\"justify\"><span style=\"font-size: medium;\">PREVIDENCI\u00c1RIO. RECONHECIMENTO DE TEMPO DE SERVI\u00c7O ESPECIAL. PR\u00c9VIO REQUERIMENTO ADMINISTRATIVO. INTERESSE DE AGIR. APOSENTADORIA POR TEMPO DE CONTRIBUI\u00c7\u00c3O. 1. Mesmo que o segurado n\u00e3o tenha formulado na via administrativa pedido expresso de c\u00f4mputo de tempo de servi\u00e7o especial, cabe ao INSS, nos termos do art. 88 da Lei n\u00ba 8.213\/91, esclarecer e orientar o benefici\u00e1rio de seus direitos, apontando os elementos necess\u00e1rios \u00e0 concess\u00e3o do amparo da forma mais adequada. <\/span><span style=\"font-size: medium;\"><b>2. Tendo havido pr\u00e9vio indeferimento administrativo do pedido de concess\u00e3o de aposentadoria por tempo de contribui\u00e7\u00e3o, resta demonstrado o interesse processual da parte autora no tocante ao reconhecimento do tempo de servi\u00e7o especial. <\/b><\/span><\/p>\n<p align=\"justify\"><span style=\"font-size: medium;\">(TRF4, AG 5039282-78.2018.4.04.0000, TURMA REGIONAL SUPLEMENTAR DE SC, Relator JO\u00c3O BATISTA LAZZARI, juntado aos autos em 31\/01\/2019)<\/span><\/p>\n<p align=\"justify\">\n<p align=\"justify\"><span style=\"font-size: medium;\">***<\/span><\/p>\n<p align=\"justify\">\n<p align=\"justify\"><span style=\"font-size: medium;\">PREVIDENCI\u00c1RIO. APOSENTADORIA. RECONHECIMENTO DE TEMPO DE SERVI\u00c7O ESPECIAL. INTERESSE DE AGIR. Ainda que o processo administrativo n\u00e3o tenha sido instru\u00eddo com os documentos h\u00e1beis \u00e0 comprova\u00e7\u00e3o do exerc\u00edcio de atividade em condi\u00e7\u00f5es especiais, ou mesmo que o reconhecimento do tempo de servi\u00e7o especial n\u00e3o tenha sido objeto de requerimento, h\u00e1 interesse de agir. <\/span><\/p>\n<p align=\"justify\"><span style=\"font-size: medium;\">(TRF-4 &#8211; AG: 50353305720194040000 5035330-57.2019.4.04.0000, Relator: OSNI CARDOSO FILHO, Data de Julgamento: 03\/12\/2019, QUINTA TURMA)<\/span><\/p>\n<p align=\"justify\">\n<p align=\"justify\"><span style=\"font-size: medium;\">Outrossim, oportunamente, salienta-se que o Autor requereu, administrativamente, perante a parte Requerida, a concess\u00e3o da aposentadoria por tempo de contribui\u00e7\u00e3o, solicitando a convers\u00e3o dos per\u00edodos especiais em comum, juntando todos os documentos comprobat\u00f3rios, tais quais os PPP\u2019s \u2013 Perfis Profissiogr\u00e1ficos Previdenci\u00e1rios, sendo-lhe negado.<\/span><\/p>\n<p align=\"justify\"><span style=\"font-size: medium;\">Ressalta-se que o STJ \u2013 Superior Tribunal de Justi\u00e7a j\u00e1 decidiu no sentido que o PPP faz prova plena da atividade especial, n\u00e3o havendo necessidade de juntar o LTCAT \u2013 Laudo T\u00e9cnico de Condi\u00e7\u00f5es Ambientais de Trabalho, <\/span><span style=\"font-size: medium;\"><i>in verbis<\/i><\/span><span style=\"font-size: medium;\">:<\/span><\/p>\n<p align=\"justify\"><span style=\"font-size: medium;\">PEDIDO DE UNIFORMIZA\u00c7\u00c3O DE JURISPRUD\u00caNCIA. PREVIDENCI\u00c1RIO. <\/span><span style=\"font-size: medium;\"><b>COMPROVA\u00c7\u00c3O DE TEMPO DE SERVI\u00c7O ESPECIAL.<\/b><\/span><span style=\"font-size: medium;\"> RU\u00cdDO. P<\/span><span style=\"font-size: medium;\"><b>ERFIL PROFISSIOGR\u00c1FICO PREVIDENCI\u00c1RIO (PPP). APRESENTA\u00c7\u00c3O SIMULT\u00c2NEA DO RESPECTIVO LAUDO T\u00c9CNICO DE CONDI\u00c7\u00d5ES AMBIENTAIS DE TRABALHO (LTCAT). DESNECESSIDADE QUANDO AUSENTE ID\u00d4NEA IMPUGNA\u00c7\u00c3O AO CONTE\u00daDO DO PPP. <\/b><\/span><span style=\"font-size: medium;\">1. Em regra, trazido aos autos o Perfil Profissiogr\u00e1fico Previdenci\u00e1rio (PPP), dispens\u00e1vel se faz, para o reconhecimento e contagem do tempo de servi\u00e7o especial do segurado, a juntada do respectivo Laudo T\u00e9cnico de Condi\u00e7\u00f5es Ambientais de Trabalho (LTCAT), na medida que o PPP j\u00e1 \u00e9 elaborado com base nos dados existentes no LTCAT, ressalvando-se, entretanto, a necessidade da tamb\u00e9m apresenta\u00e7\u00e3o desse laudo quando idoneamente impugnado o conte\u00fado do PPP. 2. No caso concreto, conforme destacado no escorreito ac\u00f3rd\u00e3o da TNU, assim como no bem lan\u00e7ado pronunciamento do Parquet, n\u00e3o foi suscitada pelo \u00f3rg\u00e3o previdenci\u00e1rio nenhuma obje\u00e7\u00e3o espec\u00edfica \u00e0s informa\u00e7\u00f5es t\u00e9cnicas constantes do PPP anexado aos autos, n\u00e3o se podendo, por isso, recusar-lhe validade como meio de prova apto \u00e0 comprova\u00e7\u00e3o da exposi\u00e7\u00e3o do trabalhador ao agente nocivo &#8220;ru\u00eddo&#8221;. 3. Pedido de uniformiza\u00e7\u00e3o de jurisprud\u00eancia improcedente.<\/span><\/p>\n<p align=\"justify\"><span style=\"font-size: medium;\">(STJ &#8211; Pet: 10262 RS 2013\/0404814-0, Relator: Ministro S\u00c9RGIO KUKINA, Data de Julgamento: 08\/02\/2017, S1 &#8211; PRIMEIRA SE\u00c7\u00c3O, Data de Publica\u00e7\u00e3o: DJe 16\/02\/2017)<\/span><\/p>\n<p align=\"justify\"><span style=\"font-size: medium;\">Desta feita, resta clara as condi\u00e7\u00f5es da a\u00e7\u00e3o, aqui suscitada o interesse de agir, uma vez inquestion\u00e1vel a necess\u00e1ria pretens\u00e3o judicial aqui instaurada.<\/span><\/p>\n<p align=\"justify\">\n<p align=\"right\"><span style=\"font-size: medium;\"><b>III. <\/b><\/span><span style=\"font-size: medium;\"><u><b>S\u00cdNTESE DOS FATOS<\/b><\/u><\/span><\/p>\n<p align=\"justify\"><span style=\"font-size: medium;\">A Autor requereu, em XX\/XX\/XXXX, perante a Requerida, a concess\u00e3o da Aposentadoria por Tempo de Contribui\u00e7\u00e3o, processado sob o NB n. XXXXX, com protocolo de requerimento n. XXXXXXXXX uma vez que atingiu o tempo de contribui\u00e7\u00e3o necess\u00e1rio para aposentadoria com direito adquirido \u00e0s regras anteriores \u00e0 Emenda Constituicional n. 103\/19.<\/span><\/p>\n<p align=\"justify\"><span style=\"font-size: medium;\">Nota-se que a parte Autora, nascido em XX\/XX\/XXXX <\/span><span style=\"font-size: medium;\"><b>(Doc. XX)<\/b><\/span><span style=\"font-size: medium;\">, hoje com XX anos de iedade, contribui \u00e0 Precid\u00eancia Social desde Dezembro de XXXX, sendo que at\u00e9 a presente data possui diversos anos de contribui\u00e7\u00e3o, utilizando-se do c\u00f4mputo de per\u00edodos na seara rural, CTPS e da convers\u00e3o especial em comum. <\/span><span style=\"font-size: medium;\"><b>(Doc. XX)<\/b><\/span><span style=\"font-size: medium;\">.<\/span><\/p>\n<p align=\"justify\"><span style=\"font-size: medium;\">Vejamos tabela demonstrativa, abaixo, que, de forma objetiva, reproduz as atividades laborativas desenvolvidas pelo Sr. XXXXXXX:<\/span><\/p>\n<p align=\"justify\">\n<table width=\"849\" cellspacing=\"0\" cellpadding=\"11\">\n<tbody>\n<tr valign=\"top\">\n<td style=\"background: #bfbfbf;\" bgcolor=\"#bfbfbf\" width=\"317\">\n<p align=\"justify\"><span style=\"font-size: medium;\">Empregador<\/span><\/p>\n<\/td>\n<td style=\"background: #bfbfbf;\" bgcolor=\"#bfbfbf\" width=\"120\">\n<p align=\"justify\"><span style=\"font-size: medium;\">Admiss\u00e3o<\/span><\/p>\n<\/td>\n<td style=\"background: #bfbfbf;\" bgcolor=\"#bfbfbf\" width=\"120\">\n<p align=\"justify\"><span style=\"font-size: medium;\">Rescis\u00e3o<\/span><\/p>\n<\/td>\n<td style=\"background: #bfbfbf;\" bgcolor=\"#bfbfbf\" width=\"203\">\n<p align=\"justify\"><span style=\"font-size: medium;\">Cargo<\/span><\/p>\n<\/td>\n<\/tr>\n<tr valign=\"top\">\n<td width=\"317\"><\/td>\n<td width=\"120\"><\/td>\n<td width=\"120\"><\/td>\n<td width=\"203\"><\/td>\n<\/tr>\n<\/tbody>\n<\/table>\n<p align=\"justify\">\n<p align=\"justify\"><span style=\"font-size: medium;\">Em contrapartida ao pedido da parte Autora, este foi indeferido pela Autarquia R\u00e9 sob o argumento de falta de tempo de contribui\u00e7\u00e3o at\u00e9 a entrada da EC 103\/2019. Limitou-se a reconhecer apenas XX anos XX meses e X dias de contribui\u00e7\u00e3o pelo Autor, deixando de enquadrar os per\u00edodos laborados em condi\u00e7\u00f5es especiais, ainda que comprovados, a fim de completar o tempo de servi\u00e7o para concess\u00e3o da aposentadoria por tempo de contribu\u00e7\u00e3o. <\/span><\/p>\n<p align=\"justify\"><span style=\"font-size: medium;\">A seguir demonstrada a referida decis\u00e3o:<\/span><\/p>\n<p align=\"justify\">\n<p align=\"justify\"><span style=\"font-size: medium;\"><b>(INCLUIR DECIS\u00c3O)<\/b><\/span><\/p>\n<p align=\"justify\">\n<p align=\"justify\"><span style=\"font-size: medium;\">Insta pontuar que, as condi\u00e7\u00f5es especiais, das quais comprova nos autos administrativo e judicial, exp\u00f5e condi\u00e7\u00f5es nocivas \u00e0 sua sa\u00fade e \u00e0 sua integridade f\u00edsica, acima dos limites legais, o que de pronto deveria ser analisado e deferido.<\/span><\/p>\n<p align=\"justify\"><span style=\"font-size: medium;\">Diante desse cen\u00e1rio de inseguran\u00e7a e grave risco ao Segurado, a parte Autora entende que a negativa do INSS n\u00e3o pode subsistir, tendo em vista que as provas dos autos, bem como as que eventualmente ser\u00e3o produzidas, comprovam que o Autor faz jus a aposentadoria por tempo de contribuicao, devendo ser deferida a convers\u00e3o dos per\u00edosos especiais em comuns para contagem do per\u00edodo de contribui\u00e7\u00e3o. <\/span><\/p>\n<p align=\"justify\"><span style=\"font-size: medium;\">Assim, diante de todos os fatos narrados, e tendo a parte Autora esgotado todos os meios suas\u00f3rios para o dirimir a situa\u00e7\u00e3o, n\u00e3o restou outra alternativa, sen\u00e3o recorrer ao Judici\u00e1rio para resguardar os direitos do Segurado e atingir, efetivamente, a Justi\u00e7a.<\/span><\/p>\n<p align=\"justify\"><span style=\"font-size: medium;\">Passa-se aos inquestion\u00e1veis fundamentos de direito que prevalecem em favor da parte autora. <\/span><\/p>\n<p align=\"justify\">\n<p align=\"justify\">\n<ol start=\"4\" type=\"I\">\n<li>\n<p align=\"right\"><span style=\"font-size: medium;\"><u><b>DO DIREITO<\/b><\/u><\/span><\/p>\n<\/li>\n<\/ol>\n","protected":false},"excerpt":{"rendered":"<ul>\n<li>A\u00e7\u00e3o Previdenci\u00e1ria de concess\u00e3o de aposentadoria por tempo de contribui\u00e7\u00e3o C\/C a convers\u00e3o do tempo de servi\u00e7o especial em comum C\/C Antecipa\u00e7\u00e3o de tutela<\/li>\n<li>\u00a0N\u00famero de p\u00e1ginas: 25<\/li>\n<li>\u00a0Ano da jurisprud\u00eancia: 2020<\/li>\n<li>\u00a0\u00daltima atualiza\u00e7\u00e3o: 2021<\/li>\n<li>\u00a0Sum\u00e1rio da peti\u00e7\u00e3o: A\u00e7\u00e3o Previdenci\u00e1ria. A\u00e7\u00e3o de Concess\u00e3o de Aposentadoria. Tempo de Contribui\u00e7\u00e3o. Convers\u00e3o do Tempo Especial. Antecipa\u00e7\u00e3o de Tutela.<\/li>\n<\/ul>\n","protected":false},"featured_media":1459,"comment_status":"closed","ping_status":"closed","template":"","meta":{"_joinchat":[]},"product_brand":[],"product_cat":[114],"product_tag":[],"class_list":{"0":"post-1456","1":"product","2":"type-product","3":"status-publish","4":"has-post-thumbnail","6":"product_cat-previdenciario","8":"first","9":"instock","10":"downloadable","11":"shipping-taxable","12":"purchasable","13":"product-type-simple"},"_links":{"self":[{"href":"https:\/\/juspeticoes.com.br\/site\/wp-json\/wp\/v2\/product\/1456","targetHints":{"allow":["GET"]}}],"collection":[{"href":"https:\/\/juspeticoes.com.br\/site\/wp-json\/wp\/v2\/product"}],"about":[{"href":"https:\/\/juspeticoes.com.br\/site\/wp-json\/wp\/v2\/types\/product"}],"replies":[{"embeddable":true,"href":"https:\/\/juspeticoes.com.br\/site\/wp-json\/wp\/v2\/comments?post=1456"}],"wp:featuredmedia":[{"embeddable":true,"href":"https:\/\/juspeticoes.com.br\/site\/wp-json\/wp\/v2\/media\/1459"}],"wp:attachment":[{"href":"https:\/\/juspeticoes.com.br\/site\/wp-json\/wp\/v2\/media?parent=1456"}],"wp:term":[{"taxonomy":"product_brand","embeddable":true,"href":"https:\/\/juspeticoes.com.br\/site\/wp-json\/wp\/v2\/product_brand?post=1456"},{"taxonomy":"product_cat","embeddable":true,"href":"https:\/\/juspeticoes.com.br\/site\/wp-json\/wp\/v2\/product_cat?post=1456"},{"taxonomy":"product_tag","embeddable":true,"href":"https:\/\/juspeticoes.com.br\/site\/wp-json\/wp\/v2\/product_tag?post=1456"}],"curies":[{"name":"wp","href":"https:\/\/api.w.org\/{rel}","templated":true}]}}