{"id":1452,"date":"2021-09-20T02:18:04","date_gmt":"2021-09-20T02:18:04","guid":{"rendered":"https:\/\/juspeticoes.com.br\/site\/?post_type=product&#038;p=1452"},"modified":"2021-09-21T01:45:36","modified_gmt":"2021-09-21T01:45:36","slug":"acao-de-revisao-de-beneficio-previdenciario","status":"publish","type":"product","link":"https:\/\/juspeticoes.com.br\/site\/produto\/acao-de-revisao-de-beneficio-previdenciario\/","title":{"rendered":"A\u00c7\u00c3O DE REVIS\u00c3O DE BENEF\u00cdCIO PREVIDENCI\u00c1RIO"},"content":{"rendered":"<h4>Confira um trecho desse modelo:<\/h4>\n<p>&nbsp;<\/p>\n<p align=\"justify\"><span style=\"font-family: Arial, serif;\"><span style=\"font-size: small;\"><span lang=\"pt-BR\"><b>EXCELENT\u00cdSSIMO (A) SENHOR (A) DOUTOR (A) JUIZ (A)DE DIREITO DA ___ VARA FEDERAL C\u00cdVEL\/PREVIDENCI\u00c1RIA DA SUBSE\u00c7\u00c3O DE ___ DO ESTADO ____<\/b><\/span><\/span><\/span><\/p>\n<p align=\"justify\"><span style=\"font-family: Arial, serif;\"><span style=\"font-size: small;\"><span lang=\"pt-BR\"><b>XXXXXXXXXXXXXX<\/b><\/span><\/span><\/span><span style=\"font-family: Arial, serif;\"><span style=\"font-size: small;\"><span lang=\"pt-BR\">, (nacionalidade), (estado civil), (indicar se h\u00e1 uni\u00e3o est\u00e1vel), (profiss\u00e3o), portador (a) do documento de identidade sob o n.\u00ba XXXX e CPF sob o n.\u00ba XXXXX, endere\u00e7o eletr\u00f4nico XXXXXX, residente e domiciliado (a) na Rua XXXXXX, Bairro XXXXXX Cidade XXXXX Estado XXXXXX, vem mui respeitosamente \u00e0 presen\u00e7a de Vossa Excel\u00eancia, propor<\/span><\/span><\/span><\/p>\n<p align=\"center\"><span style=\"font-family: Arial, serif;\"><span style=\"font-size: small;\"><span lang=\"pt-BR\"><b>A\u00c7\u00c3O DE REVIS\u00c3O DE BENEF\u00cdCIO PREVIDENCI\u00c1RIO<\/b><\/span><\/span><\/span><\/p>\n<p align=\"justify\"><span style=\"font-family: Arial, serif;\"><span style=\"font-size: small;\"><span lang=\"pt-BR\">em face do <\/span><\/span><\/span><span style=\"font-family: Arial, serif;\"><span style=\"font-size: small;\"><span lang=\"pt-BR\"><b>INSTITUTO NACIONAL DO SEGURO SOCIAL \u2013 INSS<\/b><\/span><\/span><\/span><span style=\"font-family: Arial, serif;\"><span style=\"font-size: small;\"><span lang=\"pt-BR\">, pessoa jur\u00eddica de direito p\u00fablico, inscrito no CNPJ n. 16.727.230.0001-97, na pessoa do seu representante legal, com sede na Rua XXXXXXX, Bairro XXXXX, Cidade XXXXXX, Estado XXXXX, CEP XXXXX, pelas raz\u00f5es e motivos de fato e de direito a seguir aduzidos.<\/span><\/span><\/span><\/p>\n<p align=\"right\"><span style=\"font-family: Arial, serif;\"><span style=\"font-size: small;\"><span lang=\"pt-BR\"><b>1. DOS FATOS<\/b><\/span><\/span><\/span><\/p>\n<p align=\"justify\"><span style=\"font-family: Arial, serif;\"><span style=\"font-size: small;\"><span lang=\"pt-BR\">A parte Autora atualmente percebe benef\u00edcio de aposentadoria por tempo de contribui\u00e7\u00e3o (NB 42\/XXX), com DER em XX\/XX\/XXXX, obtido ap\u00f3s o devido processo administrativo.<\/span><\/span><\/span><\/p>\n<p align=\"justify\"><span style=\"font-family: Arial, serif;\"><span style=\"font-size: small;\"><span lang=\"pt-BR\">Todavia, a Autarquia-R\u00e9 deixou de considerar, no c\u00e1lculo do benef\u00edcio deferido, o per\u00edodo laborado pela Autora entre XX\/XX\/XXXX at\u00e9 XX\/XX\/XXXX, junto a empresa XXXXXX, no cargo de XXXXX, o qual foi exercido em regime de atividade especial.<\/span><\/span><\/span><\/p>\n<p align=\"justify\"><span style=\"font-family: Arial, serif;\"><span style=\"font-size: small;\"><span lang=\"pt-BR\">Isto porque, no desempenho de suas atividades, a Requerente estava exposto a XXXXXX (citar agentes nocivos), ficando sujeito a tais agentes agressivos de modo habitual e permanente, conforme demonstram os documentos carreados ao processo administrativo, que segue anexo <\/span><\/span><\/span><span style=\"font-family: Arial, serif;\"><span style=\"font-size: small;\"><span lang=\"pt-BR\"><b>(Doc. <\/b><\/span><\/span><\/span><span style=\"font-family: Arial, serif;\"><span style=\"font-size: small;\"><b>XX).<\/b><\/span><\/span><\/p>\n<p align=\"justify\"><span style=\"font-family: Arial, serif;\"><span style=\"font-size: small;\">Tal per\u00edodo deveria ter sido majorado de acordo com os dispositivos legais pertinentes ao caso para, ap\u00f3s, ser somado ao restante do tempo de contribui\u00e7\u00e3o da parte Autora, o que n\u00e3o foi observado pela R\u00e9 no c\u00e1lculo da RMI do benef\u00edcio.<\/span><\/span><\/p>\n<p align=\"justify\"><span style=\"font-family: Arial, serif;\"><span style=\"font-size: small;\">Desta forma, analisando os documentos acostados na Inicial, extrai-se que a Requerente laborou um total de XX anos, XX meses e XXX dias, dentre os quais laborou durante XX anos, XX meses e XX dias em atividades que comprometiam sua sa\u00fade.<\/span><\/span><\/p>\n<p align=\"justify\"><span style=\"font-family: Arial, serif;\"><span style=\"font-size: small;\">Logo, inconformada com \u00e0 omiss\u00e3o cometida pela Autarquia-R\u00e9 ao n\u00e3o considerar o per\u00edodo que laborou em atividade especial compreendido entre XX\/XX\/XXXX at\u00e9 XX\/XX\/XXXX, vem a parte Autora, perante Vossa Excel\u00eancia, requerer a majora\u00e7\u00e3o do tempo exercido em atividade especial para sua posterior soma ao restante do tempo de contribui\u00e7\u00e3o laborado por aquele, aumentando-se, por consequ\u00eancia, seu tempo total de contribui\u00e7\u00e3o e o coeficiente de c\u00e1lculo utilizado no benef\u00edcio j\u00e1 percebido.<\/span><\/span><\/p>\n<p align=\"justify\"><span style=\"font-family: Arial, serif;\"><span style=\"font-size: small;\">Ressalta-se que a parte Autora requer que lhe seja <\/span><\/span><span style=\"font-family: Arial, serif;\"><span style=\"font-size: small;\"><b>garantida a revis\u00e3o do benef\u00edcio previdenci\u00e1rio em sua forma mais vantajosa<\/b><\/span><\/span><span style=\"font-family: Arial, serif;\"><span style=\"font-size: small;\">, devendo o INSS proceder o pagamento das parcelas vencidas desde a DER (origin\u00e1ria ou relativizada), com \u00e0 incid\u00eancia dos consect\u00e1rios legais: corre\u00e7\u00e3o monet\u00e1ria pelo INPC e juros de mora de 1% (um por cento) ao m\u00eas.<\/span><\/span><\/p>\n<p align=\"right\"><span style=\"font-family: Arial, serif;\"><span style=\"font-size: small;\"><b>2. DOS FUNDAMENTOS DE DIREITO<\/b><\/span><\/span><\/p>\n<p align=\"justify\"><span style=\"font-family: Arial, serif;\"><span style=\"font-size: small;\">Preambularmente, antes de adentrarmos na possibilidade ou n\u00e3o de convers\u00e3o do tempo de atividade especial em tempo comum, necess\u00e1rio averiguar se, de fato, o per\u00edodo em discuss\u00e3o foi laborado sob condi\u00e7\u00f5es especiais.<\/span><\/span><\/p>\n<p align=\"justify\"><span style=\"font-family: Arial, serif;\"><span style=\"font-size: small;\">Acerca do exerc\u00edcio de atividades especiais, importante destacar que se aplica a lei vigente \u00e0 \u00e9poca em que exercido, passando a integrar, como direito adquirido, o patrim\u00f4nio jur\u00eddico do trabalhador.<\/span><\/span><\/p>\n<p align=\"justify\"><span style=\"font-family: Arial, serif;\"><span style=\"font-size: small;\">Desse modo, uma vez prestado o servi\u00e7o, o segurado adquire o direito \u00e0 sua contagem pela legisla\u00e7\u00e3o ent\u00e3o vigente, n\u00e3o podendo ser prejudicado pela lei nova. Nesse sentido, ali\u00e1s, \u00e9 a orienta\u00e7\u00e3o adotada pela Terceira Se\u00e7\u00e3o do Egr\u00e9gio Superior Tribunal de Justi\u00e7a (AGRESP 493.458\/RS, Rel. Min. Gilson Dipp, 5\u00aa Turma, DJU 23\/06\/2003, e REsp 491.338\/RS, Rel. Min. Hamilton Carvalhido, 6\u00aa Turma, DJU 23\/06\/2003), a qual passou a ter previs\u00e3o legislativa expressa com a edi\u00e7\u00e3o do Decreto n. <\/span><\/span><span style=\"color: #4f81bd;\"><a href=\"https:\/\/www.jusbrasil.com.br\/legislacao\/98360\/decreto-4827-03\"><span style=\"color: #000000;\"><span style=\"font-family: Arial, serif;\"><span style=\"font-size: small;\">4.827<\/span><\/span><\/span><\/a><\/span><span style=\"font-family: Arial, serif;\"><span style=\"font-size: small;\">\/03, que inseriu o <\/span><\/span><span style=\"color: #4f81bd;\"><a href=\"https:\/\/www.jusbrasil.com.br\/topicos\/11751394\/par%C3%A1grafo-1-artigo-70-do-decreto-n-3048-de-06-de-maio-de-1999\"><span style=\"color: #000000;\"><span style=\"font-family: Arial, serif;\"><span style=\"font-size: small;\">\u00a7 1\u00ba<\/span><\/span><\/span><\/a><\/span><span style=\"font-family: Arial, serif;\"><span style=\"font-size: small;\"> no art. <\/span><\/span><span style=\"color: #4f81bd;\"><a href=\"https:\/\/www.jusbrasil.com.br\/topicos\/11751415\/artigo-70-do-decreto-n-3048-de-06-de-maio-de-1999\"><span style=\"color: #000000;\"><span style=\"font-family: Arial, serif;\"><span style=\"font-size: small;\">70<\/span><\/span><\/span><\/a><\/span><span style=\"font-family: Arial, serif;\"><span style=\"font-size: small;\"> do Decreto n. <\/span><\/span><span style=\"color: #4f81bd;\"><a href=\"https:\/\/www.jusbrasil.com.br\/legislacao\/1036329\/regulamento-da-previd%C3%AAncia-social-decreto-3048-99\"><span style=\"color: #000000;\"><span style=\"font-family: Arial, serif;\"><span style=\"font-size: small;\">3.048<\/span><\/span><\/span><\/a><\/span><span style=\"font-family: Arial, serif;\"><span style=\"font-size: small;\">\/99, <\/span><\/span><span style=\"font-family: Arial, serif;\"><span style=\"font-size: small;\"><i>in verbis<\/i><\/span><\/span><span style=\"font-family: Arial, serif;\"><span style=\"font-size: small;\">:<\/span><\/span><\/p>\n<p align=\"justify\"><span style=\"font-family: Arial, serif;\"><span style=\"font-size: small;\">A caracteriza\u00e7\u00e3o e a comprova\u00e7\u00e3o do tempo de atividade sob condi\u00e7\u00f5es especiais obedecer\u00e1 ao disposto na legisla\u00e7\u00e3o em vigor na \u00e9poca da presta\u00e7\u00e3o do servi\u00e7o. (Inclu\u00eddo pelo Decreto n\u00ba 4.827, de 2003).<\/span><\/span><\/p>\n<p align=\"justify\"><span style=\"font-family: Arial, serif;\"><span style=\"font-size: small;\">Isso assentado, e tendo em vista a diversidade de diplomas legais que se sucederam na disciplina da mat\u00e9ria, necess\u00e1rio definir qual a legisla\u00e7\u00e3o aplic\u00e1vel ao caso concreto, ou seja, qual a legisla\u00e7\u00e3o vigente quando da presta\u00e7\u00e3o da atividade pela Autora.<\/span><\/span><\/p>\n<p align=\"justify\"><span style=\"font-family: Arial, serif;\"><span style=\"font-size: small;\">Tem-se, ent\u00e3o, a seguinte evolu\u00e7\u00e3o legislativa quanto ao tema:<\/span><\/span><\/p>\n<p align=\"justify\"><span style=\"font-family: Arial, serif;\"><span style=\"font-size: small;\"><b>a) no per\u00edodo de trabalho at\u00e9 XX\/XX\/XXXX<\/b><\/span><\/span><span style=\"font-family: Arial, serif;\"><span style=\"font-size: small;\">,<\/span><\/span><\/p>\n","protected":false},"excerpt":{"rendered":"<ul>\n<li>\u00a0N\u00famero de p\u00e1ginas: 10<\/li>\n<li>\u00daltima atualiza\u00e7\u00e3o: 2021<\/li>\n<li>\u00a0Sum\u00e1rio da peti\u00e7\u00e3o: A\u00e7\u00e3o Previdenci\u00e1ria. A\u00e7\u00e3o de Revis\u00e3o de Benef\u00edcio.<\/li>\n<\/ul>\n","protected":false},"featured_media":1455,"comment_status":"closed","ping_status":"closed","template":"","meta":{"_joinchat":[]},"product_brand":[],"product_cat":[114],"product_tag":[],"class_list":{"0":"post-1452","1":"product","2":"type-product","3":"status-publish","4":"has-post-thumbnail","6":"product_cat-previdenciario","8":"first","9":"instock","10":"downloadable","11":"shipping-taxable","12":"purchasable","13":"product-type-simple"},"_links":{"self":[{"href":"https:\/\/juspeticoes.com.br\/site\/wp-json\/wp\/v2\/product\/1452","targetHints":{"allow":["GET"]}}],"collection":[{"href":"https:\/\/juspeticoes.com.br\/site\/wp-json\/wp\/v2\/product"}],"about":[{"href":"https:\/\/juspeticoes.com.br\/site\/wp-json\/wp\/v2\/types\/product"}],"replies":[{"embeddable":true,"href":"https:\/\/juspeticoes.com.br\/site\/wp-json\/wp\/v2\/comments?post=1452"}],"wp:featuredmedia":[{"embeddable":true,"href":"https:\/\/juspeticoes.com.br\/site\/wp-json\/wp\/v2\/media\/1455"}],"wp:attachment":[{"href":"https:\/\/juspeticoes.com.br\/site\/wp-json\/wp\/v2\/media?parent=1452"}],"wp:term":[{"taxonomy":"product_brand","embeddable":true,"href":"https:\/\/juspeticoes.com.br\/site\/wp-json\/wp\/v2\/product_brand?post=1452"},{"taxonomy":"product_cat","embeddable":true,"href":"https:\/\/juspeticoes.com.br\/site\/wp-json\/wp\/v2\/product_cat?post=1452"},{"taxonomy":"product_tag","embeddable":true,"href":"https:\/\/juspeticoes.com.br\/site\/wp-json\/wp\/v2\/product_tag?post=1452"}],"curies":[{"name":"wp","href":"https:\/\/api.w.org\/{rel}","templated":true}]}}