{"id":1449,"date":"2021-09-20T02:11:36","date_gmt":"2021-09-20T02:11:36","guid":{"rendered":"https:\/\/juspeticoes.com.br\/site\/?post_type=product&#038;p=1449"},"modified":"2021-09-21T01:42:27","modified_gmt":"2021-09-21T01:42:27","slug":"habeas-corpus-c-c-pedido-liminar","status":"publish","type":"product","link":"https:\/\/juspeticoes.com.br\/site\/produto\/habeas-corpus-c-c-pedido-liminar\/","title":{"rendered":"HABEAS CORPUS C\/C PEDIDO LIMINAR"},"content":{"rendered":"<h4>Confira um trecho desse modelo:<\/h4>\n<p>&nbsp;<\/p>\n<p class=\"western\" align=\"justify\"><span style=\"font-family: Arial, serif;\"><b>EXCELENT\u00cdSSIMO SENHOR DR. DES. PRESIDENTE DO EGR\u00c9GIO TRIBUNAL DE JUSTI\u00c7A DO ESTADO DO <\/b><\/span><span style=\"font-family: Arial, serif;\">________ <\/span><\/p>\n<p class=\"western\" align=\"justify\"><span style=\"font-family: Arial, serif;\">XXXXXXXX, advogado, XXXXXXX, inscrito na OAB\/XX sob o n\u00ba XXXXXXXX, com endere\u00e7o profissional na XXXXXXXXX , vem, respeitosamente, perante Vossa Excel\u00eancia, com fulcro no artigo 5\u00ba, inciso LXVIII, da Constitui\u00e7\u00e3o Federal, e nos artigos 647 e 648, inciso I, do C\u00f3digo de Processo Penal, impetrar <\/span><\/p>\n<p class=\"western\" align=\"center\"><span style=\"font-family: Arial, serif;\"><span style=\"font-size: large;\"><b>HABEAS CORPUS<br \/>\nC\/C PEDIDO LIMINAR<\/b><\/span><\/span><\/p>\n<p class=\"western\" align=\"justify\"><span style=\"font-family: Arial, serif;\">em favor de XXXXXXX, XXXXXX, XXXXXX, XXXXXXXXXX, residente e domiciliado na XXXXXXXX, contra ato ilegal praticado pelo MM. Juiz da XX Vara Criminal da Comarca de XXXXXXXXXX, pelas raz\u00f5es de fato e fundamentos:<\/span><\/p>\n<ol>\n<li>\n<p align=\"right\"><span style=\"font-family: Arial, serif;\"><b>DOS FATOS<\/b><\/span><\/p>\n<\/li>\n<\/ol>\n<p class=\"western\" align=\"justify\"><span style=\"font-family: Arial, serif;\">O paciente foi cerceado de sua liberdade em XXXXXX, por for\u00e7a de ordem de pris\u00e3o no processo de Execu\u00e7\u00e3o de Alimentos n\u00ba XXXXXXX.<\/span><\/p>\n<p class=\"western\" align=\"justify\"><span style=\"font-family: Arial, serif;\">Ocorre que o paciente sofre n\u00edtida viol\u00eancia e coa\u00e7\u00e3o em sua liberdade, por ilegalidade e abuso de poder praticado, motivando o presente pedido.<\/span><\/p>\n<ol start=\"2\">\n<li>\n<p align=\"right\"><span style=\"font-family: Arial, serif;\"><b>DO CABIMENTO DO HABEAS CORPUS<\/b><\/span><\/p>\n<\/li>\n<\/ol>\n","protected":false},"excerpt":{"rendered":"<ul>\n<li>\u00a0N\u00famero de p\u00e1ginas: 3<\/li>\n<li>\u00daltima atualiza\u00e7\u00e3o: 2021<\/li>\n<li>\u00a0Sum\u00e1rio da peti\u00e7\u00e3o: A\u00e7\u00e3o de Fam\u00edlia. Habeas Corpus. Pedido Liminar<\/li>\n<\/ul>\n","protected":false},"featured_media":1448,"comment_status":"closed","ping_status":"closed","template":"","meta":{"_joinchat":[]},"product_brand":[],"product_cat":[113],"product_tag":[],"class_list":{"0":"post-1449","1":"product","2":"type-product","3":"status-publish","4":"has-post-thumbnail","6":"product_cat-familia","8":"first","9":"instock","10":"downloadable","11":"shipping-taxable","12":"purchasable","13":"product-type-simple"},"_links":{"self":[{"href":"https:\/\/juspeticoes.com.br\/site\/wp-json\/wp\/v2\/product\/1449","targetHints":{"allow":["GET"]}}],"collection":[{"href":"https:\/\/juspeticoes.com.br\/site\/wp-json\/wp\/v2\/product"}],"about":[{"href":"https:\/\/juspeticoes.com.br\/site\/wp-json\/wp\/v2\/types\/product"}],"replies":[{"embeddable":true,"href":"https:\/\/juspeticoes.com.br\/site\/wp-json\/wp\/v2\/comments?post=1449"}],"wp:featuredmedia":[{"embeddable":true,"href":"https:\/\/juspeticoes.com.br\/site\/wp-json\/wp\/v2\/media\/1448"}],"wp:attachment":[{"href":"https:\/\/juspeticoes.com.br\/site\/wp-json\/wp\/v2\/media?parent=1449"}],"wp:term":[{"taxonomy":"product_brand","embeddable":true,"href":"https:\/\/juspeticoes.com.br\/site\/wp-json\/wp\/v2\/product_brand?post=1449"},{"taxonomy":"product_cat","embeddable":true,"href":"https:\/\/juspeticoes.com.br\/site\/wp-json\/wp\/v2\/product_cat?post=1449"},{"taxonomy":"product_tag","embeddable":true,"href":"https:\/\/juspeticoes.com.br\/site\/wp-json\/wp\/v2\/product_tag?post=1449"}],"curies":[{"name":"wp","href":"https:\/\/api.w.org\/{rel}","templated":true}]}}