{"id":1437,"date":"2021-09-19T12:59:19","date_gmt":"2021-09-19T12:59:19","guid":{"rendered":"https:\/\/juspeticoes.com.br\/site\/?post_type=product&#038;p=1437"},"modified":"2021-09-21T01:40:51","modified_gmt":"2021-09-21T01:40:51","slug":"acao-de-investigacao-de-paternidade-c-c-com-alimentos","status":"publish","type":"product","link":"https:\/\/juspeticoes.com.br\/site\/produto\/acao-de-investigacao-de-paternidade-c-c-com-alimentos\/","title":{"rendered":"A\u00c7\u00c3O DE INVESTIGA\u00c7\u00c3O DE PATERNIDADE C\/C COM ALIMENTOS"},"content":{"rendered":"<p>Confira um trecho desse modelo:<\/p>\n<p><span style=\"font-family: Arial, sans-serif;\"><span style=\"font-size: small;\"><b>AO JU\u00cdZO DA VARA JUDICIAL DE FAM\u00cdLIA DA COMARCA DE ________ <\/b><\/span><\/span><\/p>\n<p align=\"center\">\n<p><span style=\"font-family: Georgia, Times New Roman, Times, s, Cambria, serif;\"><span style=\"font-size: medium;\"><span style=\"font-family: Arial, sans-serif;\"><span style=\"font-size: small;\"><b>XXXXXXXXXX<\/b><\/span><\/span><span style=\"font-family: Arial, sans-serif;\"><span style=\"font-size: small;\">, brasileiro, (estado civil), (profiss\u00e3o), inscrita no CPF sob o n\u00famero <\/span><\/span><span style=\"font-family: Arial, sans-serif;\"><span style=\"font-size: small;\"><b>XXXXXXXX<\/b><\/span><\/span><span style=\"font-family: Arial, sans-serif;\"><span style=\"font-size: small;\">, portador do RG sob o n\u00ba <\/span><\/span><span style=\"font-family: Arial, sans-serif;\"><span style=\"font-size: small;\"><b>XXXXXXXX<\/b><\/span><\/span><span style=\"font-family: Arial, sans-serif;\"><span style=\"font-size: small;\">, estabelecida na Avenida <\/span><\/span><span style=\"font-family: Arial, sans-serif;\"><span style=\"font-size: small;\"><b>XXXXXXXXXXXX<\/b><\/span><\/span><span style=\"font-family: Arial, sans-serif;\"><span style=\"font-size: small;\">, por seu representante legal abaixo assinado e identificado (Doc. 01), com escrit\u00f3rio profissional situado \u00e0 Rua <\/span><\/span><span style=\"font-family: Arial, sans-serif;\"><span style=\"font-size: small;\"><b>XXXXXXXXXXXX<\/b><\/span><\/span><span style=\"font-family: Arial, sans-serif;\"><span style=\"font-size: small;\">, com endere\u00e7o eletr\u00f4nico, e-mail: <\/span><\/span><span style=\"font-family: Arial, sans-serif;\"><span style=\"font-size: small;\"><b>XXXXXXX<\/b><\/span><\/span><span style=\"font-family: Arial, sans-serif;\"><span style=\"font-size: small;\">, vem, respeitosamente, \u00e0 presen\u00e7a de V. Exa., ajuizar<\/span><\/span><\/span><\/span><\/p>\n<p>&nbsp;<\/p>\n<p align=\"center\"><span style=\"font-family: Arial, sans-serif;\"><span style=\"font-size: large;\"><b>A\u00c7\u00c3O DE INVESTIGA\u00c7\u00c3O DE PATERNIDADE<br \/>\nC\/C COM ALIMENTOS<\/b><\/span><\/span><\/p>\n<p>&nbsp;<\/p>\n<p><span style=\"font-family: Georgia, Times New Roman, Times, s, Cambria, serif;\"><span style=\"font-size: medium;\"><span style=\"font-family: Arial, sans-serif;\"><span style=\"font-size: small;\">em face de <\/span><\/span><span style=\"font-family: Arial, sans-serif;\"><span style=\"font-size: small;\"><b>XXXXXXXXXX<\/b><\/span><\/span><span style=\"font-family: Arial, sans-serif;\"><span style=\"font-size: small;\">, brasileiro, (estado civil), (profiss\u00e3o), inscrita no CPF sob o n\u00famero <\/span><\/span><span style=\"font-family: Arial, sans-serif;\"><span style=\"font-size: small;\"><b>XXXXXXXX<\/b><\/span><\/span><span style=\"font-family: Arial, sans-serif;\"><span style=\"font-size: small;\">, portador do RG sob o n\u00ba <\/span><\/span><span style=\"font-family: Arial, sans-serif;\"><span style=\"font-size: small;\"><b>XXXXXXXX<\/b><\/span><\/span><span style=\"font-family: Arial, sans-serif;\"><span style=\"font-size: small;\">, estabelecida na Avenida <\/span><\/span><span style=\"font-family: Arial, sans-serif;\"><span style=\"font-size: small;\"><b>XXXXXXXXXXXX<\/b><\/span><\/span><span style=\"font-family: Arial, sans-serif;\"><span style=\"font-size: small;\">, pelos motivos e fatos que passa a expor.<\/span><\/span><\/span><\/span><\/p>\n<ol>\n<li>\n<p align=\"right\"><span style=\"font-family: Arial, sans-serif;\"><span style=\"font-size: small;\"><b>LOCAL INCERTO E N\u00c3O SABIDO DO R\u00c9U<\/b><\/span><\/span><\/p>\n<\/li>\n<\/ol>\n<p><span style=\"font-family: Georgia, Times New Roman, Times, s, Cambria, serif;\"><span style=\"font-size: medium;\"><span style=\"font-family: Arial, sans-serif;\"><span style=\"font-size: small;\">Trata-se de a\u00e7\u00e3o que visa XXXXXXXX. Ocorre que a Autora n\u00e3o conseguiu obter endere\u00e7o certo do R\u00e9u, obtendo apenas informa\u00e7\u00f5es por meio XXXXXX, que o mesmo estaria morando no exterior, conforme provas em anexo. <\/span><\/span><\/span><\/span><\/p>\n<p><span style=\"font-family: Georgia, Times New Roman, Times, s, Cambria, serif;\"><span style=\"font-size: medium;\"><span style=\"font-family: Arial, sans-serif;\"><span style=\"font-size: small;\">Cabe destacar que a autora j\u00e1 adotou XXXXXXXX, para obten\u00e7\u00e3o do novo endere\u00e7o sem \u00eaxito, conforme provas em anexos.<\/span><\/span><\/span><\/span><\/p>\n<p><span style=\"font-family: Georgia, Times New Roman, Times, s, Cambria, serif;\"><span style=\"font-size: medium;\"><span style=\"font-family: Arial, sans-serif;\"><span style=\"font-size: small;\">Desta forma, requer as dilig\u00eancias necess\u00e1rias \u00e0 sua obten\u00e7\u00e3o, nos termos do <\/span><\/span><span style=\"font-family: Arial, sans-serif;\"><span style=\"font-size: small;\"><b>Art. 319 do CPC\/15<\/b><\/span><\/span><span style=\"font-family: Arial, sans-serif;\"><span style=\"font-size: small;\">:<\/span><\/span><\/span><\/span><\/p>\n<p><span style=\"font-family: Arial, sans-serif;\"><span style=\"font-size: small;\">Art. 319. A peti\u00e7\u00e3o inicial indicar\u00e1:<br \/>\n(&#8230;)<\/span><\/span><\/p>\n<p><span style=\"font-family: Georgia, Times New Roman, Times, s, Cambria, serif;\"><span style=\"font-size: medium;\"><span style=\"font-family: Arial, sans-serif;\"><span style=\"font-size: small;\">II &#8211; Os nomes, os prenomes, o estado civil, a exist\u00eancia de uni\u00e3o est\u00e1vel, a profiss\u00e3o, o n\u00famero de inscri\u00e7\u00e3o no Cadastro de Pessoas F\u00edsicas ou no Cadastro Nacional da Pessoa Jur\u00eddica, o endere\u00e7o eletr\u00f4nico, o domic\u00edlio e a resid\u00eancia do autor e do r\u00e9u;<br \/>\n(&#8230;)<\/span><\/span><\/span><\/span><\/p>\n<p><span style=\"font-family: Georgia, Times New Roman, Times, s, Cambria, serif;\"><span style=\"font-size: medium;\"><span style=\"font-family: Arial, sans-serif;\"><span style=\"font-size: small;\">\u00a7 1\u00ba <\/span><\/span><span style=\"font-family: Arial, sans-serif;\"><span style=\"font-size: small;\"><b>Caso n\u00e3o disponha das informa\u00e7\u00f5es previstas no inciso II, poder\u00e1 o autor, na peti\u00e7\u00e3o inicial, requerer ao juiz dilig\u00eancias necess\u00e1rias \u00e0 sua obten\u00e7\u00e3o<\/b><\/span><\/span><span style=\"font-family: Arial, sans-serif;\"><span style=\"font-size: small;\">.<\/span><\/span><\/span><\/span><\/p>\n<p><span style=\"font-family: Georgia, Times New Roman, Times, s, Cambria, serif;\"><span style=\"font-size: medium;\"><span style=\"font-family: Arial, sans-serif;\"><span style=\"font-size: small;\">\u00a7 2\u00ba A peti\u00e7\u00e3o inicial n\u00e3o ser\u00e1 indeferida se, a despeito da falta de informa\u00e7\u00f5es a que se refere o inciso II, for poss\u00edvel a cita\u00e7\u00e3o do r\u00e9u.<\/span><\/span><\/span><\/span><\/p>\n<p><span style=\"font-family: Georgia, Times New Roman, Times, s, Cambria, serif;\"><span style=\"font-size: medium;\"><span style=\"font-family: Arial, sans-serif;\"><span style=\"font-size: small;\">\u00a7 3\u00ba A peti\u00e7\u00e3o inicial n\u00e3o ser\u00e1 indeferida pelo n\u00e3o atendimento ao disposto no inciso II deste artigo se a obten\u00e7\u00e3o de tais informa\u00e7\u00f5es tornar imposs\u00edvel ou excessivamente oneroso o acesso \u00e0 justi\u00e7a.<\/span><\/span><\/span><\/span><\/p>\n<p><span style=\"font-family: Arial, sans-serif;\"><span style=\"font-size: small;\">Afinal, a grande dificuldade de obten\u00e7\u00e3o dos dados de qualifica\u00e7\u00e3o do R\u00e9u pode inviabilizar o acesso \u00e0 justi\u00e7a, devendo ser diligenciado.<\/span><\/span><\/p>\n<p><span style=\"font-family: Georgia, Times New Roman, Times, s, Cambria, serif;\"><span style=\"font-size: medium;\"><span style=\"font-family: Arial, sans-serif;\"><span style=\"font-size: small;\">Caso seja invi\u00e1vel as dilig\u00eancias necess\u00e1rias \u00e0 obten\u00e7\u00e3o do endere\u00e7o, nos termos do Art. 319 do CPC\/15, <\/span><\/span><span style=\"font-family: Arial, sans-serif;\"><span style=\"font-size: small;\"><b>requer a cita\u00e7\u00e3o por edital.<\/b><\/span><\/span><\/span><\/span><\/p>\n<p><span style=\"font-family: Georgia, Times New Roman, Times, s, Cambria, serif;\"><span style=\"font-size: medium;\"><span style=\"font-family: Arial, sans-serif;\"><span style=\"font-size: small;\">Afinal, a grande dificuldade de obten\u00e7\u00e3o do endere\u00e7o atualizado, n\u00e3o obstante as in\u00fameras tentativas de contato, pode inviabilizar o efetivo acesso \u00e0 justi\u00e7a, devendo ser promovida a cita\u00e7\u00e3o por edital, conforme precedentes sobre o tema:<\/span><\/span><\/span><\/span><\/p>\n<p align=\"right\"><span style=\"font-family: Georgia, Times New Roman, Times, s, Cambria, serif;\"><span style=\"font-size: medium;\"><span style=\"font-family: Arial, sans-serif;\"><span style=\"font-size: small;\"><b>(INCLUIR JURISPRUD\u00caNCIA)<\/b><\/span><\/span><\/span><\/span><\/p>\n<ol start=\"2\">\n<li>\n<p align=\"right\"><span style=\"font-family: Arial, sans-serif;\"><span style=\"font-size: small;\"><b>DOS FATOS QUE AMPARAM A PETI\u00c7\u00c3O INICIAL<\/b><\/span><\/span><\/p>\n<\/li>\n<\/ol>\n<p><span style=\"font-family: Georgia, Times New Roman, Times, s, Cambria, serif;\"><span style=\"font-size: medium;\"><span style=\"font-family: Arial, sans-serif;\"><span style=\"font-size: small;\">A Autora, apesar de ser filho do R\u00e9u, nunca teve o reconhecimento de seu v\u00ednculo.<\/span><\/span><\/span><\/span><\/p>\n<p><span style=\"font-family: Georgia, Times New Roman, Times, s, Cambria, serif;\"><span style=\"font-size: medium;\"><span style=\"font-family: Arial, sans-serif;\"><span style=\"font-size: small;\">N\u00e3o restam d\u00favidas quanto \u00e0 paternidade, conforme XXXXXXX que junta em anexo, mas n\u00e3o conseguiu que o exame de DNA fosse realizado amigavelmente, conforme mensagens trocadas com os r\u00e9us (anexo).<\/span><\/span><\/span><\/span><\/p>\n<p><span style=\"font-family: Georgia, Times New Roman, Times, s, Cambria, serif;\"><span style=\"font-size: medium;\"><span style=\"font-family: Arial, sans-serif;\"><span style=\"font-size: small;\">Previamente a interposi\u00e7\u00e3o da a\u00e7\u00e3o houve a tentativa de resolu\u00e7\u00e3o dos fatos junto aos R\u00e9us sem \u00eaxito, pelo contr\u00e1rio XXXXXXXXXX, raz\u00e3o pela qual move a presente a\u00e7\u00e3o.<\/span><\/span><\/span><\/span><\/p>\n<ol start=\"3\">\n<li>\n<p align=\"right\"><span style=\"font-family: Arial, sans-serif;\"><span style=\"font-size: small;\"><b>DO DIREITO AO RECONHECIMENTO DA PATERNIDADE<\/b><\/span><\/span><\/p>\n<\/li>\n<\/ol>\n","protected":false},"excerpt":{"rendered":"<ul>\n<li>\u00a0N\u00famero de p\u00e1ginas: 8<\/li>\n<li>\u00a0Ano da jurisprud\u00eancia: 2020\/2021<\/li>\n<li>\u00a0\u00daltima atualiza\u00e7\u00e3o: 2021<\/li>\n<li>\u00a0Sum\u00e1rio da peti\u00e7\u00e3o: A\u00e7\u00e3o de Fam\u00edlia. A\u00e7\u00e3o de Investiga\u00e7\u00e3o de Paternidade. Alimentos<\/li>\n<\/ul>\n","protected":false},"featured_media":1442,"comment_status":"closed","ping_status":"closed","template":"","meta":{"_joinchat":[]},"product_brand":[],"product_cat":[113],"product_tag":[],"class_list":{"0":"post-1437","1":"product","2":"type-product","3":"status-publish","4":"has-post-thumbnail","6":"product_cat-familia","8":"first","9":"instock","10":"downloadable","11":"shipping-taxable","12":"purchasable","13":"product-type-simple"},"_links":{"self":[{"href":"https:\/\/juspeticoes.com.br\/site\/wp-json\/wp\/v2\/product\/1437","targetHints":{"allow":["GET"]}}],"collection":[{"href":"https:\/\/juspeticoes.com.br\/site\/wp-json\/wp\/v2\/product"}],"about":[{"href":"https:\/\/juspeticoes.com.br\/site\/wp-json\/wp\/v2\/types\/product"}],"replies":[{"embeddable":true,"href":"https:\/\/juspeticoes.com.br\/site\/wp-json\/wp\/v2\/comments?post=1437"}],"wp:featuredmedia":[{"embeddable":true,"href":"https:\/\/juspeticoes.com.br\/site\/wp-json\/wp\/v2\/media\/1442"}],"wp:attachment":[{"href":"https:\/\/juspeticoes.com.br\/site\/wp-json\/wp\/v2\/media?parent=1437"}],"wp:term":[{"taxonomy":"product_brand","embeddable":true,"href":"https:\/\/juspeticoes.com.br\/site\/wp-json\/wp\/v2\/product_brand?post=1437"},{"taxonomy":"product_cat","embeddable":true,"href":"https:\/\/juspeticoes.com.br\/site\/wp-json\/wp\/v2\/product_cat?post=1437"},{"taxonomy":"product_tag","embeddable":true,"href":"https:\/\/juspeticoes.com.br\/site\/wp-json\/wp\/v2\/product_tag?post=1437"}],"curies":[{"name":"wp","href":"https:\/\/api.w.org\/{rel}","templated":true}]}}