{"id":1431,"date":"2021-09-19T12:58:48","date_gmt":"2021-09-19T12:58:48","guid":{"rendered":"https:\/\/juspeticoes.com.br\/site\/?post_type=product&#038;p=1431"},"modified":"2021-09-21T01:39:10","modified_gmt":"2021-09-21T01:39:10","slug":"acao-de-divorcio-judicial","status":"publish","type":"product","link":"https:\/\/juspeticoes.com.br\/site\/produto\/acao-de-divorcio-judicial\/","title":{"rendered":"A\u00c7\u00c3O DE DIV\u00d3RCIO JUDICIAL"},"content":{"rendered":"<h4>Confira um trecho desse modelo:<\/h4>\n<p>&nbsp;<\/p>\n<p class=\"western\" align=\"justify\"><span style=\"font-size: small;\"><b>AO JU\u00cdZO DA VARA JUDICIAL DE FAM\u00cdLIA DA COMARCA DE ________ <\/b><\/span><\/p>\n<p class=\"western\" align=\"justify\"><span style=\"font-size: small;\"><span lang=\"en-US\"><b>XXXXXXXXXX<\/b><\/span><span lang=\"en-US\">, brasileiro, (estado civil), (profiss\u00e3o), inscrita no CPF sob o n\u00famero <\/span><span lang=\"en-US\"><b>XXXXXXXX<\/b><\/span><span lang=\"en-US\">, portador do RG sob o n\u00ba <\/span><span lang=\"en-US\"><b>XXXXXXXX<\/b><\/span><span lang=\"en-US\">, <\/span>estabelecida<span lang=\"en-US\"> na Avenida <\/span><span lang=\"en-US\"><b>XXXXXXXXXXXX<\/b><\/span><span lang=\"en-US\">, por seu representante legal abaixo assinado e identificado <\/span><span lang=\"en-US\"><b>(Doc. 01)<\/b><\/span><span lang=\"en-US\">, com escrit\u00f3rio profissional situado \u00e0 Rua <\/span><span lang=\"en-US\"><b>XXXXXXXXXXXX<\/b><\/span><span lang=\"en-US\">, com endere\u00e7o eletr\u00f4nico, e-mail: <\/span><span lang=\"en-US\"><b>XXXXXXX<\/b><\/span><span lang=\"en-US\">, vem, respeitosamente, \u00e0 presen\u00e7a de V. Exa., propor a presente<\/span><\/span><\/p>\n<p class=\"western\" align=\"center\"><span style=\"font-size: large;\"><b>A\u00c7\u00c3O DE DIV\u00d3RCIO<\/b><\/span><\/p>\n<p class=\"western\" align=\"justify\"><span style=\"font-size: small;\"><span lang=\"en-US\"><b>XXXXXXXXXX<\/b><\/span><span lang=\"en-US\">, brasileiro, (estado civil), (profiss\u00e3o), inscrita no CPF sob o n\u00famero <\/span><span lang=\"en-US\"><b>XXXXXXXX<\/b><\/span><span lang=\"en-US\">, portador do RG sob o n\u00ba <\/span><span lang=\"en-US\"><b>XXXXXXXX<\/b><\/span><span lang=\"en-US\">, <\/span>estabelecida<span lang=\"en-US\"> na Avenida <\/span><span lang=\"en-US\"><b>XXXXXXXXXXXX<\/b><\/span><span lang=\"en-US\">, <\/span>pelos motivos e fatos que passa a expor.<\/span><\/p>\n<ol>\n<li>\n<p class=\"western\" align=\"right\"><span style=\"font-size: small;\"><b>DOS FATOS<\/b><\/span><\/p>\n<\/li>\n<\/ol>\n<p class=\"western\" align=\"justify\"><span style=\"font-size: small;\">As partes constitu\u00edram uni\u00e3o matrimonial por mais de XXXXXXX anos, rompida em XXXXXXX, momento em que o Requerido deixou a resid\u00eancia onde morava junto com o Autor. <\/span><\/p>\n<ol start=\"2\">\n<li>\n<p class=\"western\" align=\"right\"><span style=\"font-size: small;\"><b>DO DIREITO<\/b><\/span><\/p>\n<\/li>\n<\/ol>\n<p class=\"western\" align=\"justify\"><span style=\"font-size: small;\">Ap\u00f3s vig\u00eancia da Emenda Constitucional n\u00ba 66, o par\u00e1grafo 6\u00ba do artigo 226 da Constitui\u00e7\u00e3o Federal passou a ter nova reda\u00e7\u00e3o:<\/span><\/p>\n<p class=\"western\" align=\"justify\"><span style=\"font-size: small;\">Art. 226. A fam\u00edlia, base da sociedade, tem especial prote\u00e7\u00e3o do Estado.<br \/>\n[&#8230;]<br \/>\n\u00a7 6\u00ba O casamento civil pode ser dissolvido pelo div\u00f3rcio. <\/span><\/p>\n<p class=\"western\" align=\"justify\"><span style=\"font-size: small;\">Assim, foi suprimido o requisito de separa\u00e7\u00e3o judicial por mais de um ano, ou de separa\u00e7\u00e3o de fato por mais de dois anos, perfeitamente cab\u00edvel a presente a\u00e7\u00e3o, pois o pedido est\u00e1 de acordo com o C\u00f3digo Civil:<\/span><\/p>\n<p class=\"western\" align=\"justify\"><span style=\"font-size: small;\">Art. 1.571. A sociedade conjugal termina<br \/>\n[&#8230;]<br \/>\nIV &#8211; pelo div\u00f3rcio.<\/span><\/p>\n<p class=\"western\" align=\"justify\"><span style=\"font-size: small;\">Nesse sentido, independente das circunst\u00e2ncias de cada parte, existindo a vontade do div\u00f3rcio por uma das partes, ela deve ser concedida. Nesse sentido:<\/span><\/p>\n<p class=\"western\" align=\"justify\"><span style=\"font-size: small;\">CIVIL. FAM\u00cdLIA. DIV\u00d3RCIO LITIGIOSO. ART. 226, \u00a76\u00ba, CF. C\u00d4NJUGE. VONTADE. REQUISITO \u00daNICO. CUMPRIMENTO. SENTEN\u00c7A. MANUTEN\u00c7\u00c3O. I- A Emenda Constitucional n\u00ba 66\/2010 deu nova reda\u00e7\u00e3o ao par\u00e1grafo 6\u00ba do artigo 226 da Constitui\u00e7\u00e3o Federal, que passou a dispor que &#8220;casamento civil pode ser dissolvido pelo div\u00f3rcio.&#8221; II &#8211; <b>Demonstrada a vontade de uma das partes em romper o v\u00ednculo conjugal, a mera discord\u00e2ncia do outro c\u00f4njuge, acerca da decis\u00e3o de desfazimento do v\u00ednculo matrimonial, n\u00e3o imp\u00f5e a reforma da senten\u00e7a que decretou o div\u00f3rcio, como na hip\u00f3tese.<\/b> RECURSO N\u00c3O PROVIDO. (TJ-BA, Classe: Apela\u00e7\u00e3o, N\u00famero do Processo: 0000262-21.2015.8.05.0062, \u00d3rg\u00e3o julgador: QUARTA CAMARA C\u00cdVEL, Relator(a): HELOISA PINTO DE FREITAS VIEIRA GRADDI, Publicado em: 28\/08\/2019, #34652543)<\/span><\/p>\n<p class=\"western\" align=\"justify\"><span style=\"font-size: small;\">Portanto, pelo simples interesse do Requerente, em virtude dos fatos acima relatados, faz-se necess\u00e1ria a declara\u00e7\u00e3o imediata do Div\u00f3rcio.<\/span><\/p>\n<ol start=\"3\">\n<li>\n<p class=\"western\" align=\"right\"><span style=\"font-size: small;\"><b>DOS ALIMENTOS COMPENSAT\u00d3RIOS<\/b><\/span><\/p>\n<\/li>\n<\/ol>\n","protected":false},"excerpt":{"rendered":"<ul>\n<li>\u00a0N\u00famero de p\u00e1ginas: 10<\/li>\n<li>\u00a0Ano da jurisprud\u00eancia: 2021<\/li>\n<li>\u00a0\u00daltima atualiza\u00e7\u00e3o: 2021<\/li>\n<li>\u00a0Sum\u00e1rio da peti\u00e7\u00e3o: A\u00e7\u00e3o de Fam\u00edlia. A\u00e7\u00e3o de Div\u00f3rcio. Judicial<\/li>\n<\/ul>\n","protected":false},"featured_media":1436,"comment_status":"closed","ping_status":"closed","template":"","meta":{"_joinchat":[]},"product_brand":[],"product_cat":[113],"product_tag":[],"class_list":{"0":"post-1431","1":"product","2":"type-product","3":"status-publish","4":"has-post-thumbnail","6":"product_cat-familia","8":"first","9":"instock","10":"downloadable","11":"shipping-taxable","12":"purchasable","13":"product-type-simple"},"_links":{"self":[{"href":"https:\/\/juspeticoes.com.br\/site\/wp-json\/wp\/v2\/product\/1431","targetHints":{"allow":["GET"]}}],"collection":[{"href":"https:\/\/juspeticoes.com.br\/site\/wp-json\/wp\/v2\/product"}],"about":[{"href":"https:\/\/juspeticoes.com.br\/site\/wp-json\/wp\/v2\/types\/product"}],"replies":[{"embeddable":true,"href":"https:\/\/juspeticoes.com.br\/site\/wp-json\/wp\/v2\/comments?post=1431"}],"wp:featuredmedia":[{"embeddable":true,"href":"https:\/\/juspeticoes.com.br\/site\/wp-json\/wp\/v2\/media\/1436"}],"wp:attachment":[{"href":"https:\/\/juspeticoes.com.br\/site\/wp-json\/wp\/v2\/media?parent=1431"}],"wp:term":[{"taxonomy":"product_brand","embeddable":true,"href":"https:\/\/juspeticoes.com.br\/site\/wp-json\/wp\/v2\/product_brand?post=1431"},{"taxonomy":"product_cat","embeddable":true,"href":"https:\/\/juspeticoes.com.br\/site\/wp-json\/wp\/v2\/product_cat?post=1431"},{"taxonomy":"product_tag","embeddable":true,"href":"https:\/\/juspeticoes.com.br\/site\/wp-json\/wp\/v2\/product_tag?post=1431"}],"curies":[{"name":"wp","href":"https:\/\/api.w.org\/{rel}","templated":true}]}}