{"id":1420,"date":"2021-09-19T12:35:39","date_gmt":"2021-09-19T12:35:39","guid":{"rendered":"https:\/\/juspeticoes.com.br\/site\/?post_type=product&#038;p=1420"},"modified":"2021-09-21T01:26:54","modified_gmt":"2021-09-21T01:26:54","slug":"contrato-de-adiantamento-para-futuro-aumento-de-capital","status":"publish","type":"product","link":"https:\/\/juspeticoes.com.br\/site\/produto\/contrato-de-adiantamento-para-futuro-aumento-de-capital\/","title":{"rendered":"CONTRATO DE ADIANTAMENTO PARA FUTURO AUMENTO DE CAPITAL"},"content":{"rendered":"<h4>Confira um trecho desse modelo:<\/h4>\n<p>&nbsp;<\/p>\n<p align=\"center\"><span style=\"font-size: small;\"><u><b>CONTRATO DE ADIANTAMENTO PARA FUTURO AUMENTO DE CAPITAL <\/b><\/u><\/span><\/p>\n<p align=\"justify\"><b><span style=\"font-size: small;\">XXXXXXXXX<\/span><\/b><span style=\"font-size: small;\">, brasileiro, natural de XXXXXXXX, profiss\u00e3o XXXXX, portador da carteira de identidade n. XXXXXXXX, expedida pela XXXXXX, e inscrito no CPF\/MF sob o n. XXXXXXXXX, residente e domiciliado na XXXXXXXXXX, CEP XXXXXXXX, cidade XXXXXXX<\/span><span style=\"font-size: small;\">, doravante designado <\/span><b><span style=\"font-size: small;\">DEPOSITANTE<\/span><\/b><span style=\"font-size: small;\">;<\/span><\/p>\n<p class=\"western\" align=\"justify\"><span style=\"font-size: small;\"><b>XXXXXXXXX<\/b>, brasileiro, natural de XXXXXXXXX, profiss\u00e3o XXXXX, portador da carteira de identidade n. XXXXXXX, expedida pela XXXXXX, e inscrito no CPF\/MF sob o n. XXXXXXXXX, residente e domiciliando na Rua XXXXXXX, CEP: XXXXX, cidade XXXXX, doravante denominada <b>DEPOSIT\u00c1RIO<\/b>.<\/span><\/p>\n<p><span style=\"font-family: Times New Roman, serif;\"><span style=\"font-family: Arial, sans-serif;\"><span style=\"font-size: small;\">As partes acima identificadas t\u00eam, entre si, justo e acertado, o presente Contrato de Adiantamento para Futuro Aumento de Capital, que se reger\u00e1 pelo disposto no artigo 425 do C\u00f3digo Civil, haja vista se tratar de um contrato at\u00edpico, uma vez n\u00e3o disciplinados expressamente pelo C\u00f3digo, e pelas cl\u00e1usulas e condi\u00e7\u00f5es descritas no presente instrumento.<\/span><\/span><\/span><\/p>\n<p class=\"western\" align=\"center\"><span style=\"font-size: small;\"><b>DO OBJETO DO CONTRATO<\/b><\/span><\/p>\n<p class=\"western\" align=\"justify\"><span style=\"font-size: small;\"><b>Cl\u00e1usula 1\u00aa.<\/b> Pelo presente instrumento, o <b>DEPOSITANTE<\/b> poder\u00e1 capitalizar o saldo, na import\u00e2ncia pecuni\u00e1ria de R$ XXXXX (XXXXXXXXXXXX), no capital social do <b>DEPOSIT\u00c1RIO<\/b>, sob a modalidade de dep\u00f3sito em adiantamento para futura capitaliza\u00e7\u00e3o, a partir da assinatura desse instrumento, conforme abaixo especificado:<\/span><\/p>\n<p class=\"western\" align=\"justify\"><span style=\"font-size: small;\"><b>Par\u00e1grafo Primeiro<\/b> &#8211; O valor que ser\u00e1 disponibilizado pelo <b>DEPOSITANTE<\/b> na data estabelecida no <i>caput<\/i>, poder\u00e1 ser registrado em conta corrente n\u00ba XXXXX, ag\u00eancia xxxx, Banco xxxxx, de titularidade do <b>DEPOSIT\u00c1RIO<\/b>, para futuro aumento de capital.<\/span><\/p>\n<p class=\"western\" align=\"center\"><span style=\"font-size: small;\"><span style=\"color: #000000;\"><b>DO AUMENTO DE CAPITAL<\/b><\/span><\/span><\/p>\n","protected":false},"excerpt":{"rendered":"<ul>\n<li>\u00a0N\u00famero de p\u00e1ginas: 3<\/li>\n<li>\u00a0\u00daltima atualiza\u00e7\u00e3o: 2021<\/li>\n<li>\u00a0Sum\u00e1rio do contrato: Contratos. Contrato de Adiantamento para futuro aumento de capital.<\/li>\n<\/ul>\n","protected":false},"featured_media":1428,"comment_status":"closed","ping_status":"closed","template":"","meta":{"_joinchat":[]},"product_brand":[],"product_cat":[112],"product_tag":[],"class_list":{"0":"post-1420","1":"product","2":"type-product","3":"status-publish","4":"has-post-thumbnail","6":"product_cat-contratos","8":"first","9":"instock","10":"downloadable","11":"shipping-taxable","12":"purchasable","13":"product-type-simple"},"_links":{"self":[{"href":"https:\/\/juspeticoes.com.br\/site\/wp-json\/wp\/v2\/product\/1420","targetHints":{"allow":["GET"]}}],"collection":[{"href":"https:\/\/juspeticoes.com.br\/site\/wp-json\/wp\/v2\/product"}],"about":[{"href":"https:\/\/juspeticoes.com.br\/site\/wp-json\/wp\/v2\/types\/product"}],"replies":[{"embeddable":true,"href":"https:\/\/juspeticoes.com.br\/site\/wp-json\/wp\/v2\/comments?post=1420"}],"wp:featuredmedia":[{"embeddable":true,"href":"https:\/\/juspeticoes.com.br\/site\/wp-json\/wp\/v2\/media\/1428"}],"wp:attachment":[{"href":"https:\/\/juspeticoes.com.br\/site\/wp-json\/wp\/v2\/media?parent=1420"}],"wp:term":[{"taxonomy":"product_brand","embeddable":true,"href":"https:\/\/juspeticoes.com.br\/site\/wp-json\/wp\/v2\/product_brand?post=1420"},{"taxonomy":"product_cat","embeddable":true,"href":"https:\/\/juspeticoes.com.br\/site\/wp-json\/wp\/v2\/product_cat?post=1420"},{"taxonomy":"product_tag","embeddable":true,"href":"https:\/\/juspeticoes.com.br\/site\/wp-json\/wp\/v2\/product_tag?post=1420"}],"curies":[{"name":"wp","href":"https:\/\/api.w.org\/{rel}","templated":true}]}}