{"id":1414,"date":"2021-09-19T12:25:51","date_gmt":"2021-09-19T12:25:51","guid":{"rendered":"https:\/\/juspeticoes.com.br\/site\/?post_type=product&#038;p=1414"},"modified":"2021-09-21T00:39:12","modified_gmt":"2021-09-21T00:39:12","slug":"contrato-particular-de-compra-e-venda-de-bem-movel","status":"publish","type":"product","link":"https:\/\/juspeticoes.com.br\/site\/produto\/contrato-particular-de-compra-e-venda-de-bem-movel\/","title":{"rendered":"CONTRATO PARTICULAR DE COMPRA E VENDA DE BEM M\u00d3VEL"},"content":{"rendered":"<h4 style=\"text-align: left;\" align=\"center\">Confira um trecho desse modelo:<\/h4>\n<p>&nbsp;<\/p>\n<p class=\"western\" align=\"center\"><span style=\"font-family: Times New Roman, serif;\"><span style=\"font-size: medium;\"><span style=\"font-family: Arial, sans-serif;\"><span style=\"font-size: small;\"><span lang=\"pt-BR\"><b>CONTRATO PARTICULAR DE COMPRA E VENDA DE BEM M\u00d3VEL<\/b><\/span><\/span><\/span><\/span><\/span><\/p>\n<p class=\"western\" align=\"center\">\n<p class=\"western\" align=\"justify\"><span style=\"font-family: Times New Roman, serif;\"><span style=\"font-size: medium;\"><span style=\"font-family: Arial, sans-serif;\"><span style=\"font-size: small;\"><span lang=\"pt-BR\"><b>1. CL\u00c1USULA PRIMEIRA &#8211; DAS PARTES:<\/b><\/span><\/span><\/span><\/span><\/span><\/p>\n<p class=\"western\" align=\"justify\"><span style=\"font-family: Times New Roman, serif;\"><span style=\"font-size: medium;\"><span style=\"font-family: Arial, sans-serif;\"><span style=\"font-size: small;\"><span lang=\"pt-BR\"><b>1.1 VENDEDOR: <\/b><\/span><\/span><\/span><span style=\"font-family: Arial, sans-serif;\"><span style=\"font-size: small;\"><span lang=\"pt-BR\">XXXXXXXXX, brasileiro, (profiss\u00e3o), (estado civil), portador da c\u00e9dula de identidade R.G. n\u00ba XXXXXXXX e CPF sob n\u00ba XXXXXXX, residente e domiciliado \u00e0 XXXXXXXXXX.<\/span><\/span><\/span><\/span><\/span><\/p>\n<p class=\"western\" align=\"justify\"><span style=\"font-family: Times New Roman, serif;\"><span style=\"font-size: medium;\"><span style=\"font-family: Arial, sans-serif;\"><span style=\"font-size: small;\"><span lang=\"pt-BR\"><b>1.2 COMPRADOR: <\/b><\/span><\/span><\/span><span style=\"font-family: Arial, sans-serif;\"><span style=\"font-size: small;\"><span lang=\"pt-BR\">XXXXXXXXX, brasileiro, (profiss\u00e3o), (estado civil), portador da c\u00e9dula de identidade R.G. n\u00ba XXXXXXXX e CPF sob n\u00ba XXXXXXX, residente e domiciliado \u00e0 XXXXXXXXXX.<\/span><\/span><\/span><\/span><\/span><\/p>\n<p class=\"western\" align=\"justify\"><span style=\"font-family: Times New Roman, serif;\"><span style=\"font-size: medium;\"><span style=\"font-family: Arial, sans-serif;\"><span style=\"font-size: small;\"><span lang=\"pt-BR\"><b>2. CL\u00c1USULA SEGUNDA &#8211; DO OBJETO:<\/b><\/span><\/span><\/span><\/span><\/span><\/p>\n<p class=\"western\" align=\"justify\"><span style=\"font-family: Times New Roman, serif;\"><span style=\"font-size: medium;\"><span style=\"font-family: Arial, sans-serif;\"><span style=\"font-size: small;\"><span lang=\"pt-BR\"><b>2.2<\/b><\/span><\/span><\/span><span style=\"font-family: Arial, sans-serif;\"><span style=\"font-size: small;\"><span lang=\"pt-BR\"> Por este instrumento particular e na melhor forma de direito, as partes acima identificadas t\u00eam, entre si, justo e acertado o presente Contrato de Compra e Venda de Bem M\u00f3vel, que se reger\u00e1 pelas cl\u00e1usulas seguintes e pelas condi\u00e7\u00f5es descritas no presente.<\/span><\/span><\/span><\/span><\/span><\/p>\n<p class=\"western\" align=\"justify\"><span style=\"font-family: Times New Roman, serif;\"><span style=\"font-size: medium;\"><span style=\"font-family: Arial, sans-serif;\"><span style=\"font-size: small;\"><span lang=\"pt-BR\"><b>3. CL\u00c1USULA TERCEIRA &#8211; DO PRE\u00c7O E DA FORMA DE PAGAMENTO:<\/b><\/span><\/span><\/span><\/span><\/span><\/p>\n<p class=\"western\" align=\"justify\"><span style=\"font-family: Times New Roman, serif;\"><span style=\"font-size: medium;\"><span style=\"font-family: Arial, sans-serif;\"><span style=\"font-size: small;\"><span lang=\"pt-BR\"><b>3.1<\/b><\/span><\/span><\/span><span style=\"font-family: Arial, sans-serif;\"><span style=\"font-size: small;\"><span lang=\"pt-BR\"> O valor total da presente transa\u00e7\u00e3o \u00e9 de <\/span><\/span><\/span><span style=\"font-family: Arial, sans-serif;\"><span style=\"font-size: small;\"><span lang=\"pt-BR\"><b>R$ XXXXXXX<\/b><\/span><\/span><\/span><span style=\"font-family: Arial, sans-serif;\"><span style=\"font-size: small;\"><span lang=\"pt-BR\">, que ser\u00e3o pagos da seguinte maneira:<\/span><\/span><\/span><\/span><\/span><\/p>\n<p class=\"western\" align=\"justify\"><span style=\"font-family: Times New Roman, serif;\"><span style=\"font-size: medium;\"><span style=\"font-family: Arial, sans-serif;\"><span style=\"font-size: small;\"><span lang=\"pt-BR\"><b>3.1 <\/b><\/span><\/span><\/span><span style=\"font-family: Arial, sans-serif;\"><span style=\"font-size: small;\"><span lang=\"pt-BR\">Ocorrendo atraso no pagamento em qualquer uma das cl\u00e1usulas o comprador ser\u00e1 multado no valor de XX% do valor da parcela, mais juros de mora correspondente a XX% por m\u00eas. <\/span><\/span><\/span><\/span><\/span><\/p>\n<p class=\"western\" align=\"justify\"><span style=\"font-family: Times New Roman, serif;\"><span style=\"font-size: medium;\"><span style=\"font-family: Arial, sans-serif;\"><span style=\"font-size: small;\"><span lang=\"pt-BR\"><b>3.2 <\/b><\/span><\/span><\/span><span style=\"font-family: Arial, sans-serif;\"><span style=\"font-size: small;\"><span lang=\"pt-BR\">Diante da ocorr\u00eancia de mais de XXXXXX dias de atraso no pagamento, o vendedor ter\u00e1 o direito de denunciar o presente contrato, culminando em sua rescis\u00e3o, sendo devido o valor de XXXXXX% sobre o valor do contrato a t\u00edtulo de multa. <\/span><\/span><\/span><\/span><\/span><\/p>\n<p class=\"western\" align=\"justify\"><span style=\"font-family: Times New Roman, serif;\"><span style=\"font-size: medium;\"><span style=\"font-family: Arial, sans-serif;\"><span style=\"font-size: small;\"><span lang=\"pt-BR\"><b>4. CL\u00c1USULA QUARTA &#8211; DA POSSE, DOS ENCARGOS E DAS CONDI\u00c7\u00d5ES DO BEM:<\/b><\/span><\/span><\/span><\/span><\/span><\/p>\n","protected":false},"excerpt":{"rendered":"<ul>\n<li>\u00a0N\u00famero de p\u00e1ginas: 4<\/li>\n<li>\u00a0\u00daltima atualiza\u00e7\u00e3o: 2021<\/li>\n<li>\u00a0Sum\u00e1rio do contrato: Contratos. Contrato Particular de Compra e Venda. Bem Im\u00f3vel<\/li>\n<\/ul>\n","protected":false},"featured_media":1419,"comment_status":"closed","ping_status":"closed","template":"","meta":{"_joinchat":[]},"product_brand":[],"product_cat":[112],"product_tag":[],"class_list":{"0":"post-1414","1":"product","2":"type-product","3":"status-publish","4":"has-post-thumbnail","6":"product_cat-contratos","8":"first","9":"instock","10":"downloadable","11":"shipping-taxable","12":"purchasable","13":"product-type-simple"},"_links":{"self":[{"href":"https:\/\/juspeticoes.com.br\/site\/wp-json\/wp\/v2\/product\/1414","targetHints":{"allow":["GET"]}}],"collection":[{"href":"https:\/\/juspeticoes.com.br\/site\/wp-json\/wp\/v2\/product"}],"about":[{"href":"https:\/\/juspeticoes.com.br\/site\/wp-json\/wp\/v2\/types\/product"}],"replies":[{"embeddable":true,"href":"https:\/\/juspeticoes.com.br\/site\/wp-json\/wp\/v2\/comments?post=1414"}],"wp:featuredmedia":[{"embeddable":true,"href":"https:\/\/juspeticoes.com.br\/site\/wp-json\/wp\/v2\/media\/1419"}],"wp:attachment":[{"href":"https:\/\/juspeticoes.com.br\/site\/wp-json\/wp\/v2\/media?parent=1414"}],"wp:term":[{"taxonomy":"product_brand","embeddable":true,"href":"https:\/\/juspeticoes.com.br\/site\/wp-json\/wp\/v2\/product_brand?post=1414"},{"taxonomy":"product_cat","embeddable":true,"href":"https:\/\/juspeticoes.com.br\/site\/wp-json\/wp\/v2\/product_cat?post=1414"},{"taxonomy":"product_tag","embeddable":true,"href":"https:\/\/juspeticoes.com.br\/site\/wp-json\/wp\/v2\/product_tag?post=1414"}],"curies":[{"name":"wp","href":"https:\/\/api.w.org\/{rel}","templated":true}]}}