{"id":1411,"date":"2021-09-19T12:25:18","date_gmt":"2021-09-19T12:25:18","guid":{"rendered":"https:\/\/juspeticoes.com.br\/site\/?post_type=product&#038;p=1411"},"modified":"2021-09-21T01:28:30","modified_gmt":"2021-09-21T01:28:30","slug":"consolidacao-do-contrato-social","status":"publish","type":"product","link":"https:\/\/juspeticoes.com.br\/site\/produto\/consolidacao-do-contrato-social\/","title":{"rendered":"CONSOLIDA\u00c7\u00c3O DO CONTRATO SOCIAL"},"content":{"rendered":"<h4>Confira um trecho desse modelo:<\/h4>\n<p>&nbsp;<\/p>\n<p class=\"western\" align=\"center\"><b>CONSOLIDA\u00c7\u00c3O DO CONTRATO SOCIAL DA<\/b><\/p>\n<p align=\"center\"><b>XXXXXXXXXXXX LTDA.<\/b><\/p>\n<p class=\"western\" align=\"justify\"><b>XXXXXXXXXXXXX<\/b>, com sede na Av. XXXXXXXX, inscrita no CNPJ\/MF sob o n\u00ba XXXXXX e registrada na Junta Comercial do Estado da XXXXX sob o n\u00ba XXXXXX em XX\/XX\/XXXX, neste ato representada por seu s\u00f3cio administrador <b>XXXXXXX<\/b>, brasileiro, natural de XXXXX, casado sob o regime de XXXXXX, profiss\u00e3o, inscrito no CPF\/MF sob o n\u00ba. XXXXX, e portador da carteira de identidade n\u00ba. XXXXX, expedida pela SSP\/XX, residente e domiciliado na Av. XXXXXXXXXXXXXXX; e<\/p>\n<p class=\"western\" align=\"justify\"><b>XXXXXXXXXX<\/b>, brasileiro, casado sob o regime de XXXXX, profiss\u00e3o, portador da carteira de identidade n\u00ba XXXXX, expedida pela SSP\/XX, e inscrito no CPF\/MF sob o n\u00ba XXXXXX, residente e domiciliado na Av. XXXXXXXXXXXXXXX.<\/p>\n<p class=\"western\" align=\"justify\">\u00danicos s\u00f3cios da Sociedade Empres\u00e1ria Limitada <b>XXXXXXXXXXX, <\/b>sediada<b> <\/b>na Av. XXXXXXXXX, registrada na Junta Comercial do Estado do XXXXXX, sob n\u00ba XXXXXX, em XX\/XX\/XXXX e inscrita no CNPJ\/MF sob o n\u00ba XXXXXXXXX, resolvem na melhor forma de direito consolidar o contrato social, mediante as seguintes cl\u00e1usulas e condi\u00e7\u00f5es:<\/p>\n<p class=\"western\" align=\"justify\"><b>Cl\u00e1usula 1\u00aa &#8211; <\/b>A sociedade, constitu\u00edda sob a forma de sociedade empres\u00e1ria limitada, e com a denomina\u00e7\u00e3o <b>XXXXXXXXXXXX<\/b>, \u00e9 regida por este Contrato Social, pelo C\u00f3digo Civil (Lei n\u00ba 10.406\/02), e supletivamente, em ocorrendo omiss\u00f5es, pela Lei das Sociedades por A\u00e7\u00f5es (Lei n\u00ba 6.404\/76), no que for aplic\u00e1vel.<\/p>\n<p class=\"western\"><b>Cl\u00e1usula 2\u00aa<\/b> &#8211; A sociedade tem sua sede na Av. XXXXXXXXX, podendo abrir e encerrar filiais, sucursais e escrit\u00f3rios, em qualquer parte do territ\u00f3rio nacional, por delibera\u00e7\u00e3o dos s\u00f3cios.<\/p>\n<p class=\"western\"><b>Par\u00e1grafo Primeiro<\/b> &#8211; A sociedade iniciou suas atividades na data de assinatura do contrato social (XX\/XX\/XXXX) e seu prazo de dura\u00e7\u00e3o \u00e9 indeterminado.<\/p>\n<p class=\"western\"><b>Par\u00e1grafo Segundo<\/b> \u2013 A sociedade possui a seguinte filial:<\/p>\n<p class=\"western\">I \u2013 Filial situada na Avenida XXXXXXXX, NIRE: XXXXXX e CNPJ: XXXXXXX, que ter\u00e1 como nome fantasia \u201c<b>XXXXXX<\/b>\u201d.<\/p>\n<p class=\"western\"><b>Cl\u00e1usula 3\u00aa \u2013 <\/b>A sociedade tem por objetivo a XXXXXXXXXXXXXXXXXX.<\/p>\n<p class=\"western\" align=\"justify\"><b>Cl\u00e1usula 4\u00aa<\/b> &#8211; O capital social \u00e9 de R$ XXXXXXXXXX, divididos em XX quotas no valor nominal de R$ XXXXX cada uma, totalmente subscrito, sendo R$ XXXXXX integralizados, em moeda corrente do Pa\u00eds, e R$ XXXXXXX a integralizar, at\u00e9 XX\/XX\/XXXX, em moeda corrente do Pa\u00eds, assim distribu\u00eddo entre os s\u00f3cios:<\/p>\n<table width=\"923\" cellspacing=\"0\" cellpadding=\"7\">\n<tbody>\n<tr valign=\"top\">\n<td width=\"304\">\n<p class=\"western\" align=\"center\">S\u00d3CIOS<\/p>\n<\/td>\n<td width=\"170\">\n<p class=\"western\" align=\"center\">QUOTAS<\/p>\n<p class=\"western\" align=\"center\">(Integralizadas)<\/p>\n<\/td>\n<td width=\"170\">\n<p class=\"western\" align=\"center\">QUOTAS<\/p>\n<p class=\"western\" align=\"center\">(A integralizar)<\/p>\n<\/td>\n<td width=\"64\">\n<p class=\"western\" align=\"center\">%<\/p>\n<\/td>\n<td width=\"142\">\n<p class=\"western\" align=\"center\">R$<\/p>\n<\/td>\n<\/tr>\n<tr>\n<td valign=\"top\" width=\"304\">\n<p class=\"western\" align=\"left\">XXXXXXXX<\/p>\n<\/td>\n<td width=\"170\">\n<p class=\"western\" align=\"right\">XXXXX<\/p>\n<\/td>\n<td width=\"170\">\n<p class=\"western\" align=\"right\">XXXXXX<\/p>\n<\/td>\n<td width=\"64\">\n<p class=\"western\" align=\"center\">XX<\/p>\n<\/td>\n<td width=\"142\">\n<p class=\"western\" align=\"right\">XXXXXXXX<\/p>\n<\/td>\n<\/tr>\n<tr>\n<td valign=\"top\" width=\"304\">\n<p class=\"western\" align=\"left\">XXXXXXXX<\/p>\n<\/td>\n<td width=\"170\">\n<p class=\"western\" align=\"right\">XXXXX<\/p>\n<\/td>\n<td width=\"170\">\n<p class=\"western\" align=\"right\">XXXXXX<\/p>\n<\/td>\n<td width=\"64\">\n<p class=\"western\" align=\"center\">XX<\/p>\n<\/td>\n<td width=\"142\">\n<p class=\"western\" align=\"right\">XXXXXXXX<\/p>\n<\/td>\n<\/tr>\n<tr>\n<td valign=\"top\" width=\"304\">\n<p class=\"western\" align=\"center\">TOTAL<\/p>\n<\/td>\n<td width=\"170\">\n<p class=\"western\" align=\"right\"><b>XXXXXX<\/b><\/p>\n<\/td>\n<td width=\"170\">\n<p class=\"western\" align=\"right\"><b>XXXXXX<\/b><\/p>\n<\/td>\n<td width=\"64\">\n<p class=\"western\" align=\"center\"><b>XXX<\/b><\/p>\n<\/td>\n<td width=\"142\">\n<p class=\"western\" align=\"right\"><b>XXXXXXXX<\/b><\/p>\n<\/td>\n<\/tr>\n<\/tbody>\n<\/table>\n<p><b>Par\u00e1grafo \u00danico<\/b> &#8211; A responsabilidade de cada s\u00f3cio \u00e9 limitada ao valor de suas quotas, mas todos respondem solidariamente pela integraliza\u00e7\u00e3o do capital social.<\/p>\n<p><b>Cl\u00e1usula 5\u00aa<\/b> &#8211;<\/p>\n","protected":false},"excerpt":{"rendered":"<ul>\n<li>\u00a0N\u00famero de p\u00e1ginas: 6<\/li>\n<li>\u00a0\u00daltima atualiza\u00e7\u00e3o: 2021<\/li>\n<li>\u00a0Sum\u00e1rio do contrato: Contratos. Consolida\u00e7\u00e3o do Contrato Social.<\/li>\n<\/ul>\n","protected":false},"featured_media":1418,"comment_status":"closed","ping_status":"closed","template":"","meta":{"_joinchat":[]},"product_brand":[],"product_cat":[112],"product_tag":[],"class_list":{"0":"post-1411","1":"product","2":"type-product","3":"status-publish","4":"has-post-thumbnail","6":"product_cat-contratos","8":"first","9":"instock","10":"downloadable","11":"shipping-taxable","12":"purchasable","13":"product-type-simple"},"_links":{"self":[{"href":"https:\/\/juspeticoes.com.br\/site\/wp-json\/wp\/v2\/product\/1411","targetHints":{"allow":["GET"]}}],"collection":[{"href":"https:\/\/juspeticoes.com.br\/site\/wp-json\/wp\/v2\/product"}],"about":[{"href":"https:\/\/juspeticoes.com.br\/site\/wp-json\/wp\/v2\/types\/product"}],"replies":[{"embeddable":true,"href":"https:\/\/juspeticoes.com.br\/site\/wp-json\/wp\/v2\/comments?post=1411"}],"wp:featuredmedia":[{"embeddable":true,"href":"https:\/\/juspeticoes.com.br\/site\/wp-json\/wp\/v2\/media\/1418"}],"wp:attachment":[{"href":"https:\/\/juspeticoes.com.br\/site\/wp-json\/wp\/v2\/media?parent=1411"}],"wp:term":[{"taxonomy":"product_brand","embeddable":true,"href":"https:\/\/juspeticoes.com.br\/site\/wp-json\/wp\/v2\/product_brand?post=1411"},{"taxonomy":"product_cat","embeddable":true,"href":"https:\/\/juspeticoes.com.br\/site\/wp-json\/wp\/v2\/product_cat?post=1411"},{"taxonomy":"product_tag","embeddable":true,"href":"https:\/\/juspeticoes.com.br\/site\/wp-json\/wp\/v2\/product_tag?post=1411"}],"curies":[{"name":"wp","href":"https:\/\/api.w.org\/{rel}","templated":true}]}}