{"id":1409,"date":"2021-09-19T12:18:04","date_gmt":"2021-09-19T12:18:04","guid":{"rendered":"https:\/\/juspeticoes.com.br\/site\/?post_type=product&#038;p=1409"},"modified":"2021-09-22T18:07:15","modified_gmt":"2021-09-22T18:07:15","slug":"acao-de-obrigacao-de-fazer-c-c-indenizacao-por-danos-morais-e-materiais-com-pedido-de-antecipacao-da-tutela-coelba","status":"publish","type":"product","link":"https:\/\/juspeticoes.com.br\/site\/produto\/acao-de-obrigacao-de-fazer-c-c-indenizacao-por-danos-morais-e-materiais-com-pedido-de-antecipacao-da-tutela-coelba\/","title":{"rendered":"A\u00c7\u00c3O DE OBRIGA\u00c7\u00c3O DE FAZER C\/C INDENIZA\u00c7\u00c3O POR DANOS MORAIS E MATERIAIS COM PEDIDO DE ANTECIPA\u00c7\u00c3O DA TUTELA \u2013 COELBA"},"content":{"rendered":"<h4>Confira um trecho desse modelo:<\/h4>\n<p>&nbsp;<\/p>\n<p class=\"western\" align=\"justify\"><span style=\"font-family: Times New Roman, serif;\"><span style=\"font-family: Arial, sans-serif;\"><span style=\"font-size: small;\"><b>EXCELENT\u00cdSSIMO SENHOR DOUTOR JUIZ DO JUIZADO ESPECIAL C\u00cdVEL DA COMARCA DE XXXX, ESTADO DE XXXXX.<\/b><\/span><\/span><\/span><\/p>\n<p class=\"western\" align=\"justify\">\n<p class=\"western\" align=\"justify\">\n<p class=\"western\" align=\"justify\">\n<p class=\"western\" align=\"justify\">\n<p class=\"western\" align=\"justify\">\n<p class=\"western\" align=\"justify\"><span style=\"font-family: Times New Roman, serif;\"><span style=\"font-family: Arial, sans-serif;\"><span style=\"font-size: small;\"><b>FULANO DE TAL<\/b><\/span><\/span><span style=\"font-family: Arial, sans-serif;\"><span style=\"font-size: small;\">, brasileiro, casado, comerciante, inscrito no RG sob n\u00b0 XXXXXXXXX SSP\/BA e do inscrito no RG sob CPF XXX.XXX.XXX-XX, residente e domiciliado na Rua XXXXX, n. XX, Bairro XXX, na cidade de XXX &#8211; XX, CEP XX.XXX-XXX, <\/span><\/span><span style=\"font-family: Arial, sans-serif;\"><span style=\"font-size: small;\">por meio de sua procuradora infra constitu\u00edda, com endere\u00e7o profissional na Rua XXXXX, n\u00b0 XXX, vem, respeitosamente, \u00e0 presen\u00e7a de Vossa Excel\u00eancia, com fulcro nos arts. 14 e 20 do C\u00f3digo de Defesa do Consumidor, art. 927 do C\u00f3digo Civil e art. 300 do CPC\/2015, <\/span><\/span><span style=\"font-family: Arial, sans-serif;\"><span style=\"font-size: small;\">e demais legisla\u00e7\u00e3o atinente \u00e0 esp\u00e9cie,\u00a0<\/span><\/span><span style=\"font-family: Arial, sans-serif;\"><span style=\"font-size: small;\">ajuizar a presente<\/span><\/span><\/span><\/p>\n<p class=\"western\" align=\"justify\">\n<p class=\"western\" align=\"center\"><span style=\"font-family: Times New Roman, serif;\"><span style=\"font-family: Arial, sans-serif;\"><span style=\"font-size: large;\"><b>A\u00c7\u00c3O DE OBRIGA\u00c7\u00c3O DE FAZER C\/C INDENIZA\u00c7\u00c3O POR DANOS MORAIS E MATERIAIS COM PEDIDO DE ANTECIPA\u00c7\u00c3O DA TUTELA<\/b><\/span><\/span><\/span><\/p>\n<p class=\"western\" align=\"center\">\n<p class=\"western\" align=\"justify\"><span style=\"font-family: Times New Roman, serif;\"><span style=\"font-family: Arial, sans-serif;\"><span style=\"font-size: small;\">Em face da <\/span><\/span><span style=\"font-family: Arial, sans-serif;\"><span style=\"font-size: small;\"><b>COMPANHIA DE ELETRICIDADE DO ESTADO XXXXXXXX<\/b><\/span><\/span><span style=\"font-family: Arial, sans-serif;\"><span style=\"font-size: small;\">, pessoa jur\u00eddica de direito privado, inscrita no CNPJ sob o n. XXXXXX, com endere\u00e7o na XXXXXXXXXXX, <\/span><\/span><span style=\"font-family: Arial, sans-serif;\"><span style=\"font-size: small;\">pelas raz\u00f5es f\u00e1ticas e jur\u00eddicas que passa a aduzir.<\/span><\/span><\/span><\/p>\n<p class=\"western\" align=\"right\"><span style=\"font-family: Times New Roman, serif;\"><span style=\"font-family: Arial, sans-serif;\"><span style=\"font-size: small;\"><br \/>\n<\/span><\/span><span style=\"font-family: Arial, sans-serif;\"><span style=\"font-size: small;\"><b>1. DO BENEF\u00cdCIO DA JUSTI\u00c7A GRATUITA<\/b><\/span><\/span><\/span><\/p>\n<p class=\"western\" align=\"justify\">\n<p class=\"western\" align=\"justify\"><span style=\"font-family: Times New Roman, serif;\"><span style=\"font-family: Arial, sans-serif;\"><span style=\"font-size: small;\"><i>Ab initio<\/i><\/span><\/span><span style=\"font-family: Arial, sans-serif;\"><span style=\"font-size: small;\">, <\/span><\/span><span style=\"font-family: Arial, sans-serif;\"><span style=\"font-size: small;\">requer a Vossa Excel\u00eancia que sejam deferidos os benef\u00edcios da assist\u00eancia judici\u00e1ria, com fundamento no art. 5\u00ba, inciso LXXIV, da CRFB\/88 e nos artigos 98 e 99 do C\u00f3digo de Processo Civil, por n\u00e3o ter o autor condi\u00e7\u00f5es de arcar com as custas processuais e honor\u00e1rios advocat\u00edcios, sem preju\u00edzo do sustento pr\u00f3prio e de sua fam\u00edlia. Ainda mais, porque esta rela\u00e7\u00e3o considera-se o consumidor a parte hipossuficiente, <\/span><\/span><span style=\"font-family: Arial, sans-serif;\"><span style=\"font-size: small;\"><b>conforme declara\u00e7\u00e3o de hipossufici\u00eancia, em anexo<\/b><\/span><\/span><span style=\"font-family: Arial, sans-serif;\"><span style=\"font-size: small;\">. <\/span><\/span><\/span><\/p>\n<p class=\"western\" align=\"justify\">\n<p class=\"western\" align=\"right\"><span style=\"font-family: Times New Roman, serif;\"><span style=\"font-family: Arial, sans-serif;\"><span style=\"font-size: small;\"><b>2. DOS FATOS<\/b><\/span><\/span><\/span><\/p>\n<p class=\"western\" align=\"justify\">\n<p class=\"western\" align=\"justify\"><span style=\"font-family: Times New Roman, serif;\"><span style=\"font-family: Arial, sans-serif;\"><span style=\"font-size: small;\">O requerente juntamente com sua esposa decidiu construir um im\u00f3vel residencial localizado na Rua XXXXX, Bairro XXXX, na cidade de XXXX, XX. <\/span><\/span><\/span><\/p>\n<p class=\"western\" align=\"justify\">\n<p class=\"western\" align=\"justify\"><span style=\"font-family: Times New Roman, serif;\"><span style=\"font-family: Arial, sans-serif;\"><span style=\"font-size: small;\">O autor j\u00e1 havia tido um problema com a r\u00e9, em raz\u00e3o da coloca\u00e7\u00e3o indevida de poste el\u00e9trico, conforme processo n\u00b0 000XXXX-XX.2019.8.05.0110, o qual tramita na 2\u00aa Vara C\u00edvel do Juizado da Comarca desta cidade. Ressalta -se que apesar da senten\u00e7a j\u00e1 ter sido prolatada com decis\u00e3o a favor da parte autora, assim como, com sido constitu\u00eddo o tr\u00e2nsito em julgado<\/span><\/span><span style=\"font-family: Arial, sans-serif;\"><span style=\"font-size: small;\"><b>, a r\u00e9 ainda n\u00e3o cumpriu a determina\u00e7\u00e3o deste ju\u00edzo. <\/b><\/span><\/span><\/span><\/p>\n<p class=\"western\" align=\"justify\">\n<p class=\"western\" align=\"justify\"><span style=\"font-family: Times New Roman, serif;\"><span style=\"font-family: Arial, sans-serif;\"><span style=\"font-size: small;\">O <\/span><\/span><span style=\"font-family: Arial, sans-serif;\"><span style=\"font-size: small;\"><u><b>que revela a conduta abusiva, desrespeitosa e as reiteradas falhas nos servi\u00e7os prestados pela demandada.<\/b><\/u><\/span><\/span> <\/span><\/p>\n<p class=\"western\" align=\"justify\">\n<p class=\"western\" align=\"justify\"><span style=\"font-family: Times New Roman, serif;\"><span style=\"font-family: Arial, sans-serif;\"><span style=\"font-size: small;\">Infelizmente, mais uma vez, o autor se viu obrigado a buscar amparo judicial. <\/span><\/span><\/span><\/p>\n<p class=\"western\" align=\"justify\">\n<p class=\"western\" align=\"justify\"><span style=\"font-family: Times New Roman, serif;\"><span style=\"font-family: Arial, sans-serif;\"><span style=\"font-size: small;\">Como narrado, o autor construiu um pr\u00e9dio residencial no endere\u00e7o j\u00e1 indicado. Algumas das unidades prediais s\u00e3o destinadas a loca\u00e7\u00e3o, aluguel. Toda a estrutura de engenheira, de rede hidr\u00e1ulica e demais itens necess\u00e1rios \u00e0 constru\u00e7\u00e3o encontram \u2013 se finalizados. Na verdade, algumas dos apartamentos j\u00e1 s\u00e3o alugados e possuem morados e fam\u00edlias.<\/span><\/span><\/span><\/p>\n<p class=\"western\" align=\"justify\">\n<p class=\"western\" align=\"justify\"><span style=\"font-family: Times New Roman, serif;\"><span style=\"font-family: Arial, sans-serif;\"><span style=\"font-size: small;\">Ocorre que, os <\/span><\/span><span style=\"font-family: Arial, sans-serif;\"><span style=\"font-size: small;\"><u><b>06 (seis) dos apartamentos est\u00e3o impedidos de serem devidamente utilizados, uma vez que a instala\u00e7\u00e3o da rede el\u00e9trica n\u00e3o foi realizada, tampouco conclu\u00edda, ou seja, encontram -se sem luz. <\/b><\/u><\/span><\/span><\/span><\/p>\n<p class=\"western\" align=\"justify\">\n<p class=\"western\" align=\"justify\"><span style=\"font-family: Arial, sans-serif;\"><span style=\"font-size: small;\"><u><b>Destaca -se: prontos para serem alugados desde dezembro de 2020.<\/b><\/u><\/span><\/span><\/p>\n<p class=\"western\" align=\"justify\">\n<p class=\"western\" align=\"justify\"><span style=\"font-family: Times New Roman, serif;\"><span style=\"font-family: Arial, sans-serif;\"><span style=\"font-size: small;\">Ressalte -se que <\/span><\/span><span style=\"font-family: Arial, sans-serif;\"><span style=\"font-size: small;\"><b>03 (tr\u00eas) das loca\u00e7\u00f5es puderam ser alugadas a partir de janeiro de 2021<\/b><\/span><\/span><span style=\"font-family: Arial, sans-serif;\"><span style=\"font-size: small;\">, visto que o <\/span><\/span><span style=\"font-family: Arial, sans-serif;\"><span style=\"font-size: small;\"><b>autor est\u00e1 utilizando parte da energia da sua empresa, que fica localizada na parte debaixo do pr\u00e9dio<\/b><\/span><\/span><span style=\"font-family: Arial, sans-serif;\"><span style=\"font-size: small;\">. Todavia, os transtornos s\u00e3o incont\u00e1veis: <\/span><\/span><span style=\"font-family: Arial, sans-serif;\"><span style=\"font-size: small;\"><b>queda de energia, tanto na empresa, quantos nos apartamentos n\u00e3o \u00e9 poss\u00edvel ligar todos os ares \u2013 condicionados de uma \u00fanica vez, ou o port\u00e3o autom\u00e1tico, ou ainda, os chuveiros el\u00e9tricos. <\/b><\/span><\/span><\/span><\/p>\n<p class=\"western\" align=\"justify\">\n<p class=\"western\" align=\"justify\"><span style=\"font-family: Times New Roman, serif;\"><span style=\"font-family: Arial, sans-serif;\"><span style=\"font-size: small;\">O <\/span><\/span><span style=\"font-family: Arial, sans-serif;\"><span style=\"font-size: small;\"><b>autor desde novembro de 2020 procura a r\u00e9 a fim de solucionar a quest\u00e3o<\/b><\/span><\/span><span style=\"font-family: Arial, sans-serif;\"><span style=\"font-size: small;\"> conforme documento anexo. Em resposta, a XXXXXX informou mediante <\/span><\/span><span style=\"font-family: Arial, sans-serif;\"><span style=\"font-size: small;\"><u><b>\u201cnotifica\u00e7\u00e3o de conformidade de projeto de terceiros\u201d, em 26 de novembro de 2020<\/b><\/u><\/span><\/span><span style=\"font-family: Arial, sans-serif;\"><span style=\"font-size: small;\">, o seguinte: <\/span><\/span><\/span><\/p>\n<p class=\"western\" align=\"justify\">\n<p class=\"western\" align=\"justify\">\u201c<span style=\"font-family: Times New Roman, serif;\"><span style=\"font-family: Arial, sans-serif;\"><span style=\"font-size: small;\">Solicitamos entrar em contato com nossa Unidade de Atendimento em at\u00e9 90 (noventa) dias antes da conclus\u00e3o da sua obra, <\/span><\/span><span style=\"font-family: Arial, sans-serif;\"><span style=\"font-size: small;\"><u><b>para formalizar a abertura de solicita\u00e7\u00e3o de inspe\u00e7\u00e3o e liga\u00e7\u00e3o<\/b><\/u><\/span><\/span><span style=\"font-family: Arial, sans-serif;\"><span style=\"font-size: small;\"> apresentando os documentos que seguem (&#8230;)\u201d (grifamos)<\/span><\/span><\/span><\/p>\n<p class=\"western\" align=\"justify\">\n<p class=\"western\" align=\"justify\"><span style=\"font-family: Times New Roman, serif;\"><span style=\"font-family: Arial, sans-serif;\"><span style=\"font-size: small;\"><b>O que foi feito.<\/b><\/span><\/span><span style=\"font-family: Arial, sans-serif;\"><span style=\"font-size: small;\"> Observando o per\u00edodo determinado pela concession\u00e1ria de 90 (noventa) dias, bem como portando os documentos elencados. <\/span><\/span><\/span><\/p>\n<p class=\"western\" align=\"justify\">\n<p class=\"western\" align=\"justify\"><span style=\"font-family: Times New Roman, serif;\"><span style=\"font-family: Arial, sans-serif;\"><span style=\"font-size: small;\">Autor buscou novamente a r\u00e9, todavia, <\/span><\/span><span style=\"font-family: Arial, sans-serif;\"><span style=\"font-size: small;\"><u><b>em 16 de janeiro de 2021, informou que o servi\u00e7o seria conclu\u00eddo em at\u00e9 60 (sessenta) dias. Novamente, n\u00e3o ocorreu<\/b><\/u><\/span><\/span><span style=\"font-family: Arial, sans-serif;\"><span style=\"font-size: small;\">.<\/span><\/span><\/span><\/p>\n<p class=\"western\" align=\"justify\">\n<p class=\"western\" align=\"justify\"><span style=\"font-family: Times New Roman, serif;\"><span style=\"font-family: Arial, sans-serif;\"><span style=\"font-size: small;\">Na <\/span><\/span><span style=\"font-family: Arial, sans-serif;\"><span style=\"font-size: small;\"><b>data de 13 de abril de 2021, o autor enviou SMS para a r\u00e9 atrav\u00e9s do n\u00famero 74 999698272<\/b><\/span><\/span><span style=\"font-family: Arial, sans-serif;\"><span style=\"font-size: small;\">, para o qual recebeu a seguinte resposta: <\/span><\/span><\/span><\/p>\n<p class=\"western\" align=\"justify\">\n<p class=\"western\" align=\"justify\">\u201c<span style=\"font-family: Times New Roman, serif;\"><span style=\"font-family: Arial, sans-serif;\"><span style=\"font-size: small;\">Informando que a obra est\u00e1 com previs\u00e3o de atendimento at\u00e9 30.06.2021. Agradecemos o seu contato, <\/span><\/span><span style=\"font-family: Arial, sans-serif;\"><span style=\"font-size: small;\"><u><b>pedimos desculpas pelo ocorrido<\/b><\/u><\/span><\/span><span style=\"font-family: Arial, sans-serif;\"><span style=\"font-size: small;\">.\u201d (grifamos)<\/span><\/span><\/span><\/p>\n<p class=\"western\" align=\"justify\">\n<p class=\"western\" align=\"justify\"><span style=\"font-family: Times New Roman, serif;\"><span style=\"font-family: Arial, sans-serif;\"><span style=\"font-size: small;\">Ora, Excel\u00eancia, <\/span><\/span><span style=\"font-family: Arial, sans-serif;\"><span style=\"font-size: small;\"><u><b>s\u00e3o mais de 04 (quatro) meses, 120 (cento e vinte) dias, SEM A LIGA\u00c7\u00c3O DA ENERGIA EL\u00c9TRICA nas unidades solicitadas<\/b><\/u><\/span><\/span><span style=\"font-family: Arial, sans-serif;\"><span style=\"font-size: small;\">. <\/span><\/span><\/span><\/p>\n<p class=\"western\" align=\"justify\">\n<p class=\"western\" align=\"justify\"><span style=\"font-family: Times New Roman, serif;\"><span style=\"font-family: Arial, sans-serif;\"><span style=\"font-size: small;\">Um verdadeiro absurdo! De forma que, a situa\u00e7\u00e3o encontra -se insustent\u00e1vel e o autor carente de socorro judicial. <\/span><\/span><\/span><\/p>\n<p class=\"western\" align=\"justify\">\n<p class=\"western\" align=\"justify\"><span style=\"font-family: Times New Roman, serif;\"><span style=\"font-family: Arial, sans-serif;\"><span style=\"font-size: small;\">Assim, diante dos <\/span><\/span><span style=\"font-family: Arial, sans-serif;\"><span style=\"font-size: small;\"><b>fatos narrados, bem como consoante documentos acostados aos autos<\/b><\/span><\/span><span style=\"font-family: Arial, sans-serif;\"><span style=\"font-size: small;\">, busca a parte autora amparo judicial. <\/span><\/span><\/span><\/p>\n<p class=\"western\" align=\"justify\">\n<p class=\"western\" align=\"right\"><span style=\"font-family: Times New Roman, serif;\"><span style=\"font-family: Arial, sans-serif;\"><span style=\"font-size: small;\"><b>3. DO DIREITO<\/b><\/span><\/span><\/span><\/p>\n<p class=\"western\" align=\"justify\">\n","protected":false},"excerpt":{"rendered":"<ul>\n<li>\u00a0N\u00famero de p\u00e1ginas: 21<\/li>\n<li>\u00a0Ano da jurisprud\u00eancia: 2019\/2020<\/li>\n<li>\u00a0\u00daltima atualiza\u00e7\u00e3o: 2021<\/li>\n<li>\u00a0Sum\u00e1rio da peti\u00e7\u00e3o: Direito do Consumidor. A\u00e7\u00e3o de Obriga\u00e7\u00e3o de Fazer. Danos Morais. Danos Materiais. Antecipa\u00e7\u00e3o de Tutela. Coelba<\/li>\n<\/ul>\n","protected":false},"featured_media":1422,"comment_status":"closed","ping_status":"closed","template":"","meta":{"_joinchat":[]},"product_brand":[],"product_cat":[111],"product_tag":[],"class_list":{"0":"post-1409","1":"product","2":"type-product","3":"status-publish","4":"has-post-thumbnail","6":"product_cat-consumidor","8":"first","9":"instock","10":"downloadable","11":"shipping-taxable","12":"purchasable","13":"product-type-simple"},"_links":{"self":[{"href":"https:\/\/juspeticoes.com.br\/site\/wp-json\/wp\/v2\/product\/1409","targetHints":{"allow":["GET"]}}],"collection":[{"href":"https:\/\/juspeticoes.com.br\/site\/wp-json\/wp\/v2\/product"}],"about":[{"href":"https:\/\/juspeticoes.com.br\/site\/wp-json\/wp\/v2\/types\/product"}],"replies":[{"embeddable":true,"href":"https:\/\/juspeticoes.com.br\/site\/wp-json\/wp\/v2\/comments?post=1409"}],"wp:featuredmedia":[{"embeddable":true,"href":"https:\/\/juspeticoes.com.br\/site\/wp-json\/wp\/v2\/media\/1422"}],"wp:attachment":[{"href":"https:\/\/juspeticoes.com.br\/site\/wp-json\/wp\/v2\/media?parent=1409"}],"wp:term":[{"taxonomy":"product_brand","embeddable":true,"href":"https:\/\/juspeticoes.com.br\/site\/wp-json\/wp\/v2\/product_brand?post=1409"},{"taxonomy":"product_cat","embeddable":true,"href":"https:\/\/juspeticoes.com.br\/site\/wp-json\/wp\/v2\/product_cat?post=1409"},{"taxonomy":"product_tag","embeddable":true,"href":"https:\/\/juspeticoes.com.br\/site\/wp-json\/wp\/v2\/product_tag?post=1409"}],"curies":[{"name":"wp","href":"https:\/\/api.w.org\/{rel}","templated":true}]}}