{"id":1397,"date":"2021-09-19T12:13:49","date_gmt":"2021-09-19T12:13:49","guid":{"rendered":"https:\/\/juspeticoes.com.br\/site\/?post_type=product&#038;p=1397"},"modified":"2021-09-23T11:35:33","modified_gmt":"2021-09-23T11:35:33","slug":"acao-de-indenizacao-por-cobranca-indevida-c-c-reparacao-por-danos-morais-companhia-aerea","status":"publish","type":"product","link":"https:\/\/juspeticoes.com.br\/site\/produto\/acao-de-indenizacao-por-cobranca-indevida-c-c-reparacao-por-danos-morais-companhia-aerea\/","title":{"rendered":"A\u00c7\u00c3O DE INDENIZA\u00c7\u00c3O POR COBRAN\u00c7A INDEVIDA C\/ C REPARA\u00c7\u00c3O POR DANOS MORAIS \u2013 COMPANHIA AEREA"},"content":{"rendered":"<h4>Confira um trecho desse modelo:<\/h4>\n<p><strong><span style=\"font-family: Calibri, serif;\">EXMO(A). SR(A). DR(A). JU\u00cdZ(A) DE DIREITO DO JUIZADO ESPECIAL C\u00cdVEL DAS <\/span><span style=\"font-family: Calibri, serif;\">RELA\u00c7\u00d5ES DE CONSUMO DA COMARCA DE XXXXXXXX<\/span><\/strong><\/p>\n<p class=\"western\" lang=\"pt-PT\" align=\"justify\"><span style=\"font-family: Calibri, serif;\"><b>XXXXXXXX,<\/b><\/span><b> <\/b><span style=\"font-family: Calibri, serif;\">brasileira,<\/span> <span style=\"font-family: Calibri, serif;\">solteira<\/span><span style=\"font-family: Calibri, serif;\">,<\/span> <span style=\"font-family: Calibri, serif;\">portadora<\/span> <span style=\"font-family: Calibri, serif;\">do<\/span> <span style=\"font-family: Calibri, serif;\">R<\/span> <span style=\"font-family: Calibri, serif;\">G n\u00ba XXXXXX, <\/span><span style=\"font-family: Calibri, serif;\">inscrita <\/span><span style=\"font-family: Calibri, serif;\">no CPF n\u00ba XXXXX, <\/span><span style=\"font-family: Calibri, serif;\">residente <\/span><span style=\"font-family: Calibri, serif;\">na Avenida XXXXXXXXXX, por sua advogada regularmente<\/span> <span style=\"font-family: Calibri, serif;\">constitu\u00edda<\/span> <span style=\"font-family: Calibri, serif;\">nos<\/span> <span style=\"font-family: Calibri, serif;\">termos<\/span> <span style=\"font-family: Calibri, serif;\">das<\/span> <span style=\"font-family: Calibri, serif;\">procura\u00e7\u00f5es,<\/span> <span style=\"font-family: Calibri, serif;\">vem,<\/span> <span style=\"font-family: Calibri, serif;\">perante<\/span> <span style=\"font-family: Calibri, serif;\">V.<\/span> <span style=\"font-family: Calibri, serif;\">Exa.<\/span> <span style=\"font-family: Calibri, serif;\">propor <\/span><span style=\"font-family: Calibri, serif;\"><b>A\u00c7\u00c3O<\/b><\/span><b> <\/b><span style=\"font-family: Calibri, serif;\"><b>DE<\/b><\/span><b> <\/b><span style=\"font-family: Calibri, serif;\"><b>INDENIZA\u00c7\u00c3O<\/b><\/span><b> <\/b><span style=\"font-family: Calibri, serif;\"><b>POR<\/b><\/span><b> <\/b><span style=\"font-family: Calibri, serif;\"><b>COBRAN\u00c7A<\/b><\/span><b> <\/b><span style=\"font-family: Calibri, serif;\"><b>INDEVIDA<\/b><\/span><b> <\/b><span style=\"font-family: Calibri, serif;\"><b>C\/<\/b><\/span><b> <\/b><span style=\"font-family: Calibri, serif;\"><b>C<\/b><\/span><b> <\/b><span style=\"font-family: Calibri, serif;\"><b>REPARA\u00c7\u00c3O<\/b><\/span><b> <\/b><span style=\"font-family: Calibri, serif;\"><b>POR DANOS MORAIS,<\/b><\/span><b> <\/b><span style=\"font-family: Calibri, serif;\">em<\/span> <span style=\"font-family: Calibri, serif;\">face<\/span> <span style=\"font-family: Calibri, serif;\">da <\/span><span style=\"font-family: Calibri, serif;\"><b>XXXXXXXXXXXXXXXX<\/b><\/span><b> <\/b><span style=\"font-family: Calibri, serif;\">inscrita <\/span> <span style=\"font-family: Calibri, serif;\">no<\/span> <span style=\"font-family: Calibri, serif;\">CNPJ<\/span> <span style=\"font-family: Calibri, serif;\">sob<\/span> <span style=\"font-family: Calibri, serif;\">o<\/span> <span style=\"font-family: Calibri, serif;\">n\u00ba XXXXXXXXXXXX, com sede na Avenida XXXXXXXXXXXX<\/span><span style=\"font-family: Calibri, serif;\">, <\/span><span style=\"font-family: Calibri, serif;\">pelos fatos, <\/span><span style=\"font-family: Calibri, serif;\">motivos <\/span><span style=\"font-family: Calibri, serif;\">e fundamentos a seguir<\/span> <span style=\"font-family: Calibri, serif;\">expostos:<\/span><\/p>\n<ol>\n<li>\n<p lang=\"pt-PT\" align=\"right\"><span style=\"font-family: Calibri, serif;\"><b>DA GRATUIDADE DE JUSTI\u00c7A<\/b><\/span><\/p>\n<\/li>\n<\/ol>\n<p class=\"western\" lang=\"pt-PT\" align=\"justify\"><span style=\"font-family: Calibri, serif;\">Inicialmente,<\/span> <span style=\"font-family: Calibri, serif;\">v\u00eam<\/span> <span style=\"font-family: Calibri, serif;\">requerer<\/span> <span style=\"font-family: Calibri, serif;\">o<\/span> <span style=\"font-family: Calibri, serif;\">benef\u00edcio<\/span> <span style=\"font-family: Calibri, serif;\">da<\/span> <span style=\"font-family: Calibri, serif;\">Gratuidade<\/span> <span style=\"font-family: Calibri, serif;\">de<\/span> <span style=\"font-family: Calibri, serif;\">Justi\u00e7a,<\/span> <span style=\"font-family: Calibri, serif;\">com<\/span> <span style=\"font-family: Calibri, serif;\">fulcro <\/span><span style=\"font-family: Calibri, serif;\">na Lei n\u00ba <\/span><span style=\"font-family: Calibri, serif;\">1.060\/50, <\/span><span style=\"font-family: Calibri, serif;\">com as altera\u00e7\u00f5es introduzidas pela Lei n\u00ba <\/span><span style=\"font-family: Calibri, serif;\">7.510\/86, <\/span><span style=\"font-family: Calibri, serif;\">por n\u00e3o <\/span><span style=\"font-family: Calibri, serif;\">terem<\/span> <span style=\"font-family: Calibri, serif;\">condi\u00e7\u00f5es<\/span> <span style=\"font-family: Calibri, serif;\">de<\/span> <span style=\"font-family: Calibri, serif;\">arcar<\/span> <span style=\"font-family: Calibri, serif;\">com<\/span> <span style=\"font-family: Calibri, serif;\">as<\/span> <span style=\"font-family: Calibri, serif;\">custas<\/span> <span style=\"font-family: Calibri, serif;\">e<\/span> <span style=\"font-family: Calibri, serif;\">honor\u00e1rios<\/span> <span style=\"font-family: Calibri, serif;\">advocat\u00edcios<\/span> <span style=\"font-family: Calibri, serif;\">sem<\/span> <span style=\"font-family: Calibri, serif;\">preju\u00edzo<\/span> <span style=\"font-family: Calibri, serif;\">de <\/span><span style=\"font-family: Calibri, serif;\">seu<\/span> <span style=\"font-family: Calibri, serif;\">pr\u00f3prio<\/span> <span style=\"font-family: Calibri, serif;\">sustento.<\/span><\/p>\n<ol start=\"2\">\n<li>\n<p class=\"western\" lang=\"pt-PT\" align=\"right\"><strong><span style=\"font-family: Calibri, serif;\">DOS FATOS<\/span><\/strong><\/p>\n<\/li>\n<\/ol>\n<p class=\"western\" lang=\"pt-PT\" align=\"justify\"><span style=\"font-family: Calibri, serif;\">No <\/span><span style=\"font-family: Calibri, serif;\">dia XX\/XX\/XXXX, <\/span><span style=\"font-family: Calibri, serif;\">atrav\u00e9s do <\/span><span style=\"font-family: Calibri, serif;\">site <\/span><span style=\"font-family: Calibri, serif;\">da R\u00e9 na internet a <\/span><span style=\"font-family: Calibri, serif;\">Autora <\/span><span style=\"font-family: Calibri, serif;\">comprou uma<\/span> <span style=\"font-family: Calibri, serif;\">passagem<\/span> <span style=\"font-family: Calibri, serif;\">XXXXX\/XXXXX<\/span> <span style=\"font-family: Calibri, serif;\">,<\/span> <span style=\"font-family: Calibri, serif;\">contudo,<\/span> <span style=\"font-family: Calibri, serif;\">finalizando<\/span> <span style=\"font-family: Calibri, serif;\">a<\/span> <span style=\"font-family: Calibri, serif;\">opera\u00e7\u00e3o<\/span> <span style=\"font-family: Calibri, serif;\">depois<\/span> <span style=\"font-family: Calibri, serif;\">de<\/span> <span style=\"font-family: Calibri, serif;\">inserir <\/span><span style=\"font-family: Calibri, serif;\">todos os dados para pagamento, ocorreu um <\/span><span style=\"font-family: Calibri, serif;\">erro <\/span><span style=\"font-family: Calibri, serif;\">no site. A autora<\/span> <span style=\"font-family: Calibri, serif;\">preocupada, ligou para a central de atendimento, onde foi informada que a compra n\u00e3o <\/span><span style=\"font-family: Calibri, serif;\">tinha <\/span><span style=\"font-family: Calibri, serif;\">sido<\/span> <span style=\"font-family: Calibri, serif;\">efetivada.<\/span> <span style=\"font-family: Calibri, serif;\">Diante<\/span> <span style=\"font-family: Calibri, serif;\">dessa<\/span> <span style=\"font-family: Calibri, serif;\">informa\u00e7\u00e3o<\/span> <span style=\"font-family: Calibri, serif;\">a<\/span> <span style=\"font-family: Calibri, serif;\">autora<\/span> <span style=\"font-family: Calibri, serif;\">tentou<\/span> <span style=\"font-family: Calibri, serif;\">novamente<\/span> <span style=\"font-family: Calibri, serif;\">fazer<\/span> <span style=\"font-family: Calibri, serif;\">a<\/span> <span style=\"font-family: Calibri, serif;\">compra <\/span><span style=\"font-family: Calibri, serif;\">pelo<\/span> <span style=\"font-family: Calibri, serif;\">site,<\/span> <span style=\"font-family: Calibri, serif;\">dessa<\/span> <span style=\"font-family: Calibri, serif;\">vez<\/span> <span style=\"font-family: Calibri, serif;\">com<\/span> <span style=\"font-family: Calibri, serif;\">sucesso.<\/span><\/p>\n<p class=\"western\" lang=\"pt-PT\" align=\"justify\"><span style=\"font-family: Calibri, serif;\">Para<\/span> <span style=\"font-family: Calibri, serif;\">surpresa<\/span> <span style=\"font-family: Calibri, serif;\">de<\/span> <span style=\"font-family: Calibri, serif;\">todos,<\/span> <span style=\"font-family: Calibri, serif;\">quando<\/span> <span style=\"font-family: Calibri, serif;\">a<\/span> <span style=\"font-family: Calibri, serif;\">autora<\/span> <span style=\"font-family: Calibri, serif;\">recebeu<\/span> <span style=\"font-family: Calibri, serif;\">na<\/span> <span style=\"font-family: Calibri, serif;\">sua<\/span> <span style=\"font-family: Calibri, serif;\">resid\u00eancia<\/span> <span style=\"font-family: Calibri, serif;\">a<\/span> <span style=\"font-family: Calibri, serif;\">fatura <\/span><span style=\"font-family: Calibri, serif;\">do cart\u00e3o de <\/span><span style=\"font-family: Calibri, serif;\">cr\u00e9dito, <\/span><span style=\"font-family: Calibri, serif;\">constatou que existia a cobran\u00e7a de duas passagens , compradas na mesma<\/span> <span style=\"font-family: Calibri, serif;\">data.<\/span><\/p>\n<p class=\"western\" lang=\"pt-PT\" align=\"justify\"><span style=\"font-family: Calibri, serif;\">A referida compra foi realizada atrav\u00e9s do cart\u00e3o de cr\u00e9dito XXXXXXX, Numero do Cart\u00e3o: XXXXXXX , parcelado em 03 vezes, de titularidade de XXXXXXXX.<\/span><\/p>\n<p class=\"western\" lang=\"pt-PT\" align=\"justify\"><span style=\"font-family: Calibri, serif;\">Ao<\/span> <span style=\"font-family: Calibri, serif;\">constatar<\/span> <span style=\"font-family: Calibri, serif;\">o<\/span> <span style=\"font-family: Calibri, serif;\">erro<\/span> <span style=\"font-family: Calibri, serif;\">a<\/span> <span style=\"font-family: Calibri, serif;\">Autora<\/span> <span style=\"font-family: Calibri, serif;\">entrou<\/span> <span style=\"font-family: Calibri, serif;\">imediatamente<\/span> <span style=\"font-family: Calibri, serif;\">em<\/span> <span style=\"font-family: Calibri, serif;\">contato<\/span> <span style=\"font-family: Calibri, serif;\">por<\/span> <span style=\"font-family: Calibri, serif;\">diversas vezes, por telefone, com a empr<\/span><span style=\"font-family: Calibri, serif;\">esa <\/span><span style=\"font-family: Calibri, serif;\">R\u00e9, sendo muito mal atendida. Depois de <\/span><span style=\"font-family: Calibri, serif;\">insistir <\/span><span style=\"font-family: Calibri, serif;\">bastante nas liga\u00e7\u00f5es<\/span> <span style=\"font-family: Calibri, serif;\">foi <\/span><span style=\"font-family: Calibri, serif;\">orientada <\/span><span style=\"font-family: Calibri, serif;\">pela atendente que o procedimento da XXXXX para cancelamento do referido bilhete seria o reembolso de apenas de 10% do valor da<\/span> <span style=\"font-family: Calibri, serif;\">passagem.<\/span><\/p>\n<p class=\"western\" lang=\"pt-PT\" align=\"justify\"><span style=\"font-family: Calibri, serif;\">Diante<\/span> <span style=\"font-family: Calibri, serif;\">destas<\/span> <span style=\"font-family: Calibri, serif;\">situa\u00e7\u00f5es<\/span> <span style=\"font-family: Calibri, serif;\">vexaminosas<\/span> <span style=\"font-family: Calibri, serif;\">e<\/span> <span style=\"font-family: Calibri, serif;\">constrangedoras<\/span> <span style=\"font-family: Calibri, serif;\">se<\/span> <span style=\"font-family: Calibri, serif;\">passam<\/span> <span style=\"font-family: Calibri, serif;\">com<\/span> <span style=\"font-family: Calibri, serif;\">a Autora<\/span> <span style=\"font-family: Calibri, serif;\">n\u00e3o<\/span> <span style=\"font-family: Calibri, serif;\">v\u00ea<\/span> <span style=\"font-family: Calibri, serif;\">outra<\/span> <span style=\"font-family: Calibri, serif;\">alternativa<\/span> <span style=\"font-family: Calibri, serif;\">sen\u00e3o<\/span> <span style=\"font-family: Calibri, serif;\">buscar<\/span> <span style=\"font-family: Calibri, serif;\">guarida<\/span> <span style=\"font-family: Calibri, serif;\">jur\u00eddica.<\/span><\/p>\n<ol start=\"3\">\n<li>\n<p class=\"western\" lang=\"pt-PT\" align=\"right\"><strong><span style=\"font-family: Calibri, serif;\">DO DIREITO<\/span><\/strong><\/p>\n<\/li>\n<\/ol>\n<p class=\"western\" lang=\"pt-PT\" align=\"justify\"><span style=\"font-family: Calibri, serif;\">O<\/span> <span style=\"font-family: Calibri, serif;\">festejado<\/span> <span style=\"font-family: Calibri, serif;\">Carlos<\/span> <span style=\"font-family: Calibri, serif;\">Alberto<\/span> <span style=\"font-family: Calibri, serif;\">Bittar,<\/span> <span style=\"font-family: Calibri, serif;\">assevera<\/span> <span style=\"font-family: Calibri, serif;\">que:<\/span> <span style=\"font-family: Calibri, serif;\"><i>&#8220;Havendo<\/i><\/span><i> <\/i><span style=\"font-family: Calibri, serif;\"><i>dano,<\/i><\/span><i> <\/i><span style=\"font-family: Calibri, serif;\"><i>produzido injustamente<\/i><\/span><i> <\/i><span style=\"font-family: Calibri, serif;\"><i>na<\/i><\/span><i> <\/i><span style=\"font-family: Calibri, serif;\"><i>esfera<\/i><\/span><i> <\/i><span style=\"font-family: Calibri, serif;\"><i>alheia,<\/i><\/span><i> <\/i><span style=\"font-family: Calibri, serif;\"><i>surge<\/i><\/span><i> <\/i><span style=\"font-family: Calibri, serif;\"><i>a<\/i><\/span><i> <\/i><span style=\"font-family: Calibri, serif;\"><i>necessidade<\/i><\/span><i> <\/i><span style=\"font-family: Calibri, serif;\"><i>de<\/i><\/span><i> <\/i><span style=\"font-family: Calibri, serif;\"><i>repara\u00e7\u00e3o,<\/i><\/span><i> <\/i><span style=\"font-family: Calibri, serif;\"><i>como<\/i><\/span><i> <\/i><span style=\"font-family: Calibri, serif;\"><i>imposi\u00e7\u00e3o natural da vida <\/i><\/span><span style=\"font-family: Calibri, serif;\"><i>em <\/i><\/span><span style=\"font-family: Calibri, serif;\"><i>sociedade <\/i><\/span><span style=\"font-family: Calibri, serif;\"><i>e, <\/i><\/span><span style=\"font-family: Calibri, serif;\"><i>exatamente, para a sua <\/i><\/span><span style=\"font-family: Calibri, serif;\"><i>pr\u00f3pria <\/i><\/span><span style=\"font-family: Calibri, serif;\"><i>exist\u00eancia e o desenvolvimento normal das potencialidades de cada ente personalizado. \u00c9 que investidas <\/i><\/span><span style=\"font-family: Calibri, serif;\"><i>il\u00edcitas <\/i><\/span><span style=\"font-family: Calibri, serif;\"><i>ou antijur\u00eddicas <\/i><\/span><span style=\"font-family: Calibri, serif;\"><i>ou circuito <\/i><\/span><span style=\"font-family: Calibri, serif;\"><i>de<\/i><\/span><i> <\/i><span style=\"font-family: Calibri, serif;\"><i>bens<\/i><\/span><i> <\/i><span style=\"font-family: Calibri, serif;\"><i>ou <\/i><\/span><span style=\"font-family: Calibri, serif;\"><i>de <\/i><\/span><span style=\"font-family: Calibri, serif;\"><i>valores alheios perturbam o fluxo tranq\u00fcilo das rela\u00e7\u00f5es sociais, exigindo, em contraponto, <\/i><\/span><span style=\"font-family: Calibri, serif;\"><i>as <\/i><\/span><span style=\"font-family: Calibri, serif;\"><i>rea\u00e7\u00f5es<\/i><\/span><i> <\/i><span style=\"font-family: Calibri, serif;\"><i>que<\/i><\/span><i> <\/i><span style=\"font-family: Calibri, serif;\"><i>o<\/i><\/span><i> <\/i><span style=\"font-family: Calibri, serif;\"><i>Direito<\/i><\/span><i> <\/i><span style=\"font-family: Calibri, serif;\"><i>engendra<\/i><\/span><i> <\/i><span style=\"font-family: Calibri, serif;\"><i>e<\/i><\/span><i> <\/i><span style=\"font-family: Calibri, serif;\"><i>formula<\/i><\/span><i> <\/i><span style=\"font-family: Calibri, serif;\"><i>para<\/i><\/span><i> <\/i><span style=\"font-family: Calibri, serif;\"><i>a<\/i><\/span><i> <\/i><span style=\"font-family: Calibri, serif;\"><i>restaura\u00e7\u00e3o<\/i><\/span><i> <\/i><span style=\"font-family: Calibri, serif;\"><i>do<\/i><\/span><i> <\/i><span style=\"font-family: Calibri, serif;\"><i>equil\u00edbrio<\/i><\/span><i> <\/i><span style=\"font-family: Calibri, serif;\"><i>rompido.?<\/i><\/span><\/p>\n<p class=\"western\" lang=\"pt-PT\" align=\"justify\"><span style=\"font-family: Calibri, serif;\">Dois,<\/span> <span style=\"font-family: Calibri, serif;\">foram<\/span> <span style=\"font-family: Calibri, serif;\">os<\/span> <span style=\"font-family: Calibri, serif;\">il\u00edcitos<\/span> <span style=\"font-family: Calibri, serif;\">cometidos<\/span> <span style=\"font-family: Calibri, serif;\">pela<\/span> <span style=\"font-family: Calibri, serif;\">R\u00e9,<\/span> <span style=\"font-family: Calibri, serif;\">vejamos: <\/span><\/p>\n<ol type=\"I\">\n<li>\n<p lang=\"pt-PT\" align=\"right\"><span style=\"font-family: Calibri, serif;\"><b>DA<\/b><\/span><b> <\/b><span style=\"font-family: Calibri, serif;\"><b>COBRAN\u00c7A<\/b><\/span><b> <\/b><span style=\"font-family: Calibri, serif;\"><b>INDEVIDA<\/b><\/span><b> <\/b><span style=\"font-family: Calibri, serif;\"><b>E<\/b><\/span><b> <\/b><span style=\"font-family: Calibri, serif;\"><b>DO<\/b><\/span><b> <\/b><span style=\"font-family: Calibri, serif;\"><b>DEVER<\/b><\/span><b> <\/b><span style=\"font-family: Calibri, serif;\"><b>DE<\/b><\/span><b> <\/b><span style=\"font-family: Calibri, serif;\"><b>INDENIZAR<\/b><\/span><\/p>\n<\/li>\n<\/ol>\n","protected":false},"excerpt":{"rendered":"<ul>\n<li>\u00a0N\u00famero de p\u00e1ginas: 7<\/li>\n<li>\u00a0\u00daltima atualiza\u00e7\u00e3o: 2021<\/li>\n<li>\u00a0Sum\u00e1rio da peti\u00e7\u00e3o: Direito do Consumidor. A\u00e7\u00e3o de Indeniza\u00e7\u00e3o por Cobran\u00e7a indevida. Danos Morais. Companhia A\u00e9rea.<\/li>\n<\/ul>\n","protected":false},"featured_media":1405,"comment_status":"closed","ping_status":"closed","template":"","meta":{"_joinchat":[]},"product_brand":[],"product_cat":[111],"product_tag":[],"class_list":{"0":"post-1397","1":"product","2":"type-product","3":"status-publish","4":"has-post-thumbnail","6":"product_cat-consumidor","8":"first","9":"instock","10":"downloadable","11":"shipping-taxable","12":"purchasable","13":"product-type-simple"},"_links":{"self":[{"href":"https:\/\/juspeticoes.com.br\/site\/wp-json\/wp\/v2\/product\/1397","targetHints":{"allow":["GET"]}}],"collection":[{"href":"https:\/\/juspeticoes.com.br\/site\/wp-json\/wp\/v2\/product"}],"about":[{"href":"https:\/\/juspeticoes.com.br\/site\/wp-json\/wp\/v2\/types\/product"}],"replies":[{"embeddable":true,"href":"https:\/\/juspeticoes.com.br\/site\/wp-json\/wp\/v2\/comments?post=1397"}],"wp:featuredmedia":[{"embeddable":true,"href":"https:\/\/juspeticoes.com.br\/site\/wp-json\/wp\/v2\/media\/1405"}],"wp:attachment":[{"href":"https:\/\/juspeticoes.com.br\/site\/wp-json\/wp\/v2\/media?parent=1397"}],"wp:term":[{"taxonomy":"product_brand","embeddable":true,"href":"https:\/\/juspeticoes.com.br\/site\/wp-json\/wp\/v2\/product_brand?post=1397"},{"taxonomy":"product_cat","embeddable":true,"href":"https:\/\/juspeticoes.com.br\/site\/wp-json\/wp\/v2\/product_cat?post=1397"},{"taxonomy":"product_tag","embeddable":true,"href":"https:\/\/juspeticoes.com.br\/site\/wp-json\/wp\/v2\/product_tag?post=1397"}],"curies":[{"name":"wp","href":"https:\/\/api.w.org\/{rel}","templated":true}]}}