{"id":1572,"date":"2021-09-21T02:26:22","date_gmt":"2021-09-21T02:26:22","guid":{"rendered":"https:\/\/juspeticoes.com.br\/site\/?page_id=1572"},"modified":"2021-09-21T02:26:23","modified_gmt":"2021-09-21T02:26:23","slug":"politica-de-privacidade","status":"publish","type":"page","link":"https:\/\/juspeticoes.com.br\/site\/politica-de-privacidade\/","title":{"rendered":"POL\u00cdTICA DE PRIVACIDADE"},"content":{"rendered":"\n<p>1 \u2013 Quando o USU\u00c1RIO realizar qualquer transa\u00e7\u00e3o no site do JUS PETI\u00c7\u00d5ES, como parte do processo de compra e venda, coletamos as informa\u00e7\u00f5es pessoais que o USU\u00c1RIO nos passa como: nome, e-mail e endere\u00e7o.<\/p>\n\n\n\n<p>2 &#8211; Quando o USU\u00c1RIO fornece informa\u00e7\u00f5es pessoais como nome, telefone e endere\u00e7o, ou demais informa\u00e7\u00f5es, o JUS PETI\u00c7\u00d5ES entende que o USU\u00c1RIO est\u00e1 de acordo com a coleta de dados para serem utilizados pela nossa empresa.<\/p>\n\n\n\n<p>3. Se o JUS PETI\u00c7\u00d5ES pedir por suas informa\u00e7\u00f5es pessoais por uma raz\u00e3o secund\u00e1ria, como marketing, vamos lhe pedir diretamente por seu consentimento, ou lhe fornecer a oportunidade negar-lhe.<\/p>\n\n\n\n<p>4. Se o USU\u00c1RIO nos fornecer dados e mudar de ideia, poder\u00e1 retirar o seu consentimento para que possamos entrar em contato, para a cole\u00e7\u00e3o de dados cont\u00ednua, uso ou divulga\u00e7\u00e3o de suas informa\u00e7\u00f5es, a qualquer momento, entrando em contato conosco em contato@juspeticoes.com.br<\/p>\n\n\n\n<p>5.O JUS PETI\u00c7\u00d5ES poder\u00e1 divulgar suas informa\u00e7\u00f5es pessoais caso sejamos obrigados pela lei para faz\u00ea-lo ou se voc\u00ea violar nossos Termos de Servi\u00e7o.<\/p>\n\n\n\n<p>6. No geral, os fornecedores terceirizados usados pelo JUS PETI\u00c7\u00d5ES apenas coletar\u00e3o, usar\u00e3o e divulgar\u00e3o suas informa\u00e7\u00f5es na medida do necess\u00e1rio para permitir que eles realizem os servi\u00e7os que eles nos forne\u00e7am.<\/p>\n\n\n\n<p>7. Os fornecedores de servi\u00e7os terceirizados, tais como gateways de pagamento e outros processadores de transa\u00e7\u00e3o de pagamento, t\u00eam suas pr\u00f3prias pol\u00edticas de privacidade com respeito \u00e0 informa\u00e7\u00e3o que somos obrigados a fornecer para eles de suas transa\u00e7\u00f5es relacionadas com compras, n\u00e3o sendo responsabilidade do JUS PETI\u00c7\u00d5ES qualquer adversidade que venha a ocorrer atrav\u00e9s dela ou realizada por estes meios.<\/p>\n\n\n\n<p>8. Para esses fornecedores, recomendamos que o USU\u00c1RIO leia suas pol\u00edticas de privacidade para que possa entender a maneira na qual suas informa\u00e7\u00f5es pessoais ser\u00e3o usadas por esses fornecedores.<\/p>\n\n\n\n<p>9. Em particular, lembre-se que alguns fornecedores podem ser localizados em ou possuir instala\u00e7\u00f5es que s\u00e3o localizadas em jurisdi\u00e7\u00f5es diferentes do USU\u00c1RIO ou do JUS PETI\u00c7\u00d5ES. Assim, se o USU\u00c1RIO quer continuar com uma transa\u00e7\u00e3o que envolve os servi\u00e7os de um fornecedor de servi\u00e7o terceirizado, ent\u00e3o suas informa\u00e7\u00f5es podem tornar-se sujeitas \u00e0s leis da(s) jurisdi\u00e7\u00e3o(\u00f5es) nas quais o fornecedor de servi\u00e7o ou suas instala\u00e7\u00f5es est\u00e3o localizados.<\/p>\n\n\n\n<p>10. Uma vez que o USU\u00c1RIO permite ao nosso site ou a nossa loja ser redirecionado para site de terceiros, para efetuar pagamentos, por exemplo, o USU\u00c1RIO n\u00e3o ser\u00e1 mais regido por essa Pol\u00edtica de Privacidade ou pelos Termos de Servi\u00e7o do nosso site.<\/p>\n\n\n\n<p>11. Quando o USU\u00c1RIO clica em links do site JUS PETI\u00c7\u00d5ES ou da loja do JUS PETI\u00c7\u00d5ES, podem lhe direcionar para fora do site. O JUS PETI\u00c7\u00d5ES n\u00e3o s\u00e3o respons\u00e1veis pelas pr\u00e1ticas de privacidade de outros sites e lhe incentivamos a ler as declara\u00e7\u00f5es de privacidade deles.<\/p>\n\n\n\n<p>12. Para proteger as informa\u00e7\u00f5es pessoais dos USU\u00c1RIOS, o JUS PETI\u00c7\u00d5ES tomam precau\u00e7\u00f5es razo\u00e1veis e seguem as melhores pr\u00e1ticas da ind\u00fastria para nos certificar que elas n\u00e3o ser\u00e3o perdidas inadequadamente, usurpadas, acessadas, divulgadas, alteradas ou destru\u00eddas.<\/p>\n\n\n\n<p>\u200b<\/p>\n\n\n\n<p>13. O site JUS PETI\u00c7\u00d5ES poder\u00e1, a qualquer tempo, alterar os conte\u00fados das disposi\u00e7\u00f5es do presente TERMO DE PRIVACIDADE sem que se fa\u00e7a necess\u00e1ria qualquer consulta ou informa\u00e7\u00e3o pr\u00e9via do USU\u00c1RIO, ficando este sujeito \u00e0s novas condi\u00e7\u00f5es destacadas do TERMO DE PRIVACIDADE vigente na ocasi\u00e3o do novo acesso.<\/p>\n","protected":false},"excerpt":{"rendered":"<p>1 \u2013 Quando o USU\u00c1RIO realizar qualquer transa\u00e7\u00e3o no site do JUS PETI\u00c7\u00d5ES, como parte do processo de compra e venda, coletamos as informa\u00e7\u00f5es pessoais que o USU\u00c1RIO nos passa como: nome, e-mail e endere\u00e7o. 2 &#8211; Quando o USU\u00c1RIO fornece informa\u00e7\u00f5es pessoais como nome, telefone e endere\u00e7o, ou demais informa\u00e7\u00f5es, o JUS PETI\u00c7\u00d5ES entende que o USU\u00c1RIO est\u00e1 de [&hellip;]<\/p>\n","protected":false},"author":1,"featured_media":0,"parent":0,"menu_order":0,"comment_status":"closed","ping_status":"closed","template":"","meta":{"_joinchat":[],"footnotes":""},"class_list":["post-1572","page","type-page","status-publish","hentry"],"_links":{"self":[{"href":"https:\/\/juspeticoes.com.br\/site\/wp-json\/wp\/v2\/pages\/1572","targetHints":{"allow":["GET"]}}],"collection":[{"href":"https:\/\/juspeticoes.com.br\/site\/wp-json\/wp\/v2\/pages"}],"about":[{"href":"https:\/\/juspeticoes.com.br\/site\/wp-json\/wp\/v2\/types\/page"}],"author":[{"embeddable":true,"href":"https:\/\/juspeticoes.com.br\/site\/wp-json\/wp\/v2\/users\/1"}],"replies":[{"embeddable":true,"href":"https:\/\/juspeticoes.com.br\/site\/wp-json\/wp\/v2\/comments?post=1572"}],"version-history":[{"count":1,"href":"https:\/\/juspeticoes.com.br\/site\/wp-json\/wp\/v2\/pages\/1572\/revisions"}],"predecessor-version":[{"id":1573,"href":"https:\/\/juspeticoes.com.br\/site\/wp-json\/wp\/v2\/pages\/1572\/revisions\/1573"}],"wp:attachment":[{"href":"https:\/\/juspeticoes.com.br\/site\/wp-json\/wp\/v2\/media?parent=1572"}],"curies":[{"name":"wp","href":"https:\/\/api.w.org\/{rel}","templated":true}]}}