{"id":143,"date":"2021-01-06T11:59:25","date_gmt":"2021-01-06T11:59:25","guid":{"rendered":"https:\/\/demo.bosathemes.com\/bosa\/marketing\/?page_id=11"},"modified":"2021-09-20T20:29:02","modified_gmt":"2021-09-20T20:29:02","slug":"faleconosco","status":"publish","type":"page","link":"https:\/\/juspeticoes.com.br\/site\/faleconosco\/","title":{"rendered":"Fale Conosco"},"content":{"rendered":"\t\t<div data-elementor-type=\"wp-page\" data-elementor-id=\"143\" class=\"elementor elementor-143\">\n\t\t\t\t\t\t<section class=\"elementor-section elementor-top-section elementor-element elementor-element-3ee4fdf7 elementor-section-boxed elementor-section-height-default elementor-section-height-default\" data-id=\"3ee4fdf7\" data-element_type=\"section\" data-settings=\"{&quot;background_background&quot;:&quot;classic&quot;}\">\n\t\t\t\t\t\t\t<div class=\"elementor-background-overlay\"><\/div>\n\t\t\t\t\t\t\t<div class=\"elementor-container elementor-column-gap-default\">\n\t\t\t\t\t<div class=\"elementor-column elementor-col-100 elementor-top-column elementor-element elementor-element-239e1ee0\" data-id=\"239e1ee0\" data-element_type=\"column\">\n\t\t\t<div class=\"elementor-widget-wrap elementor-element-populated\">\n\t\t\t\t\t\t<section class=\"elementor-section elementor-inner-section elementor-element elementor-element-2e64a63 elementor-section-boxed elementor-section-height-default elementor-section-height-default\" data-id=\"2e64a63\" data-element_type=\"section\">\n\t\t\t\t\t\t<div class=\"elementor-container elementor-column-gap-default\">\n\t\t\t\t\t<div class=\"elementor-column elementor-col-100 elementor-inner-column elementor-element elementor-element-7b319740\" data-id=\"7b319740\" data-element_type=\"column\">\n\t\t\t<div class=\"elementor-widget-wrap elementor-element-populated\">\n\t\t\t\t\t\t<div class=\"elementor-element elementor-element-1c889e1a elementor-widget elementor-widget-heading\" data-id=\"1c889e1a\" data-element_type=\"widget\" data-widget_type=\"heading.default\">\n\t\t\t\t<div class=\"elementor-widget-container\">\n\t\t\t\t\t<h2 class=\"elementor-heading-title elementor-size-default\">Fale conosco<\/h2>\t\t\t\t<\/div>\n\t\t\t\t<\/div>\n\t\t\t\t\t<\/div>\n\t\t<\/div>\n\t\t\t\t\t<\/div>\n\t\t<\/section>\n\t\t\t\t\t<\/div>\n\t\t<\/div>\n\t\t\t\t\t<\/div>\n\t\t<\/section>\n\t\t\t\t<section class=\"elementor-section elementor-top-section elementor-element elementor-element-250d633c elementor-section-boxed elementor-section-height-default elementor-section-height-default\" data-id=\"250d633c\" data-element_type=\"section\" data-settings=\"{&quot;background_background&quot;:&quot;classic&quot;}\">\n\t\t\t\t\t\t\t<div class=\"elementor-background-overlay\"><\/div>\n\t\t\t\t\t\t\t<div class=\"elementor-container elementor-column-gap-default\">\n\t\t\t\t\t<div class=\"elementor-column elementor-col-100 elementor-top-column elementor-element elementor-element-7f3162a2\" data-id=\"7f3162a2\" data-element_type=\"column\">\n\t\t\t<div class=\"elementor-widget-wrap elementor-element-populated\">\n\t\t\t\t\t\t<div class=\"elementor-element elementor-element-579fc85c elementor-invisible elementor-widget elementor-widget-sina_title\" data-id=\"579fc85c\" data-element_type=\"widget\" data-settings=\"{&quot;_animation&quot;:&quot;wobble&quot;}\" data-widget_type=\"sina_title.default\">\n\t\t\t\t<div class=\"elementor-widget-container\">\n\t\t\t\t\t\t\t<div class=\"sina-title\">\r\n\t\t\t\r\n\t\t\t\r\n\t\t\t\r\n\t\t\t\t\t\t\t<h3 class=\"sina-title-subtitle\">Preencha o formul\u00e1rio abaixo e entraremos em contato o mais breve poss\u00edvel.<\/h3>\t\t\t\r\n\t\t\t\t\t<\/div><!-- .sina-title -->\r\n\t\t\t\t\t\t<\/div>\n\t\t\t\t<\/div>\n\t\t\t\t\t<\/div>\n\t\t<\/div>\n\t\t\t\t\t<\/div>\n\t\t<\/section>\n\t\t\t\t<section class=\"elementor-section elementor-inner-section elementor-element elementor-element-7b384ed9 elementor-section-boxed elementor-section-height-default elementor-section-height-default\" data-id=\"7b384ed9\" data-element_type=\"section\" data-settings=\"{&quot;background_background&quot;:&quot;classic&quot;}\">\n\t\t\t\t\t\t<div class=\"elementor-container elementor-column-gap-default\">\n\t\t\t\t\t<div class=\"elementor-column elementor-col-50 elementor-inner-column elementor-element elementor-element-7fd3d783\" data-id=\"7fd3d783\" data-element_type=\"column\">\n\t\t\t<div class=\"elementor-widget-wrap elementor-element-populated\">\n\t\t\t\t\t\t<section class=\"elementor-section elementor-inner-section elementor-element elementor-element-1e5933e2 bosa-marketing-contact-form elementor-section-boxed elementor-section-height-default elementor-section-height-default elementor-invisible\" data-id=\"1e5933e2\" data-element_type=\"section\" data-settings=\"{&quot;background_background&quot;:&quot;classic&quot;,&quot;animation&quot;:&quot;zoomIn&quot;}\">\n\t\t\t\t\t\t\t<div class=\"elementor-background-overlay\"><\/div>\n\t\t\t\t\t\t\t<div class=\"elementor-container elementor-column-gap-default\">\n\t\t\t\t\t<div class=\"elementor-column elementor-col-100 elementor-inner-column elementor-element elementor-element-7ec29cbd\" data-id=\"7ec29cbd\" data-element_type=\"column\">\n\t\t\t<div class=\"elementor-widget-wrap elementor-element-populated\">\n\t\t\t\t\t\t<div class=\"elementor-element elementor-element-54e6e3dd elementor-position-left elementor-view-default elementor-mobile-position-top elementor-vertical-align-top elementor-widget elementor-widget-icon-box\" data-id=\"54e6e3dd\" data-element_type=\"widget\" data-widget_type=\"icon-box.default\">\n\t\t\t\t<div class=\"elementor-widget-container\">\n\t\t\t\t\t\t\t<div class=\"elementor-icon-box-wrapper\">\n\n\t\t\t\t\t\t<div class=\"elementor-icon-box-icon\">\n\t\t\t\t<span  class=\"elementor-icon\">\n\t\t\t\t<i aria-hidden=\"true\" class=\"fas fa-envelope-open-text\"><\/i>\t\t\t\t<\/span>\n\t\t\t<\/div>\n\t\t\t\n\t\t\t\t\t\t<div class=\"elementor-icon-box-content\">\n\n\t\t\t\t\t\t\t\t\t<h3 class=\"elementor-icon-box-title\">\n\t\t\t\t\t\t<span  >\n\t\t\t\t\t\t\tE-mail:\t\t\t\t\t\t<\/span>\n\t\t\t\t\t<\/h3>\n\t\t\t\t\n\t\t\t\t\t\t\t\t\t<p class=\"elementor-icon-box-description\">\n\t\t\t\t\t\tcontato@juspeticoes.com.br\t\t\t\t\t<\/p>\n\t\t\t\t\n\t\t\t<\/div>\n\t\t\t\n\t\t<\/div>\n\t\t\t\t\t\t<\/div>\n\t\t\t\t<\/div>\n\t\t\t\t<div class=\"elementor-element elementor-element-222aec8e elementor-position-left elementor-view-default elementor-mobile-position-top elementor-vertical-align-top elementor-widget elementor-widget-icon-box\" data-id=\"222aec8e\" data-element_type=\"widget\" data-widget_type=\"icon-box.default\">\n\t\t\t\t<div class=\"elementor-widget-container\">\n\t\t\t\t\t\t\t<div class=\"elementor-icon-box-wrapper\">\n\n\t\t\t\t\t\t<div class=\"elementor-icon-box-icon\">\n\t\t\t\t<span  class=\"elementor-icon\">\n\t\t\t\t<i aria-hidden=\"true\" class=\"fab fa-whatsapp\"><\/i>\t\t\t\t<\/span>\n\t\t\t<\/div>\n\t\t\t\n\t\t\t\t\t\t<div class=\"elementor-icon-box-content\">\n\n\t\t\t\t\t\t\t\t\t<h3 class=\"elementor-icon-box-title\">\n\t\t\t\t\t\t<span  >\n\t\t\t\t\t\t\tWhatsApp:\t\t\t\t\t\t<\/span>\n\t\t\t\t\t<\/h3>\n\t\t\t\t\n\t\t\t\t\t\t\t\t\t<p class=\"elementor-icon-box-description\">\n\t\t\t\t\t\t(71) 99720-1127  <br>\t\t\t\t\t<\/p>\n\t\t\t\t\n\t\t\t<\/div>\n\t\t\t\n\t\t<\/div>\n\t\t\t\t\t\t<\/div>\n\t\t\t\t<\/div>\n\t\t\t\t\t<\/div>\n\t\t<\/div>\n\t\t\t\t\t<\/div>\n\t\t<\/section>\n\t\t\t\t\t<\/div>\n\t\t<\/div>\n\t\t\t\t<div class=\"elementor-column elementor-col-50 elementor-inner-column elementor-element elementor-element-5537fcb\" data-id=\"5537fcb\" data-element_type=\"column\">\n\t\t\t<div class=\"elementor-widget-wrap elementor-element-populated\">\n\t\t\t\t\t\t<section class=\"elementor-section elementor-inner-section elementor-element elementor-element-408df0d4 bosa-marketing-contact-form elementor-section-boxed elementor-section-height-default elementor-section-height-default\" data-id=\"408df0d4\" data-element_type=\"section\" data-settings=\"{&quot;background_background&quot;:&quot;classic&quot;}\">\n\t\t\t\t\t\t\t<div class=\"elementor-background-overlay\"><\/div>\n\t\t\t\t\t\t\t<div class=\"elementor-container elementor-column-gap-default\">\n\t\t\t\t\t<div class=\"elementor-column elementor-col-100 elementor-inner-column elementor-element elementor-element-2de7237f\" data-id=\"2de7237f\" data-element_type=\"column\" data-settings=\"{&quot;background_background&quot;:&quot;classic&quot;}\">\n\t\t\t<div class=\"elementor-widget-wrap elementor-element-populated\">\n\t\t\t\t\t\t<div class=\"elementor-element elementor-element-4e171714 elementor-invisible elementor-widget elementor-widget-shortcode\" data-id=\"4e171714\" data-element_type=\"widget\" data-settings=\"{&quot;_animation&quot;:&quot;zoomIn&quot;}\" data-widget_type=\"shortcode.default\">\n\t\t\t\t<div class=\"elementor-widget-container\">\n\t\t\t\t\t\t\t<div class=\"elementor-shortcode\">\n<div class=\"wpcf7 no-js\" id=\"wpcf7-f474-o1\" lang=\"pt-BR\" dir=\"ltr\" data-wpcf7-id=\"474\">\n<div class=\"screen-reader-response\"><p role=\"status\" aria-live=\"polite\" aria-atomic=\"true\"><\/p> <ul><\/ul><\/div>\n<form action=\"\/site\/wp-json\/wp\/v2\/pages\/143#wpcf7-f474-o1\" method=\"post\" class=\"wpcf7-form init\" aria-label=\"Formul\u00e1rios de contato\" novalidate=\"novalidate\" data-status=\"init\">\n<div style=\"display: none;\">\n<input type=\"hidden\" name=\"_wpcf7\" value=\"474\" \/>\n<input type=\"hidden\" name=\"_wpcf7_version\" value=\"6.0.6\" \/>\n<input type=\"hidden\" name=\"_wpcf7_locale\" value=\"pt_BR\" \/>\n<input type=\"hidden\" name=\"_wpcf7_unit_tag\" value=\"wpcf7-f474-o1\" \/>\n<input type=\"hidden\" name=\"_wpcf7_container_post\" value=\"0\" \/>\n<input type=\"hidden\" name=\"_wpcf7_posted_data_hash\" value=\"\" \/>\n<\/div>\n<p><label> Seu Nome*<br \/>\n<span class=\"wpcf7-form-control-wrap\" data-name=\"your-name\"><input size=\"40\" maxlength=\"400\" class=\"wpcf7-form-control wpcf7-text wpcf7-validates-as-required\" aria-required=\"true\" aria-invalid=\"false\" value=\"\" type=\"text\" name=\"your-name\" \/><\/span> <\/label>\n<\/p>\n<p><label> E-mail*<br \/>\n<span class=\"wpcf7-form-control-wrap\" data-name=\"your-email\"><input size=\"40\" maxlength=\"400\" class=\"wpcf7-form-control wpcf7-email wpcf7-validates-as-required wpcf7-text wpcf7-validates-as-email\" aria-required=\"true\" aria-invalid=\"false\" value=\"\" type=\"email\" name=\"your-email\" \/><\/span> <\/label>\n<\/p>\n<p><label> Telefone\/WhatsApp*<br \/>\n<span class=\"wpcf7-form-control-wrap\" data-name=\"Telefone\"><input size=\"40\" maxlength=\"400\" class=\"wpcf7-form-control wpcf7-tel wpcf7-validates-as-required wpcf7-text wpcf7-validates-as-tel\" aria-required=\"true\" aria-invalid=\"false\" value=\"\" type=\"tel\" name=\"Telefone\" \/><\/span> <\/label>\n<\/p>\n<p><label> Assunto<br \/>\n<span class=\"wpcf7-form-control-wrap\" data-name=\"your-subject\"><input size=\"40\" maxlength=\"400\" class=\"wpcf7-form-control wpcf7-text\" aria-invalid=\"false\" value=\"\" type=\"text\" name=\"your-subject\" \/><\/span> <\/label>\n<\/p>\n<p>\u00c1rea de Atua\u00e7\u00e3o*<br \/>\n<span class=\"wpcf7-form-control-wrap\" data-name=\"areasdeatuacao\"><span class=\"wpcf7-form-control wpcf7-radio\" id=\"atuacao\"><span class=\"wpcf7-list-item first\"><label><input type=\"radio\" name=\"areasdeatuacao\" value=\"Administrativo\" checked=\"checked\" \/><span class=\"wpcf7-list-item-label\">Administrativo<\/span><\/label><\/span><span class=\"wpcf7-list-item\"><label><input type=\"radio\" name=\"areasdeatuacao\" value=\"C\u00edvel\" \/><span class=\"wpcf7-list-item-label\">C\u00edvel<\/span><\/label><\/span><span class=\"wpcf7-list-item\"><label><input type=\"radio\" name=\"areasdeatuacao\" value=\"Consumidor\" \/><span class=\"wpcf7-list-item-label\">Consumidor<\/span><\/label><\/span><span class=\"wpcf7-list-item\"><label><input type=\"radio\" name=\"areasdeatuacao\" value=\"Contratos\" \/><span class=\"wpcf7-list-item-label\">Contratos<\/span><\/label><\/span><span class=\"wpcf7-list-item\"><label><input type=\"radio\" name=\"areasdeatuacao\" value=\"Fam\u00edlia\" \/><span class=\"wpcf7-list-item-label\">Fam\u00edlia<\/span><\/label><\/span><span class=\"wpcf7-list-item\"><label><input type=\"radio\" name=\"areasdeatuacao\" value=\"Previd\u00eanci\u00e1rio\" \/><span class=\"wpcf7-list-item-label\">Previd\u00eanci\u00e1rio<\/span><\/label><\/span><span class=\"wpcf7-list-item last\"><label><input type=\"radio\" name=\"areasdeatuacao\" value=\"Tribut\u00e1rio\" \/><span class=\"wpcf7-list-item-label\">Tribut\u00e1rio<\/span><\/label><\/span><\/span><\/span>\n<\/p>\n<p><label> Or\u00e7amento\/d\u00favidas<br \/>\n<span class=\"wpcf7-form-control-wrap\" data-name=\"your-message\"><textarea cols=\"40\" rows=\"10\" maxlength=\"2000\" class=\"wpcf7-form-control wpcf7-textarea wpcf7-validates-as-required\" aria-required=\"true\" aria-invalid=\"false\" name=\"your-message\"><\/textarea><\/span> <\/label>\n<\/p>\n<p><input class=\"wpcf7-form-control wpcf7-submit has-spinner\" type=\"submit\" value=\"Enviar\" \/>\n<\/p><div class=\"wpcf7-response-output\" aria-hidden=\"true\"><\/div>\n<\/form>\n<\/div>\n<\/div>\n\t\t\t\t\t\t<\/div>\n\t\t\t\t<\/div>\n\t\t\t\t\t<\/div>\n\t\t<\/div>\n\t\t\t\t\t<\/div>\n\t\t<\/section>\n\t\t\t\t\t<\/div>\n\t\t<\/div>\n\t\t\t\t\t<\/div>\n\t\t<\/section>\n\t\t\t\t<section class=\"elementor-section elementor-top-section elementor-element elementor-element-df030d6 elementor-section-boxed elementor-section-height-default elementor-section-height-default\" data-id=\"df030d6\" data-element_type=\"section\">\n\t\t\t\t\t\t<div class=\"elementor-container elementor-column-gap-default\">\n\t\t\t\t\t<div class=\"elementor-column elementor-col-100 elementor-top-column elementor-element elementor-element-4db2983\" data-id=\"4db2983\" data-element_type=\"column\">\n\t\t\t<div class=\"elementor-widget-wrap elementor-element-populated\">\n\t\t\t\t\t\t<div class=\"elementor-element elementor-element-216d1b5 elementor-widget elementor-widget-sina_posts_carousel\" data-id=\"216d1b5\" data-element_type=\"widget\" data-widget_type=\"sina_posts_carousel.default\">\n\t\t\t\t<div class=\"elementor-widget-container\">\n\t\t\t\t\t\t\t\t<div class=\"sina-posts-carousel owl-carousel\"\r\n\t\t\tdata-item-lg=\"2\"\r\n\t\t\tdata-item-md=\"2\"\r\n\t\t\tdata-item-sm=\"1\"\r\n\t\t\tdata-autoplay=\"yes\"\r\n\t\t\tdata-pause=\"yes\"\r\n\t\t\tdata-center=\"\"\r\n\t\t\tdata-slide-anim=\"\"\r\n\t\t\tdata-slide-anim-out=\"\"\r\n\t\t\tdata-nav=\"yes\"\r\n\t\t\tdata-dots=\"yes\"\r\n\t\t\tdata-mouse-drag=\"yes\"\r\n\t\t\tdata-touch-drag=\"yes\"\r\n\t\t\tdata-loop=\"yes\"\r\n\t\t\tdata-speed=\"500\"\r\n\t\t\tdata-delay=\"5000\">\r\n\t\t\t\t\t\t\t\t\t\t\t\t\t\t\t<div class=\"sina-pc-thumb sina-bg-cover sina-flex\"\r\n\t\t\tstyle=\"background-image: url(https:\/\/juspeticoes.com.br\/site\/wp-content\/uploads\/2021\/01\/systemuploadsnews08d7fa00e9d486de1cf-700x460xfit-a9021.jpg);\"\r\n\t>\r\n\t<div class=\"sina-overlay\"><\/div>\r\n\t<div class=\"sina-pc-content\">\r\n\t\t\t\t\t\t<h2 class=\"sina-pc-title\">\r\n\t\t\t<a href=\"https:\/\/juspeticoes.com.br\/site\/2021\/01\/07\/quem-recebeu-auxilio-emergencial-em-2020-deve-declarar-no-imposto-de-renda-pessoa-fisica\/\">Quem recebeu Aux\u00edlio Emergencial em 2020 deve declarar no Imposto de Renda Pessoa F\u00edsica?<\/a>\r\n\t\t<\/h2>\r\n\t\t\t\t\r\n\t\t\t<\/div>\r\n<\/div>\t\t\t\t\t\t\t\t\t\t\t\t\t\t\t\t\t\t\t\t<div class=\"sina-pc-thumb sina-bg-cover sina-flex\"\r\n\t\t\tstyle=\"background-image: url(https:\/\/juspeticoes.com.br\/site\/wp-content\/uploads\/2021\/01\/WhatsApp-Image-2021-03-16-at-17.58.44.jpeg);\"\r\n\t>\r\n\t<div class=\"sina-overlay\"><\/div>\r\n\t<div class=\"sina-pc-content\">\r\n\t\t\t\t\t\t<h2 class=\"sina-pc-title\">\r\n\t\t\t<a href=\"https:\/\/juspeticoes.com.br\/site\/2021\/01\/07\/how-to-start-a-home-based-business\/\">Os reflexos da decis\u00e3o do STF que firmou entendimento sobre o momento correto para a exigibilidade do Imposto sobre Transmiss\u00e3o de Bens Im\u00f3veis (ITBI)<\/a>\r\n\t\t<\/h2>\r\n\t\t\t\t\r\n\t\t\t<\/div>\r\n<\/div>\t\t\t\t\t\t\t\t\t\t\t\t<\/div><!-- .sina-posts-carousel -->\r\n\t\t\t\t\t\t\t<\/div>\n\t\t\t\t<\/div>\n\t\t\t\t\t<\/div>\n\t\t<\/div>\n\t\t\t\t\t<\/div>\n\t\t<\/section>\n\t\t\t\t<\/div>\n\t\t","protected":false},"excerpt":{"rendered":"<p>Fale conosco Preencha o formul\u00e1rio abaixo e entraremos em contato o mais breve poss\u00edvel. E-mail: contato@juspeticoes.com.br WhatsApp: (71) 99720-1127 Quem recebeu Aux\u00edlio Emergencial em 2020 deve declarar no Imposto de Renda Pessoa F\u00edsica? Os reflexos da decis\u00e3o do STF que firmou entendimento sobre o momento correto para a exigibilidade do Imposto sobre Transmiss\u00e3o de Bens Im\u00f3veis (ITBI)<\/p>\n","protected":false},"author":1,"featured_media":0,"parent":0,"menu_order":0,"comment_status":"closed","ping_status":"closed","template":"elementor_header_footer","meta":{"_joinchat":[],"footnotes":""},"class_list":["post-143","page","type-page","status-publish","hentry"],"_links":{"self":[{"href":"https:\/\/juspeticoes.com.br\/site\/wp-json\/wp\/v2\/pages\/143","targetHints":{"allow":["GET"]}}],"collection":[{"href":"https:\/\/juspeticoes.com.br\/site\/wp-json\/wp\/v2\/pages"}],"about":[{"href":"https:\/\/juspeticoes.com.br\/site\/wp-json\/wp\/v2\/types\/page"}],"author":[{"embeddable":true,"href":"https:\/\/juspeticoes.com.br\/site\/wp-json\/wp\/v2\/users\/1"}],"replies":[{"embeddable":true,"href":"https:\/\/juspeticoes.com.br\/site\/wp-json\/wp\/v2\/comments?post=143"}],"version-history":[{"count":42,"href":"https:\/\/juspeticoes.com.br\/site\/wp-json\/wp\/v2\/pages\/143\/revisions"}],"predecessor-version":[{"id":1528,"href":"https:\/\/juspeticoes.com.br\/site\/wp-json\/wp\/v2\/pages\/143\/revisions\/1528"}],"wp:attachment":[{"href":"https:\/\/juspeticoes.com.br\/site\/wp-json\/wp\/v2\/media?parent=143"}],"curies":[{"name":"wp","href":"https:\/\/api.w.org\/{rel}","templated":true}]}}